{"id":7874,"date":"2025-12-12T15:04:59","date_gmt":"2025-12-12T21:04:59","guid":{"rendered":"https:\/\/libreriahistoriasdebolsillo.com\/?post_type=product&#038;p=7874"},"modified":"2025-12-27T14:21:41","modified_gmt":"2025-12-27T20:21:41","slug":"sangre-turbia","status":"publish","type":"product","link":"https:\/\/libreriahistoriasdebolsillo.com\/index.php\/producto\/sangre-turbia\/","title":{"rendered":"Sangre turbia"},"content":{"rendered":"<div class=\"justify\">\n<p><b>\u00abUn relato magistral a cargo de un estilista prodigioso.\u00bb Stephen King<\/b><\/p>\n<\/div>\n<div class=\"justify\">\n<p><b>\u00abUna serie polic\u00edaca genial. Espl\u00e9ndida.\u00bb<\/b>\u00a0<b>Sunday<\/b>\u00a0<b>Mirror<\/b><\/p>\n<p>Mientras se halla en Cornualles visitando a su t\u00eda Joan, que padece un c\u00e1ncer terminal, el\u00a0<b>detective privado<\/b>\u00a0<b>Cormoran<\/b><b>\u00a0Strike<\/b>\u00a0es abordado en plena calle por una mujer que le pide ayuda para encontrar a su madre, Margot Bamborough, una m\u00e9dica de familia desaparecida en 1974 en extra\u00f1as circunstancias. Pese a que nunca se han enfrentado a un suceso ocurrido tantos a\u00f1os atr\u00e1s y a ser conscientes de las escasas posibilidades de \u00e9xito, Cormoran Strike y su compa\u00f1era en la agencia Robin Ellacott, que sigue atrapada entre un divorcio tormentoso y sus sentimientos hacia Cormoran, acaban aceptando el caso. A medida que se van sumergiendo en la\u00a0<b>investigaci\u00f3n<\/b>, los dos detectives se topan con una historia de gran complejidad en la que, entre\u00a0<b>cartas del tarot<\/b>\u00a0y\u00a0<b>libros de ocultismo<\/b>, un\u00a0<b>asesino<\/b>\u00a0en serie con impulsos s\u00e1dicos y testigos poco de fiar, acabar\u00e1n descubriendo que un hecho del pasado puede tener devastadoras ramificaciones en el presente.\u00a0<i>Sa<\/i><i>n<\/i><i>gre turbia<\/i>, un deslumbrante laberinto \u00e9pico que ha vendido m\u00e1s de cinco millones de ejemplares en un a\u00f1o, nos ofrece la \u00faltima aventura de Cormoran Strike y Robin Ellacott.<\/p>\n<\/div>\n","protected":false},"excerpt":{"rendered":"<p>Robert Galbraith es un seud\u00f3nimo de J. K. Rowling<br \/>\n816<\/p>\n","protected":false},"featured_media":7875,"template":"","meta":{"_joinchat":[]},"product_brand":[],"product_cat":[37],"product_tag":[34],"class_list":{"0":"post-7874","1":"product","2":"type-product","3":"status-publish","4":"has-post-thumbnail","6":"product_cat-misterio-y-thriller","7":"product_tag-penguin-random-house","9":"first","10":"instock","11":"shipping-taxable","12":"purchasable","13":"product-type-simple"},"_links":{"self":[{"href":"https:\/\/libreriahistoriasdebolsillo.com\/index.php\/wp-json\/wp\/v2\/product\/7874","targetHints":{"allow":["GET"]}}],"collection":[{"href":"https:\/\/libreriahistoriasdebolsillo.com\/index.php\/wp-json\/wp\/v2\/product"}],"about":[{"href":"https:\/\/libreriahistoriasdebolsillo.com\/index.php\/wp-json\/wp\/v2\/types\/product"}],"wp:featuredmedia":[{"embeddable":true,"href":"https:\/\/libreriahistoriasdebolsillo.com\/index.php\/wp-json\/wp\/v2\/media\/7875"}],"wp:attachment":[{"href":"https:\/\/libreriahistoriasdebolsillo.com\/index.php\/wp-json\/wp\/v2\/media?parent=7874"}],"wp:term":[{"taxonomy":"product_brand","embeddable":true,"href":"https:\/\/libreriahistoriasdebolsillo.com\/index.php\/wp-json\/wp\/v2\/product_brand?post=7874"},{"taxonomy":"product_cat","embeddable":true,"href":"https:\/\/libreriahistoriasdebolsillo.com\/index.php\/wp-json\/wp\/v2\/product_cat?post=7874"},{"taxonomy":"product_tag","embeddable":true,"href":"https:\/\/libreriahistoriasdebolsillo.com\/index.php\/wp-json\/wp\/v2\/product_tag?post=7874"}],"curies":[{"name":"wp","href":"https:\/\/api.w.org\/{rel}","templated":true}]}}