{"id":7876,"date":"2025-12-12T15:07:14","date_gmt":"2025-12-12T21:07:14","guid":{"rendered":"https:\/\/libreriahistoriasdebolsillo.com\/?post_type=product&#038;p=7876"},"modified":"2025-12-27T14:23:12","modified_gmt":"2025-12-27T20:23:12","slug":"las-mil-naves","status":"publish","type":"product","link":"https:\/\/libreriahistoriasdebolsillo.com\/index.php\/producto\/las-mil-naves\/","title":{"rendered":"Las mil naves"},"content":{"rendered":"<div class=\"justify\">\n<p><b>La guerra de troya como jam\u00e1s la has le\u00eddo.<\/b><\/p>\n<p><b>Cercana al estilo y las formas del relato \u00e9pico, dotada de un lenguaje fresco y elegante, ritmo vibrante y estudiadas dosis de iron\u00eda,<\/b>\u00a0<i><b>Las mil naves<\/b><\/i>\u00a0<b>es una novela coral que narra uno de los momentos fundacionales de la literatura occidental a trav\u00e9s de los ojos, las voces y los sentimientos de sus legendarias hero\u00ednas.<\/b><\/p>\n<p><b>Finalista del<\/b>\u00a0<b>Women\u2019s<\/b>\u00a0<b>Prize<\/b>\u00a0<b>for<\/b>\u00a0<b>Fiction y una de las novelas del a\u00f1o seg\u00fan<\/b>\u00a0<i><b>The Guardian<\/b><\/i><b>,<\/b>\u00a0<i><b>TLS<\/b><\/i>\u00a0<b>y<\/b>\u00a0<b>NPR.<\/b><\/p>\n<\/div>\n<div class=\"justify\">\n<p><i>Las mil naves<\/i>\u00a0aborda la\u00a0<b>guerra de Troya<\/b>\u00a0desde una perspectiva absolutamente in\u00e9dita: muchos siglos despu\u00e9s de la composici\u00f3n de los poemas hom\u00e9ricos, la musa Cal\u00edope, insatisfecha con el vate, decide tomar la voz de nuevo para reescribir la historia a su manera y referir los hechos desde el\u00a0<b>punto de vista de las mujeres<\/b>\u00a0atrapadas en el conflicto, sometidas a la voluntad de los dioses, conscientes de haber perdido a la vez la libertad, la esperanza y la familia.<\/p>\n<p>En mitad de la noche, una joven solitaria corre a trav\u00e9s de una ciudad envuelta en llamas. Fuera de sus murallas, la reina H\u00e9cabe y sus s\u00fabditos aguardan un futuro incierto.\u00a0<b>Es la ca\u00edda de Troya<\/b>.<\/p>\n<p>Diez interminables a\u00f1os de contienda han llegado a su fin, mientras que las aventuras de los protagonistas inspirar\u00e1n la imaginaci\u00f3n en siglos venideros. \u00abCanta, musa\u00bb, invoca Homero al relatar las haza\u00f1as de los h\u00e9roes. Pero\u00a0<b>Cal\u00edope<\/b>, la deidad de la\u00a0<b>poes\u00eda \u00e9pica<\/b>, no est\u00e1 dispuesta a transigir con esa versi\u00f3n, convencida de que no todo ha sido explicado, de que falta un elemento fundamental, ligado a las figuras femeninas, para completar el fresco. Aqu\u00ed encontramos a\u00a0<b>Andr\u00f3maca<\/b>,\u00a0<b>Casandra<\/b>,\u00a0<b>Pentesilea<\/b>\u00a0o\u00a0<b>Clitemnestra<\/b>, que pasan a un primer plano, con sus pensamientos, las complicadas\u00a0<b>implicaciones psicol\u00f3gicas<\/b>\u00a0de sus elecciones, la sed de venganza, la soledad y la dignidad ante la muerte.<\/p>\n<\/div>\n","protected":false},"excerpt":{"rendered":"<p>Natalie Haynes<br \/>\n400 p\u00e1ginas<\/p>\n","protected":false},"featured_media":7877,"template":"","meta":{"_joinchat":[]},"product_brand":[],"product_cat":[39],"product_tag":[34],"class_list":{"0":"post-7876","1":"product","2":"type-product","3":"status-publish","4":"has-post-thumbnail","6":"product_cat-fantasia","7":"product_tag-penguin-random-house","9":"first","10":"instock","11":"shipping-taxable","12":"purchasable","13":"product-type-simple"},"_links":{"self":[{"href":"https:\/\/libreriahistoriasdebolsillo.com\/index.php\/wp-json\/wp\/v2\/product\/7876","targetHints":{"allow":["GET"]}}],"collection":[{"href":"https:\/\/libreriahistoriasdebolsillo.com\/index.php\/wp-json\/wp\/v2\/product"}],"about":[{"href":"https:\/\/libreriahistoriasdebolsillo.com\/index.php\/wp-json\/wp\/v2\/types\/product"}],"wp:featuredmedia":[{"embeddable":true,"href":"https:\/\/libreriahistoriasdebolsillo.com\/index.php\/wp-json\/wp\/v2\/media\/7877"}],"wp:attachment":[{"href":"https:\/\/libreriahistoriasdebolsillo.com\/index.php\/wp-json\/wp\/v2\/media?parent=7876"}],"wp:term":[{"taxonomy":"product_brand","embeddable":true,"href":"https:\/\/libreriahistoriasdebolsillo.com\/index.php\/wp-json\/wp\/v2\/product_brand?post=7876"},{"taxonomy":"product_cat","embeddable":true,"href":"https:\/\/libreriahistoriasdebolsillo.com\/index.php\/wp-json\/wp\/v2\/product_cat?post=7876"},{"taxonomy":"product_tag","embeddable":true,"href":"https:\/\/libreriahistoriasdebolsillo.com\/index.php\/wp-json\/wp\/v2\/product_tag?post=7876"}],"curies":[{"name":"wp","href":"https:\/\/api.w.org\/{rel}","templated":true}]}}