{"id":7878,"date":"2025-12-12T15:10:41","date_gmt":"2025-12-12T21:10:41","guid":{"rendered":"https:\/\/libreriahistoriasdebolsillo.com\/?post_type=product&#038;p=7878"},"modified":"2026-03-26T14:15:35","modified_gmt":"2026-03-26T20:15:35","slug":"xenogenesis-1-3-la-estirpe-de-lilith","status":"publish","type":"product","link":"https:\/\/libreriahistoriasdebolsillo.com\/index.php\/producto\/xenogenesis-1-3-la-estirpe-de-lilith\/","title":{"rendered":"Xenogenesis 1-3. La estirpe de Lilith"},"content":{"rendered":"<div class=\"justify\">\n<p><b>LA TRILOG\u00cdA OLVIDADA DE LA GRAN DAMA DE LA CIENCIA FICCI\u00d3N.<\/b><\/p>\n<\/div>\n<div class=\"justify\">\n<p>Treinta a\u00f1os despu\u00e9s de su publicaci\u00f3n original en castellano, y por primera vez reunida en un solo volumen bajo el t\u00edtulo com\u00fan\u00a0<b>La estirpe de Lilith<\/b>, vuelve a las librer\u00edas la\u00a0<b>Tr<\/b><b>ilog\u00eda Xenog\u00e9nesis<\/b>, dispuesta a reivindicar a\u00a0<b>Octavia E. Butler\u00a0<\/b>como la gran pionera que deslumbr\u00f3 en\u00a0<b>ciencia ficci\u00f3n<\/b>\u00a0siendo una\u00a0<b>mujer negra<\/b>. Hoy se la considera la primera escritora afroamericana de g\u00e9nero en incorporarse al canon de la literatura norteamericana.<\/p>\n<p><b>Lilith Iyapo<\/b>\u00a0despierta en una\u00a0<b>nave espacial<\/b>\u00a0oankali, la\u00a0<b>raza alien\u00edgena<\/b>\u00a0que salv\u00f3 a la humanidad de la extinci\u00f3n despu\u00e9s de que la Tierra quedase devastada a causa de una\u00a0<b>guerra nuclear.<\/b>\u00a0Estos seres han mantenido a Lilith y a otros supervivientes dormidos en animaci\u00f3n suspendida durante siglos. Ella ser\u00e1\u00a0<b>la elegida<\/b>\u00a0que guiar\u00e1 a los suyos de vuelta a su propio planeta, ahora dominado por la naturaleza salvaje, para que aprendan a vivir en \u00e9l y se conviertan en la semilla de una\u00a0<b>nueva estirpe<\/b>. Pero todo intercambio tiene una contrapartida: su\u00a0<b>descendenci<\/b>a no ser\u00e1 humana. O no exactamente. Bienvenidos a la poderosa epopeya interplanetaria que ha convertido a Octavia E. Butler en un mito.<\/p>\n<\/div>\n","protected":false},"excerpt":{"rendered":"<p>Octavia E. Butler<br \/>\n928 p\u00e1ginas<\/p>\n","protected":false},"featured_media":7879,"template":"","meta":{"_joinchat":[]},"product_brand":[],"product_cat":[40],"product_tag":[34],"class_list":{"0":"post-7878","1":"product","2":"type-product","3":"status-publish","4":"has-post-thumbnail","6":"product_cat-ciencia-ficcion","7":"product_tag-penguin-random-house","9":"first","10":"outofstock","11":"shipping-taxable","12":"purchasable","13":"product-type-simple"},"_links":{"self":[{"href":"https:\/\/libreriahistoriasdebolsillo.com\/index.php\/wp-json\/wp\/v2\/product\/7878","targetHints":{"allow":["GET"]}}],"collection":[{"href":"https:\/\/libreriahistoriasdebolsillo.com\/index.php\/wp-json\/wp\/v2\/product"}],"about":[{"href":"https:\/\/libreriahistoriasdebolsillo.com\/index.php\/wp-json\/wp\/v2\/types\/product"}],"wp:featuredmedia":[{"embeddable":true,"href":"https:\/\/libreriahistoriasdebolsillo.com\/index.php\/wp-json\/wp\/v2\/media\/7879"}],"wp:attachment":[{"href":"https:\/\/libreriahistoriasdebolsillo.com\/index.php\/wp-json\/wp\/v2\/media?parent=7878"}],"wp:term":[{"taxonomy":"product_brand","embeddable":true,"href":"https:\/\/libreriahistoriasdebolsillo.com\/index.php\/wp-json\/wp\/v2\/product_brand?post=7878"},{"taxonomy":"product_cat","embeddable":true,"href":"https:\/\/libreriahistoriasdebolsillo.com\/index.php\/wp-json\/wp\/v2\/product_cat?post=7878"},{"taxonomy":"product_tag","embeddable":true,"href":"https:\/\/libreriahistoriasdebolsillo.com\/index.php\/wp-json\/wp\/v2\/product_tag?post=7878"}],"curies":[{"name":"wp","href":"https:\/\/api.w.org\/{rel}","templated":true}]}}