{"id":7880,"date":"2025-12-12T15:14:12","date_gmt":"2025-12-12T21:14:12","guid":{"rendered":"https:\/\/libreriahistoriasdebolsillo.com\/?post_type=product&#038;p=7880"},"modified":"2026-04-16T10:13:48","modified_gmt":"2026-04-16T16:13:48","slug":"momo-edicion-50-aniversario-tapa-dura","status":"publish","type":"product","link":"https:\/\/libreriahistoriasdebolsillo.com\/index.php\/producto\/momo-edicion-50-aniversario-tapa-dura\/","title":{"rendered":"Momo Edici\u00f3n 50 aniversario (Tapa dura)"},"content":{"rendered":"<div class=\"justify\">\n<p><b>EDICI\u00d3N DE ANIVERSARIO N\u00daMERO 50 CON ILUSTRACIONES A COLOR DE AYESHA L. RUBIO<\/b><\/p>\n<\/div>\n<div class=\"justify\">\n<p>PORQUE EL TIEMPO ES VIDA, Y LA VIDA RESIDE EN EL CORAZ\u00d3N.<\/p>\n<p>Momo es una ni\u00f1a muy especial que posee la maravillosa cualidad de hacer sentir bien a todo aquel que la escucha. Pero la llegada de los hombres grises, que pretenden apoderarse del tiempo de las personas, va a cambiar su vida.<\/p>\n<p>Ella ser\u00e1 la \u00fanica en no dejarse enga\u00f1ar por ellos y, con la ayuda de la tortuga Casiopea y del Maestro Hora, emprender\u00e1 una aventura fant\u00e1stica contra estos ladrones de tiempo.<\/p>\n<\/div>\n","protected":false},"excerpt":{"rendered":"<p>Michael Ende<br \/>\n320 p\u00e1ginas<\/p>\n","protected":false},"featured_media":7881,"template":"","meta":{"_joinchat":[]},"product_brand":[],"product_cat":[54,52],"product_tag":[34],"class_list":{"0":"post-7880","1":"product","2":"type-product","3":"status-publish","4":"has-post-thumbnail","6":"product_cat-infantil","7":"product_cat-juvenil","8":"product_tag-penguin-random-house","10":"first","11":"instock","12":"shipping-taxable","13":"purchasable","14":"product-type-simple"},"_links":{"self":[{"href":"https:\/\/libreriahistoriasdebolsillo.com\/index.php\/wp-json\/wp\/v2\/product\/7880","targetHints":{"allow":["GET"]}}],"collection":[{"href":"https:\/\/libreriahistoriasdebolsillo.com\/index.php\/wp-json\/wp\/v2\/product"}],"about":[{"href":"https:\/\/libreriahistoriasdebolsillo.com\/index.php\/wp-json\/wp\/v2\/types\/product"}],"wp:featuredmedia":[{"embeddable":true,"href":"https:\/\/libreriahistoriasdebolsillo.com\/index.php\/wp-json\/wp\/v2\/media\/7881"}],"wp:attachment":[{"href":"https:\/\/libreriahistoriasdebolsillo.com\/index.php\/wp-json\/wp\/v2\/media?parent=7880"}],"wp:term":[{"taxonomy":"product_brand","embeddable":true,"href":"https:\/\/libreriahistoriasdebolsillo.com\/index.php\/wp-json\/wp\/v2\/product_brand?post=7880"},{"taxonomy":"product_cat","embeddable":true,"href":"https:\/\/libreriahistoriasdebolsillo.com\/index.php\/wp-json\/wp\/v2\/product_cat?post=7880"},{"taxonomy":"product_tag","embeddable":true,"href":"https:\/\/libreriahistoriasdebolsillo.com\/index.php\/wp-json\/wp\/v2\/product_tag?post=7880"}],"curies":[{"name":"wp","href":"https:\/\/api.w.org\/{rel}","templated":true}]}}