{"id":7882,"date":"2025-12-12T15:16:43","date_gmt":"2025-12-12T21:16:43","guid":{"rendered":"https:\/\/libreriahistoriasdebolsillo.com\/?post_type=product&#038;p=7882"},"modified":"2026-02-26T17:15:59","modified_gmt":"2026-02-26T23:15:59","slug":"vladimir","status":"publish","type":"product","link":"https:\/\/libreriahistoriasdebolsillo.com\/index.php\/producto\/vladimir\/","title":{"rendered":"Vladimir"},"content":{"rendered":"<div class=\"justify\">\n<p><b>I PREMIO LUMEN DE NOVELA<\/b><\/p>\n<p>\u00abUno de esos libros que no te da tregua\u00bb.<\/p>\n<p>El\u00edsabet Benavent<\/p>\n<\/div>\n<div class=\"justify\">\n<p>Guinea ve truncada su carrera como profesora en una universidad de Estados Unidos tras salir a la luz su relaci\u00f3n con un alumno mucho m\u00e1s joven que ella. Huyendo del esc\u00e1ndalo y en busca de una nueva vida llega al aeropuerto de Buenos Aires, donde descubre que se ha producido un apag\u00f3n general. Con el tel\u00e9fono sin red, es incapaz de localizar su destino. Un hombre inquietantemente amable la conduce por la ciudad y le propone alojarse con \u00e9l y con su hijo adolescente, Vladimir, mientras contin\u00fae la situaci\u00f3n. Sin combustible ni alimentos, la calle se vuelve un escenario peligroso: todos contra todos. Sin embargo, la mayor violencia late invisible dentro de la casa donde los tres conviven junto a dos perros. Guinea y Vladimir sienten pronto una complicidad que los enfrenta al padre. Otra vez un deseo turbio que ordena y produce el caos, un deseo m\u00e1s fuerte que la sangre y el amor.<\/p>\n<p><i>Vladimir<\/i>\u00a0es una novela profundamente perturbadora, un thriller emocional y er\u00f3tico en el contexto de un mundo que se apaga.<\/p>\n<\/div>\n","protected":false},"excerpt":{"rendered":"<p>Leticia Martin<br \/>\n184 p\u00e1ginas<\/p>\n","protected":false},"featured_media":7883,"template":"","meta":{"_joinchat":[]},"product_brand":[],"product_cat":[33,51],"product_tag":[34],"class_list":{"0":"post-7882","1":"product","2":"type-product","3":"status-publish","4":"has-post-thumbnail","6":"product_cat-ficcion-general","7":"product_cat-oferta","8":"product_tag-penguin-random-house","10":"first","11":"instock","12":"sale","13":"shipping-taxable","14":"purchasable","15":"product-type-simple"},"_links":{"self":[{"href":"https:\/\/libreriahistoriasdebolsillo.com\/index.php\/wp-json\/wp\/v2\/product\/7882","targetHints":{"allow":["GET"]}}],"collection":[{"href":"https:\/\/libreriahistoriasdebolsillo.com\/index.php\/wp-json\/wp\/v2\/product"}],"about":[{"href":"https:\/\/libreriahistoriasdebolsillo.com\/index.php\/wp-json\/wp\/v2\/types\/product"}],"wp:featuredmedia":[{"embeddable":true,"href":"https:\/\/libreriahistoriasdebolsillo.com\/index.php\/wp-json\/wp\/v2\/media\/7883"}],"wp:attachment":[{"href":"https:\/\/libreriahistoriasdebolsillo.com\/index.php\/wp-json\/wp\/v2\/media?parent=7882"}],"wp:term":[{"taxonomy":"product_brand","embeddable":true,"href":"https:\/\/libreriahistoriasdebolsillo.com\/index.php\/wp-json\/wp\/v2\/product_brand?post=7882"},{"taxonomy":"product_cat","embeddable":true,"href":"https:\/\/libreriahistoriasdebolsillo.com\/index.php\/wp-json\/wp\/v2\/product_cat?post=7882"},{"taxonomy":"product_tag","embeddable":true,"href":"https:\/\/libreriahistoriasdebolsillo.com\/index.php\/wp-json\/wp\/v2\/product_tag?post=7882"}],"curies":[{"name":"wp","href":"https:\/\/api.w.org\/{rel}","templated":true}]}}