{"id":7890,"date":"2025-12-12T15:31:23","date_gmt":"2025-12-12T21:31:23","guid":{"rendered":"https:\/\/libreriahistoriasdebolsillo.com\/?post_type=product&#038;p=7890"},"modified":"2025-12-27T14:38:17","modified_gmt":"2025-12-27T20:38:17","slug":"el-poder-del-ahora-tapa-dura","status":"publish","type":"product","link":"https:\/\/libreriahistoriasdebolsillo.com\/index.php\/producto\/el-poder-del-ahora-tapa-dura\/","title":{"rendered":"El poder del ahora (Tapa dura)"},"content":{"rendered":"<div class=\"justify\">\n<p>En este libro el autor nos comparte c\u00f3mo se puede alcanzar un estado de<br \/>\niluminaci\u00f3n aqu\u00ed y ahora; y que es posible vivir libre del sufrimiento,<br \/>\nde la ansiedad y de la neurosis.<\/p>\n<\/div>\n<div class=\"justify\">\n<p>M\u00e1s de 4,000,000 ejemplares vendidos. El Bestseller #1 del New York<br \/>\nTimes<\/p>\n<p>El cl\u00e1sico que consagr\u00f3 a Eckhart Tolle como uno de los gur\u00fas m\u00e1s<br \/>\nimportantes del mundo. El poder del ahora es un libro \u00fanico. Tiene la<br \/>\ncapacidad de crear una experiencia en los lectores y de cambiar su vida.<br \/>\nHoy ya es considerado una obra maestra.<\/p>\n<p>\u00abUno de los mejores libros de los \u00faltimos a\u00f1os. Cada frase evoca verdad<br \/>\ny poder.\u00bb<br \/>\nDeepak Chopra<\/p>\n<p>Para lograr la iluminaci\u00f3n aqu\u00ed y ahora s\u00f3lo tenemos que comprender<br \/>\nnuestro papel de creadores de nuestro dolor. Es nuestra propia mente la<br \/>\nque causa nuestros problemas con su corriente constante de pensamientos,<br \/>\naferr\u00e1ndose al pasado, preocup\u00e1ndose por el futuro. Cometemos el error<br \/>\nde identificarnos con ella, de pensar que eso es lo que somos, cuando de<br \/>\nhecho somos seres mucho m\u00e1s grandes. Escrito en un formato de preguntas<br \/>\ny respuestas que lo hace muy accesible, El poder del ahora es una<br \/>\ninvitaci\u00f3n a la reflexi\u00f3n, que le abrir\u00e1 las puertas a la plenitud<br \/>\nespiritual y le permitir\u00e1 ver la vida con nuevos ojos y empezar a<br \/>\ndisfrutar del verdadero poder del ahora.<\/p>\n<\/div>\n","protected":false},"excerpt":{"rendered":"<p>Eckhart Tolle<br \/>\n240 p\u00e1ginas<\/p>\n","protected":false},"featured_media":7891,"template":"","meta":{"_joinchat":[]},"product_brand":[],"product_cat":[58,41],"product_tag":[34],"class_list":{"0":"post-7890","1":"product","2":"type-product","3":"status-publish","4":"has-post-thumbnail","6":"product_cat-desarrollo-humano-y-superacion","7":"product_cat-desarrollo-humano","8":"product_tag-penguin-random-house","10":"first","11":"instock","12":"shipping-taxable","13":"purchasable","14":"product-type-simple"},"_links":{"self":[{"href":"https:\/\/libreriahistoriasdebolsillo.com\/index.php\/wp-json\/wp\/v2\/product\/7890","targetHints":{"allow":["GET"]}}],"collection":[{"href":"https:\/\/libreriahistoriasdebolsillo.com\/index.php\/wp-json\/wp\/v2\/product"}],"about":[{"href":"https:\/\/libreriahistoriasdebolsillo.com\/index.php\/wp-json\/wp\/v2\/types\/product"}],"wp:featuredmedia":[{"embeddable":true,"href":"https:\/\/libreriahistoriasdebolsillo.com\/index.php\/wp-json\/wp\/v2\/media\/7891"}],"wp:attachment":[{"href":"https:\/\/libreriahistoriasdebolsillo.com\/index.php\/wp-json\/wp\/v2\/media?parent=7890"}],"wp:term":[{"taxonomy":"product_brand","embeddable":true,"href":"https:\/\/libreriahistoriasdebolsillo.com\/index.php\/wp-json\/wp\/v2\/product_brand?post=7890"},{"taxonomy":"product_cat","embeddable":true,"href":"https:\/\/libreriahistoriasdebolsillo.com\/index.php\/wp-json\/wp\/v2\/product_cat?post=7890"},{"taxonomy":"product_tag","embeddable":true,"href":"https:\/\/libreriahistoriasdebolsillo.com\/index.php\/wp-json\/wp\/v2\/product_tag?post=7890"}],"curies":[{"name":"wp","href":"https:\/\/api.w.org\/{rel}","templated":true}]}}