{"id":7892,"date":"2025-12-12T15:33:10","date_gmt":"2025-12-12T21:33:10","guid":{"rendered":"https:\/\/libreriahistoriasdebolsillo.com\/?post_type=product&#038;p=7892"},"modified":"2026-02-24T15:43:14","modified_gmt":"2026-02-24T21:43:14","slug":"el-obstaculo-es-el-camino","status":"publish","type":"product","link":"https:\/\/libreriahistoriasdebolsillo.com\/index.php\/producto\/el-obstaculo-es-el-camino\/","title":{"rendered":"El obst\u00e1culo es el camino"},"content":{"rendered":"<div class=\"justify\">\n<p><b>UN CL\u00c1SICO MODERNO<\/b>\u00a0<b>QUE TE AYUDAR\u00c1 A<\/b>\u00a0<b>CONVERTIR LAS PRUEBAS<\/b>\u00a0<b>M\u00c1S DURAS EN TUS<\/b>\u00a0<b>MAYORES TRIUNFOS.<\/b><\/p>\n<\/div>\n<div class=\"justify\">\n<p>La vida te pone en la encrucijada constantemente. Te exhorta: \u00ab\u00bfTienes el\u00a0<b>valor necesario<\/b>\u00a0para\u00a0<b>superar<\/b>\u00a0<b>los obst\u00e1culos<\/b>\u00a0que se interpondr\u00e1n inevitablemente en tu camino? \u00bfTe alzar\u00e1s y demostrar\u00e1s de qu\u00e9 est\u00e1s hecho?\u00bb.<\/p>\n<p>Muchas personas han respondido de manera afirmativa a estas preguntas. Y algunas han demostrado que no solo pueden superar los obst\u00e1culos, sino que adem\u00e1s son capaces de\u00a0<b>recuperarse y de prosperar<\/b>\u00a0en cada reto: el desaf\u00edo las hace mejores que si no hubieran encarado la adversidad en modo alguno.<\/p>\n<p>Ha llegado la hora de comprobar si eres una de esas personas y si\u00a0<b>te unir\u00e1s a ellas<\/b>.<\/p>\n<p>Este libro te ense\u00f1ar\u00e1 el camino.<\/p>\n<\/div>\n","protected":false},"excerpt":{"rendered":"<p>Ryan Holiday<br \/>\n248 p\u00e1ginas<\/p>\n","protected":false},"featured_media":7893,"template":"","meta":{"_joinchat":[]},"product_brand":[],"product_cat":[58,41,70],"product_tag":[34],"class_list":{"0":"post-7892","1":"product","2":"type-product","3":"status-publish","4":"has-post-thumbnail","6":"product_cat-desarrollo-humano-y-superacion","7":"product_cat-desarrollo-humano","8":"product_cat-novedades","9":"product_tag-penguin-random-house","11":"first","12":"instock","13":"shipping-taxable","14":"purchasable","15":"product-type-simple"},"_links":{"self":[{"href":"https:\/\/libreriahistoriasdebolsillo.com\/index.php\/wp-json\/wp\/v2\/product\/7892","targetHints":{"allow":["GET"]}}],"collection":[{"href":"https:\/\/libreriahistoriasdebolsillo.com\/index.php\/wp-json\/wp\/v2\/product"}],"about":[{"href":"https:\/\/libreriahistoriasdebolsillo.com\/index.php\/wp-json\/wp\/v2\/types\/product"}],"wp:featuredmedia":[{"embeddable":true,"href":"https:\/\/libreriahistoriasdebolsillo.com\/index.php\/wp-json\/wp\/v2\/media\/7893"}],"wp:attachment":[{"href":"https:\/\/libreriahistoriasdebolsillo.com\/index.php\/wp-json\/wp\/v2\/media?parent=7892"}],"wp:term":[{"taxonomy":"product_brand","embeddable":true,"href":"https:\/\/libreriahistoriasdebolsillo.com\/index.php\/wp-json\/wp\/v2\/product_brand?post=7892"},{"taxonomy":"product_cat","embeddable":true,"href":"https:\/\/libreriahistoriasdebolsillo.com\/index.php\/wp-json\/wp\/v2\/product_cat?post=7892"},{"taxonomy":"product_tag","embeddable":true,"href":"https:\/\/libreriahistoriasdebolsillo.com\/index.php\/wp-json\/wp\/v2\/product_tag?post=7892"}],"curies":[{"name":"wp","href":"https:\/\/api.w.org\/{rel}","templated":true}]}}