{"id":7894,"date":"2025-12-12T15:35:40","date_gmt":"2025-12-12T21:35:40","guid":{"rendered":"https:\/\/libreriahistoriasdebolsillo.com\/?post_type=product&#038;p=7894"},"modified":"2026-03-12T15:18:01","modified_gmt":"2026-03-12T21:18:01","slug":"falsificar-la-historia","status":"publish","type":"product","link":"https:\/\/libreriahistoriasdebolsillo.com\/index.php\/producto\/falsificar-la-historia\/","title":{"rendered":"Falsificar la historia"},"content":{"rendered":"<div class=\"justify\">\n<p><b>Nos<\/b>\u00a0<b>gustan<\/b><b>\u00a0las<\/b>\u00a0<b>mentiras<\/b><b>.<\/b>\u00a0<b>Tenemos<\/b><b>\u00a0la<\/b>\u00a0<b>facultad<\/b><b>\u00a0de<\/b>\u00a0<b>mentir<\/b><b>, la<\/b>\u00a0<b>capacidad<\/b><b>\u00a0de<\/b>\u00a0<b>construir<\/b>\u00a0<b>mentiras<\/b><b>\u00a0y la<\/b>\u00a0<b>maravillosa<\/b>\u00a0<b>inclinaci\u00f3n<\/b><b>\u00a0de<\/b>\u00a0<b>creer<\/b>\u00a0<b>en<\/b>\u00a0<b>ellas<\/b><b>.<\/b><\/p>\n<\/div>\n<div class=\"justify\">\n<p>Ese es el inicio y la premisa de\u00a0<b>Falsificar la historia<\/b>. Un recorrido de miles de a\u00f1os por la\u00a0<b>historia<\/b>, la\u00a0<b>filosof\u00eda\u00a0<\/b>y la\u00a0<b>religi\u00f3n<\/b>; una aventura a trav\u00e9s de la psicolog\u00eda individual y la de las masas, un viaje que no deja de moverse entre la\u00a0<b>realidad y los mitos<\/b>, y que nos lleva a cuestionarnos TODO LO QUE HEMOS CRE\u00cdDO.<\/p>\n<p>Por medio de algunos de los acontecimientos m\u00e1s simb\u00f3licos de la\u00a0<b>historia universal<\/b>, que comienzan con la creaci\u00f3n y llegan hasta la ca\u00edda de la Uni\u00f3n Sovi\u00e9tica, Juan Miguel Zunzunegui nos lleva a las complejidades de la mente humana, a las herramientas que se han usado para someterla y al camino para finalmente\u00a0<b>descubrir la verdad<\/b>.<\/p>\n<\/div>\n","protected":false},"excerpt":{"rendered":"<p>Juan Miguel Zunzunegui<br \/>\n360 p\u00e1ginas<\/p>\n","protected":false},"featured_media":7895,"template":"","meta":{"_joinchat":[]},"product_brand":[],"product_cat":[56],"product_tag":[34],"class_list":{"0":"post-7894","1":"product","2":"type-product","3":"status-publish","4":"has-post-thumbnail","6":"product_cat-historica","7":"product_tag-penguin-random-house","9":"first","10":"outofstock","11":"shipping-taxable","12":"purchasable","13":"product-type-simple"},"_links":{"self":[{"href":"https:\/\/libreriahistoriasdebolsillo.com\/index.php\/wp-json\/wp\/v2\/product\/7894","targetHints":{"allow":["GET"]}}],"collection":[{"href":"https:\/\/libreriahistoriasdebolsillo.com\/index.php\/wp-json\/wp\/v2\/product"}],"about":[{"href":"https:\/\/libreriahistoriasdebolsillo.com\/index.php\/wp-json\/wp\/v2\/types\/product"}],"wp:featuredmedia":[{"embeddable":true,"href":"https:\/\/libreriahistoriasdebolsillo.com\/index.php\/wp-json\/wp\/v2\/media\/7895"}],"wp:attachment":[{"href":"https:\/\/libreriahistoriasdebolsillo.com\/index.php\/wp-json\/wp\/v2\/media?parent=7894"}],"wp:term":[{"taxonomy":"product_brand","embeddable":true,"href":"https:\/\/libreriahistoriasdebolsillo.com\/index.php\/wp-json\/wp\/v2\/product_brand?post=7894"},{"taxonomy":"product_cat","embeddable":true,"href":"https:\/\/libreriahistoriasdebolsillo.com\/index.php\/wp-json\/wp\/v2\/product_cat?post=7894"},{"taxonomy":"product_tag","embeddable":true,"href":"https:\/\/libreriahistoriasdebolsillo.com\/index.php\/wp-json\/wp\/v2\/product_tag?post=7894"}],"curies":[{"name":"wp","href":"https:\/\/api.w.org\/{rel}","templated":true}]}}