{"id":7896,"date":"2025-12-12T15:37:31","date_gmt":"2025-12-12T21:37:31","guid":{"rendered":"https:\/\/libreriahistoriasdebolsillo.com\/?post_type=product&#038;p=7896"},"modified":"2025-12-27T14:39:40","modified_gmt":"2025-12-27T20:39:40","slug":"lo-primero-de-la-manana","status":"publish","type":"product","link":"https:\/\/libreriahistoriasdebolsillo.com\/index.php\/producto\/lo-primero-de-la-manana\/","title":{"rendered":"Lo primero de la ma\u00f1ana"},"content":{"rendered":"<div class=\"justify\">\n<p><b>Lo primero de la ma\u00f1ana puede leerse<\/b>\u00a0<b>solo o en conjunto con Lo \u00faltimo de la noche<\/b>\u00a0<b>para iniciar y terminar el d\u00eda con reflexiones<\/b>\u00a0<b>que te inviten a tener una existencia<\/b>\u00a0<b>m\u00e1s consciente y plena.<\/b><\/p>\n<\/div>\n<div class=\"justify\">\n<p>Los\u00a0<b>365 pensamientos<\/b>\u00a0aqu\u00ed compilados fueron seleccionados de las pl\u00e1ticas\u00a0<b>\u00edntimas<\/b>\u00a0que, a lo largo de su vida, Osho mantuvo frente a personas de diversas condiciones e intereses.\u00a0<b>Reunirlos en este<\/b>\u00a0<b>libro<\/b>\u00a0y en su complemento, Lo \u00faltimo de la noche, fue idea del propio Osho.<\/p>\n<p>En estas p\u00e1ginas hallar\u00e1s\u00a0<b>pensamientos breves<\/b>, pol\u00e9micos y transgresores. Los temas que el m\u00edstico contempor\u00e1neo aborda son diversos: el sufrimiento humano, el amor, lo religioso, la existencia, Dios, la mente,\u00a0<b>meditaci\u00f3n occidental<\/b>, la espontaneidad, el ego,\u00a0<b>la luz interior<\/b>, la dicha, la verdad, entre otros.<\/p>\n<\/div>\n","protected":false},"excerpt":{"rendered":"<p>Osho<br \/>\n240 p\u00e1ginas<\/p>\n","protected":false},"featured_media":7897,"template":"","meta":{"_joinchat":[]},"product_brand":[],"product_cat":[58],"product_tag":[34],"class_list":{"0":"post-7896","1":"product","2":"type-product","3":"status-publish","4":"has-post-thumbnail","6":"product_cat-desarrollo-humano-y-superacion","7":"product_tag-penguin-random-house","9":"first","10":"instock","11":"shipping-taxable","12":"purchasable","13":"product-type-simple"},"_links":{"self":[{"href":"https:\/\/libreriahistoriasdebolsillo.com\/index.php\/wp-json\/wp\/v2\/product\/7896","targetHints":{"allow":["GET"]}}],"collection":[{"href":"https:\/\/libreriahistoriasdebolsillo.com\/index.php\/wp-json\/wp\/v2\/product"}],"about":[{"href":"https:\/\/libreriahistoriasdebolsillo.com\/index.php\/wp-json\/wp\/v2\/types\/product"}],"wp:featuredmedia":[{"embeddable":true,"href":"https:\/\/libreriahistoriasdebolsillo.com\/index.php\/wp-json\/wp\/v2\/media\/7897"}],"wp:attachment":[{"href":"https:\/\/libreriahistoriasdebolsillo.com\/index.php\/wp-json\/wp\/v2\/media?parent=7896"}],"wp:term":[{"taxonomy":"product_brand","embeddable":true,"href":"https:\/\/libreriahistoriasdebolsillo.com\/index.php\/wp-json\/wp\/v2\/product_brand?post=7896"},{"taxonomy":"product_cat","embeddable":true,"href":"https:\/\/libreriahistoriasdebolsillo.com\/index.php\/wp-json\/wp\/v2\/product_cat?post=7896"},{"taxonomy":"product_tag","embeddable":true,"href":"https:\/\/libreriahistoriasdebolsillo.com\/index.php\/wp-json\/wp\/v2\/product_tag?post=7896"}],"curies":[{"name":"wp","href":"https:\/\/api.w.org\/{rel}","templated":true}]}}