{"id":7898,"date":"2025-12-12T15:38:51","date_gmt":"2025-12-12T21:38:51","guid":{"rendered":"https:\/\/libreriahistoriasdebolsillo.com\/?post_type=product&#038;p=7898"},"modified":"2025-12-27T14:39:30","modified_gmt":"2025-12-27T20:39:30","slug":"lo-ultimo-de-la-noche","status":"publish","type":"product","link":"https:\/\/libreriahistoriasdebolsillo.com\/index.php\/producto\/lo-ultimo-de-la-noche\/","title":{"rendered":"Lo \u00faltimo de la noche"},"content":{"rendered":"<div class=\"justify\">\n<p><b>Lo \u00faltimo de la noche puede leerse solo<\/b>\u00a0<b>o en conjunto con Lo primero de la ma\u00f1ana<\/b>\u00a0<b>para iniciar y terminar el d\u00eda con reflexiones<\/b>\u00a0<b>que te inviten a tener una existencia<\/b>\u00a0<b>m\u00e1s consciente y plena.<\/b><\/p>\n<\/div>\n<div class=\"justify\">\n<p>Los\u00a0<b>365 pensamientos<\/b>\u00a0aqu\u00ed compilados fueron seleccionados de las\u00a0<b>pl\u00e1ticas \u00edntimas<\/b>\u00a0que, a lo largo de su vida, Osho mantuvo frente a personas de diversas condiciones e intereses. Reunirlos en este libro y en su complemento, Lo primero de la ma\u00f1ana, fue\u00a0<b>idea del propio Osho<\/b>.<\/p>\n<p>En estas p\u00e1ginas hallar\u00e1s pensamientos breves, pol\u00e9micos y transgresores. Los temas que el m\u00edstico contempor\u00e1neo aborda son diversos:\u00a0<b>el sufrimiento<\/b>\u00a0<b>humano, el amor, lo religioso, la existencia,<\/b>\u00a0<b>Dios, la mente, meditaci\u00f3n occidental, la espontaneidad,<\/b>\u00a0<b>el ego, la luz interior, la dicha, la verdad<\/b>, entre otros.<\/p>\n<\/div>\n","protected":false},"excerpt":{"rendered":"<p>Osho<br \/>\n240 p\u00e1ginas<\/p>\n","protected":false},"featured_media":7899,"template":"","meta":{"_joinchat":[]},"product_brand":[],"product_cat":[58],"product_tag":[34],"class_list":{"0":"post-7898","1":"product","2":"type-product","3":"status-publish","4":"has-post-thumbnail","6":"product_cat-desarrollo-humano-y-superacion","7":"product_tag-penguin-random-house","9":"first","10":"instock","11":"shipping-taxable","12":"purchasable","13":"product-type-simple"},"_links":{"self":[{"href":"https:\/\/libreriahistoriasdebolsillo.com\/index.php\/wp-json\/wp\/v2\/product\/7898","targetHints":{"allow":["GET"]}}],"collection":[{"href":"https:\/\/libreriahistoriasdebolsillo.com\/index.php\/wp-json\/wp\/v2\/product"}],"about":[{"href":"https:\/\/libreriahistoriasdebolsillo.com\/index.php\/wp-json\/wp\/v2\/types\/product"}],"wp:featuredmedia":[{"embeddable":true,"href":"https:\/\/libreriahistoriasdebolsillo.com\/index.php\/wp-json\/wp\/v2\/media\/7899"}],"wp:attachment":[{"href":"https:\/\/libreriahistoriasdebolsillo.com\/index.php\/wp-json\/wp\/v2\/media?parent=7898"}],"wp:term":[{"taxonomy":"product_brand","embeddable":true,"href":"https:\/\/libreriahistoriasdebolsillo.com\/index.php\/wp-json\/wp\/v2\/product_brand?post=7898"},{"taxonomy":"product_cat","embeddable":true,"href":"https:\/\/libreriahistoriasdebolsillo.com\/index.php\/wp-json\/wp\/v2\/product_cat?post=7898"},{"taxonomy":"product_tag","embeddable":true,"href":"https:\/\/libreriahistoriasdebolsillo.com\/index.php\/wp-json\/wp\/v2\/product_tag?post=7898"}],"curies":[{"name":"wp","href":"https:\/\/api.w.org\/{rel}","templated":true}]}}