{"id":7900,"date":"2025-12-12T15:42:40","date_gmt":"2025-12-12T21:42:40","guid":{"rendered":"https:\/\/libreriahistoriasdebolsillo.com\/?post_type=product&#038;p=7900"},"modified":"2026-05-04T15:48:30","modified_gmt":"2026-05-04T21:48:30","slug":"la-luz-en-la-niebla","status":"publish","type":"product","link":"https:\/\/libreriahistoriasdebolsillo.com\/index.php\/producto\/la-luz-en-la-niebla\/","title":{"rendered":"La luz en la niebla"},"content":{"rendered":"<div class=\"justify\">\n<p><b>Ella ha consagrado su vida a ayudar a las almas en pena.<\/b><\/p>\n<p><b>\u00c9l ha dedicado la suya a destruir a las espiritistas.<\/b><\/p>\n<p><b>La muerte ha decidido unir sus caminos.<\/b><\/p>\n<\/div>\n<div class=\"justify\">\n<p>Despu\u00e9s de sobrevivir al naufragio del Titanic, lo \u00fanico que Ada Chapman desea es disfrutar de una vida tranquila al frente de la Academia Rosenfield para j\u00f3venes espiritistas. Pero sus planes se tuercen cuando le encargan investigar el caso de otro superviviente: un ni\u00f1o con el don de resucitar a los muertos.<\/p>\n<p>Al descubrir que los rumores sobre el misterioso ni\u00f1o son ciertos, la organizaci\u00f3n dedicada al estudio de lo paranormal a la que pertenece Alabaster Thorne decide enviarlo a la academia sin saber que, de todas las personas de la tierra, Ada es la \u00faltima a la que querr\u00eda espiar.<\/p>\n<p>Perdidos en un laberinto pasional del que parece imposible huir, Ada y Alabaster se embarcar\u00e1n en una persecuci\u00f3n despiadada por el submundo espiritista, un Londres asediado por los bombardeos, las trincheras de la Gran Guerra\u2026 y sus propias cuentas pendientes.<\/p>\n<\/div>\n","protected":false},"excerpt":{"rendered":"<p>Victoria Alvarez<br \/>\n528 p\u00e1ginas<\/p>\n","protected":false},"featured_media":7901,"template":"","meta":{"_joinchat":[]},"product_brand":[],"product_cat":[37,70],"product_tag":[34],"class_list":{"0":"post-7900","1":"product","2":"type-product","3":"status-publish","4":"has-post-thumbnail","6":"product_cat-misterio-y-thriller","7":"product_cat-novedades","8":"product_tag-penguin-random-house","10":"first","11":"outofstock","12":"shipping-taxable","13":"purchasable","14":"product-type-simple"},"_links":{"self":[{"href":"https:\/\/libreriahistoriasdebolsillo.com\/index.php\/wp-json\/wp\/v2\/product\/7900","targetHints":{"allow":["GET"]}}],"collection":[{"href":"https:\/\/libreriahistoriasdebolsillo.com\/index.php\/wp-json\/wp\/v2\/product"}],"about":[{"href":"https:\/\/libreriahistoriasdebolsillo.com\/index.php\/wp-json\/wp\/v2\/types\/product"}],"wp:featuredmedia":[{"embeddable":true,"href":"https:\/\/libreriahistoriasdebolsillo.com\/index.php\/wp-json\/wp\/v2\/media\/7901"}],"wp:attachment":[{"href":"https:\/\/libreriahistoriasdebolsillo.com\/index.php\/wp-json\/wp\/v2\/media?parent=7900"}],"wp:term":[{"taxonomy":"product_brand","embeddable":true,"href":"https:\/\/libreriahistoriasdebolsillo.com\/index.php\/wp-json\/wp\/v2\/product_brand?post=7900"},{"taxonomy":"product_cat","embeddable":true,"href":"https:\/\/libreriahistoriasdebolsillo.com\/index.php\/wp-json\/wp\/v2\/product_cat?post=7900"},{"taxonomy":"product_tag","embeddable":true,"href":"https:\/\/libreriahistoriasdebolsillo.com\/index.php\/wp-json\/wp\/v2\/product_tag?post=7900"}],"curies":[{"name":"wp","href":"https:\/\/api.w.org\/{rel}","templated":true}]}}