{"id":7904,"date":"2025-12-12T15:47:47","date_gmt":"2025-12-12T21:47:47","guid":{"rendered":"https:\/\/libreriahistoriasdebolsillo.com\/?post_type=product&#038;p=7904"},"modified":"2025-12-27T14:25:31","modified_gmt":"2025-12-27T20:25:31","slug":"nunca-jamas-5-crossed","status":"publish","type":"product","link":"https:\/\/libreriahistoriasdebolsillo.com\/index.php\/producto\/nunca-jamas-5-crossed\/","title":{"rendered":"Nunca Jam\u00e1s 5. Crossed"},"content":{"rendered":"<div class=\"justify\">\n<p><b>\u00a1Contin\u00faa el fen\u00f3meno de Nunca Jam\u00e1s! Regresa al oscuro y rom\u00e1ntico mundo de Emily McIntire con un nuevo romance prohibido donde la fe y la lujuria se enfrentan, \u00bfqui\u00e9n ganar\u00e1?<\/b><\/p>\n<\/div>\n<div class=\"justify\">\n<p>\u00c9l es la moralidad. Ella es el pecado.<\/p>\n<p>El padre Cade Fr\u00e9d\u00e9ric es un hombre de Dios. Se crio en las calles de Par\u00eds y ha dedicado su vida a la Iglesia. Pero, bajo la superficie, acecha un monstruo, una enfermedad que rezuma oscuridad y se alimenta de los condenados.<\/p>\n<p>Cuando recibe la misi\u00f3n de ser el sacerdote de Festival\u00e9, en Vermont, una ciudad de arquitectura bella y almas desoladas, la enfermedad le pide a gritos que libere sus calles del mal.<\/p>\n<p>Amaya Paquette es el misterio m\u00e1s bello de Festival\u00e9. Se dedica a cuidar a su hermano peque\u00f1o durante el d\u00eda, mientras que por la noche se transforma en Esmeralda y baila ante ojos codiciosos y labios imp\u00fadicos. Anhela el amor, pero esquiva toda relaci\u00f3n por temor a verse abandonada de nuevo.<\/p>\n<p>Cuando el padre Cade ve por primera vez a Amaya, se obsesiona con ella y est\u00e1 convencido de que lo ha embrujado. No puede comer. No puede respirar. No puede pensar en nada que no sea ella.<\/p>\n<p>Y la tentaci\u00f3n es una amante cruel.<\/p>\n<p>Ella es su debilidad, as\u00ed que tiene que ponerle fin&#8230;, aunque eso signifique matar a la \u00fanica mujer a la que podr\u00eda amar.<\/p>\n<\/div>\n","protected":false},"excerpt":{"rendered":"<p>Emily McIntire<br \/>\n432 p\u00e1ginas<\/p>\n","protected":false},"featured_media":7905,"template":"","meta":{"_joinchat":[]},"product_brand":[],"product_cat":[63,70],"product_tag":[34],"class_list":{"0":"post-7904","1":"product","2":"type-product","3":"status-publish","4":"has-post-thumbnail","6":"product_cat-dark-romance","7":"product_cat-novedades","8":"product_tag-penguin-random-house","10":"first","11":"instock","12":"shipping-taxable","13":"purchasable","14":"product-type-simple"},"_links":{"self":[{"href":"https:\/\/libreriahistoriasdebolsillo.com\/index.php\/wp-json\/wp\/v2\/product\/7904","targetHints":{"allow":["GET"]}}],"collection":[{"href":"https:\/\/libreriahistoriasdebolsillo.com\/index.php\/wp-json\/wp\/v2\/product"}],"about":[{"href":"https:\/\/libreriahistoriasdebolsillo.com\/index.php\/wp-json\/wp\/v2\/types\/product"}],"wp:featuredmedia":[{"embeddable":true,"href":"https:\/\/libreriahistoriasdebolsillo.com\/index.php\/wp-json\/wp\/v2\/media\/7905"}],"wp:attachment":[{"href":"https:\/\/libreriahistoriasdebolsillo.com\/index.php\/wp-json\/wp\/v2\/media?parent=7904"}],"wp:term":[{"taxonomy":"product_brand","embeddable":true,"href":"https:\/\/libreriahistoriasdebolsillo.com\/index.php\/wp-json\/wp\/v2\/product_brand?post=7904"},{"taxonomy":"product_cat","embeddable":true,"href":"https:\/\/libreriahistoriasdebolsillo.com\/index.php\/wp-json\/wp\/v2\/product_cat?post=7904"},{"taxonomy":"product_tag","embeddable":true,"href":"https:\/\/libreriahistoriasdebolsillo.com\/index.php\/wp-json\/wp\/v2\/product_tag?post=7904"}],"curies":[{"name":"wp","href":"https:\/\/api.w.org\/{rel}","templated":true}]}}