{"id":7908,"date":"2025-12-12T15:53:12","date_gmt":"2025-12-12T21:53:12","guid":{"rendered":"https:\/\/libreriahistoriasdebolsillo.com\/?post_type=product&#038;p=7908"},"modified":"2026-03-23T13:09:54","modified_gmt":"2026-03-23T19:09:54","slug":"abraza-a-la-nina-que-fuiste","status":"publish","type":"product","link":"https:\/\/libreriahistoriasdebolsillo.com\/index.php\/producto\/abraza-a-la-nina-que-fuiste\/","title":{"rendered":"Abraza a la ni\u00f1a que fuiste"},"content":{"rendered":"<div class=\"justify\">\n<p><b>\u00abEste libro es un b\u00e1lsamo para las heridas del alma\u00bb, Mar\u00eda Esclapez, autora de\u00a0<i>Me quiero, te quiero<\/i>\u00a0y\u00a0<i>T\u00fa eres tu lugar seguro<\/i><\/b><\/p>\n<p>&nbsp;<\/p>\n<p><b>Descubre el poder sanador de abrazar a la ni\u00f1a que fuiste<\/b><\/p>\n<\/div>\n<div class=\"justify\">\n<p>\u00bfQu\u00e9 tiene que ver mi infancia con las cosas que siento ahora? \u00bfDe qu\u00e9 manera mis experiencias en esos a\u00f1os se relacionan con mi malestar actual? Y, sobre todo, \u00bfc\u00f3mo puedo sanar las heridas del pasado que todav\u00eda cargo en el presente? Si alguna vez te has hecho alguna de estas preguntas, la respuesta est\u00e1 en\u00a0<b>tu ni\u00f1a interior.<\/b><\/p>\n<p>Marta Segrelles, psic\u00f3loga referente en el trabajo del trauma y en la terapia con la ni\u00f1a interior, te acompa\u00f1a en un viaje de autodescubrimiento al pasado. En este libro encontrar\u00e1s las herramientas necesarias para\u00a0<b>acompa\u00f1ar a la ni\u00f1a que todav\u00eda vive dentro de ti y ser hoy la adulta que te habr\u00eda gustado tener a tu lado ayer.<\/b><\/p>\n<p>\u00abAntes de comenzar mi terapia y trabajar con mi ni\u00f1a interior, estaba enfadada y triste conmigo misma.\u00a0<b>No me sent\u00eda una\u00a0<i>buena adulta<\/i><\/b>, lo que para m\u00ed implicaba hacerlo todo bien, no tener dudas y no sentir nunca incomodidad.<\/p>\n<p>\u00bbDurante el proceso de\u00a0<b>reparar heridas<\/b>, he aprendido a identificar lo que siento y a regularlo mejor para darme aquello que necesito; a acompa\u00f1arme y\u00a0<b>acercarme cada vez m\u00e1s a esa ni\u00f1a que fui, siendo la adulta que necesit\u00e9&#8230;<\/b><\/p>\n<p>\u00bbPero todo esto te lo quiero contar en detalle, para que t\u00fa tambi\u00e9n\u00a0<b>puedas conocerte mejor, reconectar con tu ni\u00f1a interior y transformar tu presente. Empecemos juntas<\/b>\u00bb.<\/p>\n<p>Marta Segrelles<\/p>\n<p><b>Porque nunca hubo nada malo en ti.<\/b><\/p>\n<p><b><u>\u00bfQu\u00e9 encontrar\u00e1s en este libro?<\/u><\/b><\/p>\n<p>-Relatos personales basados en casos reales de consulta y experiencias de la autora<\/p>\n<p>-Materiales gr\u00e1ficos, esquemas e ilustraciones para facilitar la comprensi\u00f3n de los conceptos<\/p>\n<p>-Ejercicios pr\u00e1cticos y sencillos para reflexionar sobre las experiencias adversas (incluso aquellas que parecen olvidadas) de la infancia y reconectar con tu ni\u00f1a interior<\/p>\n<\/div>\n","protected":false},"excerpt":{"rendered":"<p>Marta Segrelles<br \/>\n288 p\u00e1ginas<\/p>\n","protected":false},"featured_media":7909,"template":"","meta":{"_joinchat":[]},"product_brand":[],"product_cat":[58,41,70],"product_tag":[34],"class_list":{"0":"post-7908","1":"product","2":"type-product","3":"status-publish","4":"has-post-thumbnail","6":"product_cat-desarrollo-humano-y-superacion","7":"product_cat-desarrollo-humano","8":"product_cat-novedades","9":"product_tag-penguin-random-house","11":"first","12":"outofstock","13":"shipping-taxable","14":"purchasable","15":"product-type-simple"},"_links":{"self":[{"href":"https:\/\/libreriahistoriasdebolsillo.com\/index.php\/wp-json\/wp\/v2\/product\/7908","targetHints":{"allow":["GET"]}}],"collection":[{"href":"https:\/\/libreriahistoriasdebolsillo.com\/index.php\/wp-json\/wp\/v2\/product"}],"about":[{"href":"https:\/\/libreriahistoriasdebolsillo.com\/index.php\/wp-json\/wp\/v2\/types\/product"}],"wp:featuredmedia":[{"embeddable":true,"href":"https:\/\/libreriahistoriasdebolsillo.com\/index.php\/wp-json\/wp\/v2\/media\/7909"}],"wp:attachment":[{"href":"https:\/\/libreriahistoriasdebolsillo.com\/index.php\/wp-json\/wp\/v2\/media?parent=7908"}],"wp:term":[{"taxonomy":"product_brand","embeddable":true,"href":"https:\/\/libreriahistoriasdebolsillo.com\/index.php\/wp-json\/wp\/v2\/product_brand?post=7908"},{"taxonomy":"product_cat","embeddable":true,"href":"https:\/\/libreriahistoriasdebolsillo.com\/index.php\/wp-json\/wp\/v2\/product_cat?post=7908"},{"taxonomy":"product_tag","embeddable":true,"href":"https:\/\/libreriahistoriasdebolsillo.com\/index.php\/wp-json\/wp\/v2\/product_tag?post=7908"}],"curies":[{"name":"wp","href":"https:\/\/api.w.org\/{rel}","templated":true}]}}