{"id":7915,"date":"2025-12-12T16:03:44","date_gmt":"2025-12-12T22:03:44","guid":{"rendered":"https:\/\/libreriahistoriasdebolsillo.com\/?post_type=product&#038;p=7915"},"modified":"2025-12-27T14:26:05","modified_gmt":"2025-12-27T20:26:05","slug":"celestia","status":"publish","type":"product","link":"https:\/\/libreriahistoriasdebolsillo.com\/index.php\/producto\/celestia\/","title":{"rendered":"Celestia"},"content":{"rendered":"<div class=\"justify\">\n<p><b>Esperado regreso de Manuele Fior, despu\u00e9s de siete a\u00f1os, con una brillante distop\u00eda gr\u00e1fica que lo consolida como un artista visual \u00fanico y un escritor profundamente emp\u00e1tico.<\/b><\/p>\n<p><b>Esperado regreso de Manuele Fior, despu\u00e9s de siete a\u00f1os, con una brillante distop\u00eda gr\u00e1fica que lo consolida como un artista visual \u00fanico y un escritor profundamente emp\u00e1tico.<\/b><\/p>\n<\/div>\n<div class=\"justify\">\n<p>Manuele Fior brinda al lector una f\u00e1bula sobre la capacidad de los m\u00e1s j\u00f3venes para solucionar los problemas del viejo mundo en esta obra que se sit\u00faa en un presente alternativo, diferente y al mismo tiempo similar al nuestro. Una gran invasi\u00f3n, llegada del mar, ha diezmado a la humanidad, de la que algunos han escapado encontrando refugio en una peque\u00f1a isla de piedra construida hace m\u00e1s de mil a\u00f1os y conocida como Celestia, una hermana gemela de Venecia que bebe de las creaciones de Miyazaki. Dora y Pierrot, los protagonistas de esta historia, se adentrar\u00e1n en los l\u00edmites de la laguna para descubrir el mundo que los rodea: una zona en plena metamorfosis habitada por una sociedad en la que los ni\u00f1os cuidan de los pocos adultos supervivientes.<\/p>\n<p>Manuele Fior brinda al lector una f\u00e1bula sobre la capacidad de los m\u00e1s j\u00f3venes para solucionar los problemas del viejo mundo en esta obra que se sit\u00faa en un presente alternativo, diferente y al mismo tiempo similar al nuestro. Una gran invasi\u00f3n, llegada del mar, ha diezmado a la humanidad, de la que algunos han escapado encontrando refugio en una peque\u00f1a isla de piedra construida hace m\u00e1s de mil a\u00f1os y conocida como Celestia, una hermana gemela de Venecia que bebe de las creaciones de Miyazaki. Dora y Pierrot, los protagonistas de esta historia, se adentrar\u00e1n en los l\u00edmites de la laguna para descubrir el mundo que los rodea: una zona en plena metamorfosis habitada por una sociedad en la que los ni\u00f1os cuidan de los pocos adultos supervivientes.<\/p>\n<\/div>\n","protected":false},"excerpt":{"rendered":"<p>Manuele Fior<br \/>\n320 p\u00e1ginas<\/p>\n","protected":false},"featured_media":7916,"template":"","meta":{"_joinchat":[]},"product_brand":[],"product_cat":[67],"product_tag":[34],"class_list":{"0":"post-7915","1":"product","2":"type-product","3":"status-publish","4":"has-post-thumbnail","6":"product_cat-manga","7":"product_tag-penguin-random-house","9":"first","10":"instock","11":"shipping-taxable","12":"purchasable","13":"product-type-simple"},"_links":{"self":[{"href":"https:\/\/libreriahistoriasdebolsillo.com\/index.php\/wp-json\/wp\/v2\/product\/7915","targetHints":{"allow":["GET"]}}],"collection":[{"href":"https:\/\/libreriahistoriasdebolsillo.com\/index.php\/wp-json\/wp\/v2\/product"}],"about":[{"href":"https:\/\/libreriahistoriasdebolsillo.com\/index.php\/wp-json\/wp\/v2\/types\/product"}],"wp:featuredmedia":[{"embeddable":true,"href":"https:\/\/libreriahistoriasdebolsillo.com\/index.php\/wp-json\/wp\/v2\/media\/7916"}],"wp:attachment":[{"href":"https:\/\/libreriahistoriasdebolsillo.com\/index.php\/wp-json\/wp\/v2\/media?parent=7915"}],"wp:term":[{"taxonomy":"product_brand","embeddable":true,"href":"https:\/\/libreriahistoriasdebolsillo.com\/index.php\/wp-json\/wp\/v2\/product_brand?post=7915"},{"taxonomy":"product_cat","embeddable":true,"href":"https:\/\/libreriahistoriasdebolsillo.com\/index.php\/wp-json\/wp\/v2\/product_cat?post=7915"},{"taxonomy":"product_tag","embeddable":true,"href":"https:\/\/libreriahistoriasdebolsillo.com\/index.php\/wp-json\/wp\/v2\/product_tag?post=7915"}],"curies":[{"name":"wp","href":"https:\/\/api.w.org\/{rel}","templated":true}]}}