{"id":7917,"date":"2025-12-12T16:07:39","date_gmt":"2025-12-12T22:07:39","guid":{"rendered":"https:\/\/libreriahistoriasdebolsillo.com\/?post_type=product&#038;p=7917"},"modified":"2025-12-27T14:21:29","modified_gmt":"2025-12-27T20:21:29","slug":"entry-island","status":"publish","type":"product","link":"https:\/\/libreriahistoriasdebolsillo.com\/index.php\/producto\/entry-island\/","title":{"rendered":"Entry Island"},"content":{"rendered":"<div class=\"justify\">\n<p><b>Donde el destino espera.<\/b><\/p>\n<p><b>Un detective se siente perseguido por la sensaci\u00f3n de que conoce a su sospechoso de asesinato, a pesar de que nunca se han conocido&#8230;<\/b><\/p>\n<\/div>\n<div class=\"justify\">\n<p>Como un vigilante diminuto enfrentado a la violencia de un oc\u00e9ano inclemente, Entry Island es la primera isla que se encuentran los nav\u00edos que acceden al golfo de San Lorenzo. Azotado por el viento y ba\u00f1ado por las aguas heladas, el min\u00fasculo pedrusco apenas alberga a una centena de habitantes que viven de la pesca; gente curtida y tenaz, acostumbrada a soportar la rudeza de los elementos y las situaciones m\u00e1s extremas.\u00a0<b>Excepto el asesinato<\/b>.<\/p>\n<p>Cuando la persona m\u00e1s rica de la isla, un comerciante de langostas llamado James Cowell, aparece muerta, el desconcierto se apodera de la peque\u00f1a comunidad, y pronto todas las sospechas recaen en Kirsty, la esposa de la v\u00edctima. Asignado a la investigaci\u00f3n del crimen, acude desde Montreal el detective Sime Mackenzie, a quien el cambio de aires se le antoja saludable en un momento cr\u00edtico de su vida en el que se siente acuciado por la soledad y la mala conciencia. Por desgracia, su ilusi\u00f3n se desvanece en cuanto pone un pie en la isla y se encuentra con su ex mujer, analista forense, que le recuerda de inmediato por qu\u00e9 su relaci\u00f3n acab\u00f3 en un agrio intercambio de reproches. Pero lo m\u00e1s inquietante, sin duda, es su encuentro con Kirsty, a quien cree reconocer del pasado.<\/p>\n<p>Mientras la mayor\u00eda de las pruebas apuntan hacia la viuda del comerciante, y el equipo de investigadores se muestra ansioso por cerrar el caso para poder abandonar ese lugar tan inh\u00f3spito, Sime est\u00e1 convencido de la inocencia de la mujer. Defenderla, sin embargo, le plantear\u00e1 un espinoso conflicto moral.<\/p>\n<\/div>\n","protected":false},"excerpt":{"rendered":"<p>Peter May<br \/>\n480 p\u00e1ginas<\/p>\n","protected":false},"featured_media":7918,"template":"","meta":{"_joinchat":[]},"product_brand":[],"product_cat":[37],"product_tag":[34],"class_list":{"0":"post-7917","1":"product","2":"type-product","3":"status-publish","4":"has-post-thumbnail","6":"product_cat-misterio-y-thriller","7":"product_tag-penguin-random-house","9":"first","10":"instock","11":"shipping-taxable","12":"purchasable","13":"product-type-simple"},"_links":{"self":[{"href":"https:\/\/libreriahistoriasdebolsillo.com\/index.php\/wp-json\/wp\/v2\/product\/7917","targetHints":{"allow":["GET"]}}],"collection":[{"href":"https:\/\/libreriahistoriasdebolsillo.com\/index.php\/wp-json\/wp\/v2\/product"}],"about":[{"href":"https:\/\/libreriahistoriasdebolsillo.com\/index.php\/wp-json\/wp\/v2\/types\/product"}],"wp:featuredmedia":[{"embeddable":true,"href":"https:\/\/libreriahistoriasdebolsillo.com\/index.php\/wp-json\/wp\/v2\/media\/7918"}],"wp:attachment":[{"href":"https:\/\/libreriahistoriasdebolsillo.com\/index.php\/wp-json\/wp\/v2\/media?parent=7917"}],"wp:term":[{"taxonomy":"product_brand","embeddable":true,"href":"https:\/\/libreriahistoriasdebolsillo.com\/index.php\/wp-json\/wp\/v2\/product_brand?post=7917"},{"taxonomy":"product_cat","embeddable":true,"href":"https:\/\/libreriahistoriasdebolsillo.com\/index.php\/wp-json\/wp\/v2\/product_cat?post=7917"},{"taxonomy":"product_tag","embeddable":true,"href":"https:\/\/libreriahistoriasdebolsillo.com\/index.php\/wp-json\/wp\/v2\/product_tag?post=7917"}],"curies":[{"name":"wp","href":"https:\/\/api.w.org\/{rel}","templated":true}]}}