{"id":7921,"date":"2025-12-12T16:12:06","date_gmt":"2025-12-12T22:12:06","guid":{"rendered":"https:\/\/libreriahistoriasdebolsillo.com\/?post_type=product&#038;p=7921"},"modified":"2025-12-27T14:26:56","modified_gmt":"2025-12-27T20:26:56","slug":"el-cielo-de-medianoche","status":"publish","type":"product","link":"https:\/\/libreriahistoriasdebolsillo.com\/index.php\/producto\/el-cielo-de-medianoche\/","title":{"rendered":"El cielo de medianoche"},"content":{"rendered":"<div class=\"justify\">\n<p><b>Augie es el \u00faltimo astr\u00f3nomo en el \u00c1rtico. Todos los dem\u00e1s se han ido. Quedarse ya no es seguro, pero Augie no piensa irse a ning\u00fan otro sitio. Hasta que aparece Iris, una ni\u00f1a poco habladora y ajena al fin que parece acercarse, y las cosas cambian. \u00bfC\u00f3mo sacar\u00e1 a la ni\u00f1a de la regi\u00f3n helada? Su \u00fanica esperanza es una vieja radio, pero nadie recoge la se\u00f1al<\/b><\/p>\n<\/div>\n<div class=\"justify\">\n<p>Sully est\u00e1, junto a sus colegas astronautas, perdida en el espacio. La misi\u00f3n espacial Aether lleva dos a\u00f1os en \u00f3rbita y ahora espera instrucciones para el regreso a Tierra. Salvo que esas instrucciones no llegan, solo hay silencio.\u00a0<b>\u00bfPor qu\u00e9 todo el mundo en la Tierra parece haber desaparecido?<\/b><\/p>\n<p>Puede que, a estas alturas, Augie y Sully sean las u#nicas personas delante de una radio. Si tan solo consiguiesen contactar, tal vez lograsen ayudarse el uno al otro. Tal vez, con suerte, Sully e Iris podri#an volver a casa. Y Augie encontrar la suya.<\/p>\n<\/div>\n","protected":false},"excerpt":{"rendered":"<p>Lily Brooks-Dalton<br \/>\n272 p\u00e1ginas<\/p>\n","protected":false},"featured_media":7922,"template":"","meta":{"_joinchat":[]},"product_brand":[],"product_cat":[33,51],"product_tag":[34],"class_list":{"0":"post-7921","1":"product","2":"type-product","3":"status-publish","4":"has-post-thumbnail","6":"product_cat-ficcion-general","7":"product_cat-oferta","8":"product_tag-penguin-random-house","10":"first","11":"instock","12":"sale","13":"shipping-taxable","14":"purchasable","15":"product-type-simple"},"_links":{"self":[{"href":"https:\/\/libreriahistoriasdebolsillo.com\/index.php\/wp-json\/wp\/v2\/product\/7921","targetHints":{"allow":["GET"]}}],"collection":[{"href":"https:\/\/libreriahistoriasdebolsillo.com\/index.php\/wp-json\/wp\/v2\/product"}],"about":[{"href":"https:\/\/libreriahistoriasdebolsillo.com\/index.php\/wp-json\/wp\/v2\/types\/product"}],"wp:featuredmedia":[{"embeddable":true,"href":"https:\/\/libreriahistoriasdebolsillo.com\/index.php\/wp-json\/wp\/v2\/media\/7922"}],"wp:attachment":[{"href":"https:\/\/libreriahistoriasdebolsillo.com\/index.php\/wp-json\/wp\/v2\/media?parent=7921"}],"wp:term":[{"taxonomy":"product_brand","embeddable":true,"href":"https:\/\/libreriahistoriasdebolsillo.com\/index.php\/wp-json\/wp\/v2\/product_brand?post=7921"},{"taxonomy":"product_cat","embeddable":true,"href":"https:\/\/libreriahistoriasdebolsillo.com\/index.php\/wp-json\/wp\/v2\/product_cat?post=7921"},{"taxonomy":"product_tag","embeddable":true,"href":"https:\/\/libreriahistoriasdebolsillo.com\/index.php\/wp-json\/wp\/v2\/product_tag?post=7921"}],"curies":[{"name":"wp","href":"https:\/\/api.w.org\/{rel}","templated":true}]}}