{"id":7923,"date":"2025-12-12T16:13:53","date_gmt":"2025-12-12T22:13:53","guid":{"rendered":"https:\/\/libreriahistoriasdebolsillo.com\/?post_type=product&#038;p=7923"},"modified":"2026-01-26T18:36:34","modified_gmt":"2026-01-27T00:36:34","slug":"los-habitos-de-la-buena-suerte","status":"publish","type":"product","link":"https:\/\/libreriahistoriasdebolsillo.com\/index.php\/producto\/los-habitos-de-la-buena-suerte\/","title":{"rendered":"Los h\u00e1bitos de la buena suerte"},"content":{"rendered":"<div class=\"justify\">\n<p><b>C\u00f3mo mejorar tu suerte a trav\u00e9s de h\u00e1bitos simples y poderosos para implementar a diario, no importa la edad que tengas.<\/b><\/p>\n<\/div>\n<div class=\"justify\">\n<p align=\"JUSTIFY\">Algunas personas parecen tener buena suerte sin esfuerzo, mientras que otras no tienen la misma fortuna. La vida se asemeja a una serie de \u00abrachas\u00bb: a veces todo va bien y disfrutamos de buenos momentos, y otras veces nada sale como deseamos. Pero \u00bfy si la suerte no fuera solo cuesti\u00f3n de azar? Investigaciones recientes en neurociencia y psicolog\u00eda revelan que tu suerte est\u00e1 \u00edntimamente ligada con tus h\u00e1bitos. Existen ciertos comportamientos que atraen y amplifican la mala suerte, mientras que otros, simples y poderosos, te convierten en un im\u00e1n para las cosas positivas. Los h\u00e1bitos de la buena suerte invita a transformar tu vida adoptando esos h\u00e1bitos, que son muy f\u00e1ciles de implementar. No importa tu edad o si hoy la realidad se aleja de tus sue\u00f1os. En este nuevo libro de\u00a0<b>Ver\u00f3nica de Andr\u00e9s<\/b>, creadora del m\u00e9todo\u00a0<b><i>Confianza Total<\/i><\/b>\u00a0y reconocida a nivel mundial por las profundas transformaciones que logra en personas de todas las edades, encontrar\u00e1s un camino concreto hacia el bienestar y la felicidad. \u00bfEst\u00e1s listo para que la suerte est\u00e9 de tu lado? Este libro ha sido escrito para vos.<\/p>\n<\/div>\n","protected":false},"excerpt":{"rendered":"<p>Veronica de Andres<br \/>\n416 p\u00e1ginas<\/p>\n","protected":false},"featured_media":7924,"template":"","meta":{"_joinchat":[]},"product_brand":[],"product_cat":[58,41,70],"product_tag":[34],"class_list":{"0":"post-7923","1":"product","2":"type-product","3":"status-publish","4":"has-post-thumbnail","6":"product_cat-desarrollo-humano-y-superacion","7":"product_cat-desarrollo-humano","8":"product_cat-novedades","9":"product_tag-penguin-random-house","11":"first","12":"instock","13":"shipping-taxable","14":"purchasable","15":"product-type-simple"},"_links":{"self":[{"href":"https:\/\/libreriahistoriasdebolsillo.com\/index.php\/wp-json\/wp\/v2\/product\/7923","targetHints":{"allow":["GET"]}}],"collection":[{"href":"https:\/\/libreriahistoriasdebolsillo.com\/index.php\/wp-json\/wp\/v2\/product"}],"about":[{"href":"https:\/\/libreriahistoriasdebolsillo.com\/index.php\/wp-json\/wp\/v2\/types\/product"}],"wp:featuredmedia":[{"embeddable":true,"href":"https:\/\/libreriahistoriasdebolsillo.com\/index.php\/wp-json\/wp\/v2\/media\/7924"}],"wp:attachment":[{"href":"https:\/\/libreriahistoriasdebolsillo.com\/index.php\/wp-json\/wp\/v2\/media?parent=7923"}],"wp:term":[{"taxonomy":"product_brand","embeddable":true,"href":"https:\/\/libreriahistoriasdebolsillo.com\/index.php\/wp-json\/wp\/v2\/product_brand?post=7923"},{"taxonomy":"product_cat","embeddable":true,"href":"https:\/\/libreriahistoriasdebolsillo.com\/index.php\/wp-json\/wp\/v2\/product_cat?post=7923"},{"taxonomy":"product_tag","embeddable":true,"href":"https:\/\/libreriahistoriasdebolsillo.com\/index.php\/wp-json\/wp\/v2\/product_tag?post=7923"}],"curies":[{"name":"wp","href":"https:\/\/api.w.org\/{rel}","templated":true}]}}