{"id":7930,"date":"2025-12-15T18:55:11","date_gmt":"2025-12-16T00:55:11","guid":{"rendered":"https:\/\/libreriahistoriasdebolsillo.com\/?post_type=product&#038;p=7930"},"modified":"2026-03-12T09:54:15","modified_gmt":"2026-03-12T15:54:15","slug":"crepusculo-edicion-especial-limitada-bella-y-edward-por-el-20o-aniversario","status":"publish","type":"product","link":"https:\/\/libreriahistoriasdebolsillo.com\/index.php\/producto\/crepusculo-edicion-especial-limitada-bella-y-edward-por-el-20o-aniversario\/","title":{"rendered":"Crep\u00fasculo (edici\u00f3n especial limitada \u00abBella y Edward\u00bb por el 20\u00ba aniversario)"},"content":{"rendered":"<div class=\"justify\">\n<p><b>Vuelve la adicci\u00f3n m\u00e1s peligrosa\u2026 Celebra el 20 aniversario del romance vamp\u00edrico que marc\u00f3 a toda una generaci\u00f3n con esta edici\u00f3n limitada \u00fanica de Bella y Edward que todo fan debe tener.<\/b><\/p>\n<\/div>\n<div class=\"justify\">\n<p><b>EDICI\u00d3N LIMITADA CON UN PRECIOSO DISE\u00d1O DECORATIVO ESPECIAL EN EL INTERIOR E ILUSTRACIONES EXCLUSIVAS DE BELLA Y EDWARD ESCONDIDAS EN LOS CANTOS. \u00a1DESC\u00daBRELAS AL ABRIR EL LIBRO!<\/b><\/p>\n<p><b>\u00abHay tres cosas de las que estoy completamente segura. Primera, Edward es un vampiro. Segunda, una parte de \u00e9l se muere por beber mi sangre. Y tercera, estoy total y perdidamente enamorada de \u00e9l.\u00bb<\/b><\/p>\n<p>Cuando Isabella Swan se muda a Forks, una peque\u00f1a localidad del estado de Washington donde no deja de llover, piensa que es lo m\u00e1s aburrido que le pod\u00eda haber ocurrido. Pero su vida da un giro excitante y aterrador una vez que se encuentra con el misterioso y seductor Edward Cullen. Hasta ese momento, Edward se las hab\u00eda arreglado para mantener en secreto su identidad vamp\u00edrica, pero ahora ya nadie est\u00e1 a salvo, ni siquiera la persona a quien \u00e9l m\u00e1s quiere: Isabella.<\/p>\n<\/div>\n","protected":false},"excerpt":{"rendered":"<p>Stephenie Meyer<br \/>\n512 p\u00e1ginas<\/p>\n","protected":false},"featured_media":7931,"template":"","meta":{"_joinchat":[]},"product_brand":[],"product_cat":[70,76],"product_tag":[34],"class_list":{"0":"post-7930","1":"product","2":"type-product","3":"status-publish","4":"has-post-thumbnail","6":"product_cat-novedades","7":"product_cat-romantasy","8":"product_tag-penguin-random-house","10":"first","11":"outofstock","12":"shipping-taxable","13":"purchasable","14":"product-type-simple"},"_links":{"self":[{"href":"https:\/\/libreriahistoriasdebolsillo.com\/index.php\/wp-json\/wp\/v2\/product\/7930","targetHints":{"allow":["GET"]}}],"collection":[{"href":"https:\/\/libreriahistoriasdebolsillo.com\/index.php\/wp-json\/wp\/v2\/product"}],"about":[{"href":"https:\/\/libreriahistoriasdebolsillo.com\/index.php\/wp-json\/wp\/v2\/types\/product"}],"wp:featuredmedia":[{"embeddable":true,"href":"https:\/\/libreriahistoriasdebolsillo.com\/index.php\/wp-json\/wp\/v2\/media\/7931"}],"wp:attachment":[{"href":"https:\/\/libreriahistoriasdebolsillo.com\/index.php\/wp-json\/wp\/v2\/media?parent=7930"}],"wp:term":[{"taxonomy":"product_brand","embeddable":true,"href":"https:\/\/libreriahistoriasdebolsillo.com\/index.php\/wp-json\/wp\/v2\/product_brand?post=7930"},{"taxonomy":"product_cat","embeddable":true,"href":"https:\/\/libreriahistoriasdebolsillo.com\/index.php\/wp-json\/wp\/v2\/product_cat?post=7930"},{"taxonomy":"product_tag","embeddable":true,"href":"https:\/\/libreriahistoriasdebolsillo.com\/index.php\/wp-json\/wp\/v2\/product_tag?post=7930"}],"curies":[{"name":"wp","href":"https:\/\/api.w.org\/{rel}","templated":true}]}}