{"id":7932,"date":"2025-12-15T18:56:49","date_gmt":"2025-12-16T00:56:49","guid":{"rendered":"https:\/\/libreriahistoriasdebolsillo.com\/?post_type=product&#038;p=7932"},"modified":"2026-03-20T10:56:34","modified_gmt":"2026-03-20T16:56:34","slug":"mentalidad-de-guerrero-para-el-exito","status":"publish","type":"product","link":"https:\/\/libreriahistoriasdebolsillo.com\/index.php\/producto\/mentalidad-de-guerrero-para-el-exito\/","title":{"rendered":"Mentalidad de guerrero para el \u00e9xito"},"content":{"rendered":"<div class=\"justify\">\n<p><b>\u00bfQU\u00c9 PASAR\u00cdA SI APLICARAS A TU VIDA PERSONAL Y PROFESIONAL LOS MISMOS PRINCIPIOS QUE LOS GRANDES ESTRATEGAS DE LA HISTORIA EMPLEARON PARA CONSEGUIR SUS METAS?<\/b><\/p>\n<\/div>\n<div class=\"justify\">\n<p>A lo largo de la historia, los\u00a0<b>generales m\u00e1s admirados<\/b>\u00a0del mundo han utilizado principios b\u00e1sicos de\u00a0<b>estrategia militar<\/b>\u00a0que los ayudaron a lograr\u00a0<b>grandes victorias<\/b>, muchas veces aun con todo en contra. T\u00fa puedes aplicar esos mismos principios para\u00a0<b>alcanzar el \u00e9xito<\/b>\u00a0en todas las \u00e1reas de tu vida.<\/p>\n<p>En este libro,\u00a0<b>Brian Tracy<\/b>\u00a0\u2014autor bestseller reconocido mundialmente en temas de\u00a0<b>liderazgo, motivaci\u00f3n y \u00e9xito personal<\/b>\u2014 te revela los principios m\u00e1s importantes de la estrategia y te explica c\u00f3mo utilizarlos para alcanzar tus metas sin importar lo lejanas que parezcan. Con un estilo claro y pr\u00e1ctico descubrir\u00e1s c\u00f3mo:<\/p>\n<p>Definir objetivos con\u00a0<b>absoluta precisi\u00f3n<\/b>.<\/p>\n<p>Crear\u00a0<b>planes simples y eficaces<\/b>\u00a0que te acerquen a tus sue\u00f1os.<\/p>\n<p>Tomar la iniciativa y mantenerla hasta\u00a0<b>conseguir la victoria<\/b>.<\/p>\n<p><b>Concentrar tu energ\u00eda<\/b>\u00a0en lo que realmente importa.<\/p>\n<p>Usar la actitud positiva como\u00a0<b>motor de tu destino<\/b>.<\/p>\n<p>Este no es solo un libro, es un mapa\u00a0<b>estrat\u00e9gico<\/b>\u00a0para que conviertas cada meta en una conquista y hagas de este a\u00f1o el mejor de tu vida. Atr\u00e9vete a pensar como las personas m\u00e1s exitosas, act\u00faa como ellas\u2026 y alcanza los resultados que siempre has deseado.<\/p>\n<\/div>\n","protected":false},"excerpt":{"rendered":"<p>Brian Tracy<br \/>\n240 p\u00e1ginas<\/p>\n","protected":false},"featured_media":7933,"template":"","meta":{"_joinchat":[]},"product_brand":[],"product_cat":[58,70],"product_tag":[34],"class_list":{"0":"post-7932","1":"product","2":"type-product","3":"status-publish","4":"has-post-thumbnail","6":"product_cat-desarrollo-humano-y-superacion","7":"product_cat-novedades","8":"product_tag-penguin-random-house","10":"first","11":"outofstock","12":"shipping-taxable","13":"purchasable","14":"product-type-simple"},"_links":{"self":[{"href":"https:\/\/libreriahistoriasdebolsillo.com\/index.php\/wp-json\/wp\/v2\/product\/7932","targetHints":{"allow":["GET"]}}],"collection":[{"href":"https:\/\/libreriahistoriasdebolsillo.com\/index.php\/wp-json\/wp\/v2\/product"}],"about":[{"href":"https:\/\/libreriahistoriasdebolsillo.com\/index.php\/wp-json\/wp\/v2\/types\/product"}],"wp:featuredmedia":[{"embeddable":true,"href":"https:\/\/libreriahistoriasdebolsillo.com\/index.php\/wp-json\/wp\/v2\/media\/7933"}],"wp:attachment":[{"href":"https:\/\/libreriahistoriasdebolsillo.com\/index.php\/wp-json\/wp\/v2\/media?parent=7932"}],"wp:term":[{"taxonomy":"product_brand","embeddable":true,"href":"https:\/\/libreriahistoriasdebolsillo.com\/index.php\/wp-json\/wp\/v2\/product_brand?post=7932"},{"taxonomy":"product_cat","embeddable":true,"href":"https:\/\/libreriahistoriasdebolsillo.com\/index.php\/wp-json\/wp\/v2\/product_cat?post=7932"},{"taxonomy":"product_tag","embeddable":true,"href":"https:\/\/libreriahistoriasdebolsillo.com\/index.php\/wp-json\/wp\/v2\/product_tag?post=7932"}],"curies":[{"name":"wp","href":"https:\/\/api.w.org\/{rel}","templated":true}]}}