{"id":7956,"date":"2026-01-10T10:49:45","date_gmt":"2026-01-10T16:49:45","guid":{"rendered":"https:\/\/libreriahistoriasdebolsillo.com\/?post_type=product&#038;p=7956"},"modified":"2026-03-14T11:53:45","modified_gmt":"2026-03-14T17:53:45","slug":"orgullo-y-prejuicio-2","status":"publish","type":"product","link":"https:\/\/libreriahistoriasdebolsillo.com\/index.php\/producto\/orgullo-y-prejuicio-2\/","title":{"rendered":"Orgullo y prejuicio"},"content":{"rendered":"<div class=\"justify\">\n<p><b>Todo empez\u00f3 por querer leer un buen libro\u2026<\/b>\u00a0<b>\u00bfEra mucho pedir? En 1935, de camino a Londres, Allen Lane se detuvo<\/b>\u00a0<b>en un and\u00e9n del ferrocarril para buscar algo interesante que<\/b>\u00a0<b>leer durante el viaje. La oferta se limitaba a revistas populares y libros<\/b>\u00a0<b>en tapa blanda de mala calidad. La desilusi\u00f3n y el posterior disgusto<\/b>\u00a0<b>de Lane ante los t\u00edtulos disponibles lo llevaron a inventar el libro de<\/b>\u00a0<b>bolsillo, a fundar una empresa y a cambiar el mundo.<\/b><\/p>\n<p><b>\u00abCre\u00edamos que exist\u00eda un enorme p\u00fablico para los libros hechos<\/b>\u00a0<b>con inteligencia a bajo precio, y lo apostamos todo por ello.\u00bb<\/b><\/p>\n<p><b>&#8211;<\/b><b>Sir Allen Lane, 1902-1970, fundador de Penguin Books<\/b><\/p>\n<p><b>Los h\u00e1bitos de lectura han cambiado desde 1935, pero en Penguin<\/b>\u00a0<b>seguimos creyendo en publicar los mejores libros parael disfrute de<\/b>\u00a0<b>todos, y en que los buenos libros publicados con pasi\u00f3n y responsabilidad<\/b>\u00a0<b>mejoran el mundo.<\/b><\/p>\n<\/div>\n<div class=\"justify\">\n<p>A lo largo de una trama que discurre con la precisi\u00f3n de un mecanismo de relojer\u00eda, Jane Austen perfila una\u00a0<b>galer\u00eda de personajes<\/b>\u00a0que conforman un perfecto y sutil retrato de la \u00e9poca: la se\u00f1ora empe\u00f1ada en casar a sus hijas con el mejor partido,\u00a0<b>las hermanas<\/b>\u00a0que se debaten con sus vaivenes sentimentales, el\u00a0<b>soltero de oro<\/b>\u00a0que no es lo que parece&#8230; El estudio de los deseos personales enfrentados a la costumbre alcanza en\u00a0<i><b>Orgullo y prejuicio<\/b><\/i>\u00a0cotas de\u00a0<b>maestr\u00eda insuperables<\/b>, pero quiz\u00e1 nada fascina tanto a los lectores como la historia de amor que palpita en el\u00a0<b>coraz\u00f3n de la novela<\/b>.<\/p>\n<\/div>\n","protected":false},"excerpt":{"rendered":"<p>Jane Austen<br \/>\n448 p\u00e1ginas<\/p>\n","protected":false},"featured_media":7957,"template":"","meta":{"_joinchat":[]},"product_brand":[],"product_cat":[42],"product_tag":[34],"class_list":{"0":"post-7956","1":"product","2":"type-product","3":"status-publish","4":"has-post-thumbnail","6":"product_cat-literatura-clasica","7":"product_tag-penguin-random-house","9":"first","10":"outofstock","11":"shipping-taxable","12":"purchasable","13":"product-type-simple"},"_links":{"self":[{"href":"https:\/\/libreriahistoriasdebolsillo.com\/index.php\/wp-json\/wp\/v2\/product\/7956","targetHints":{"allow":["GET"]}}],"collection":[{"href":"https:\/\/libreriahistoriasdebolsillo.com\/index.php\/wp-json\/wp\/v2\/product"}],"about":[{"href":"https:\/\/libreriahistoriasdebolsillo.com\/index.php\/wp-json\/wp\/v2\/types\/product"}],"wp:featuredmedia":[{"embeddable":true,"href":"https:\/\/libreriahistoriasdebolsillo.com\/index.php\/wp-json\/wp\/v2\/media\/7957"}],"wp:attachment":[{"href":"https:\/\/libreriahistoriasdebolsillo.com\/index.php\/wp-json\/wp\/v2\/media?parent=7956"}],"wp:term":[{"taxonomy":"product_brand","embeddable":true,"href":"https:\/\/libreriahistoriasdebolsillo.com\/index.php\/wp-json\/wp\/v2\/product_brand?post=7956"},{"taxonomy":"product_cat","embeddable":true,"href":"https:\/\/libreriahistoriasdebolsillo.com\/index.php\/wp-json\/wp\/v2\/product_cat?post=7956"},{"taxonomy":"product_tag","embeddable":true,"href":"https:\/\/libreriahistoriasdebolsillo.com\/index.php\/wp-json\/wp\/v2\/product_tag?post=7956"}],"curies":[{"name":"wp","href":"https:\/\/api.w.org\/{rel}","templated":true}]}}