{"id":7960,"date":"2026-01-10T11:00:58","date_gmt":"2026-01-10T17:00:58","guid":{"rendered":"https:\/\/libreriahistoriasdebolsillo.com\/?post_type=product&#038;p=7960"},"modified":"2026-03-12T18:25:12","modified_gmt":"2026-03-13T00:25:12","slug":"la-hija-del-guerrillero-y-la-loca","status":"publish","type":"product","link":"https:\/\/libreriahistoriasdebolsillo.com\/index.php\/producto\/la-hija-del-guerrillero-y-la-loca\/","title":{"rendered":"La hija del guerrillero y la loca"},"content":{"rendered":"<p><i><b>La hija del guerrillero y la loca<\/b><\/i>\u00a0es la poderosa memoria de una\u00a0<b>ni\u00f1a exiliada<\/b>\u00a0en la\u00a0<b>Ciudad de M\u00e9xico<\/b>\u00a0a causa de la guerra en su pa\u00eds natal.<\/p>\n<p>En esta historia real,\u00a0<b>Saia<\/b><b>\u00a0Vergara Jaime<\/b>\u00a0\u2014actual\u00a0<b>viceministra de Cultura en Colombia<\/b>\u2014, le da voz a la ni\u00f1a que fue y, a trav\u00e9s de un lenguaje que apenas atina a nombrar el mundo, nos va contando lo que ocurre en el\u00a0<b>coraz\u00f3n y en la cotidianidad<\/b>, siempre atravesada por la incertidumbre del exilio. En el relato infantil se cuelan la voz de la adulta que consuela a la ni\u00f1a y la de la mujer en duelo que dialoga con su padre fallecido sobre\u00a0<b>la historia que les toc\u00f3 vivir<\/b>. \u00bfC\u00f3mo se puede reconstruir la vida a miles de kil\u00f3metros de los amores y los sue\u00f1os? \u00bfC\u00f3mo atravesar el\u00a0<b>dolor de la p\u00e9rdida de la figura paterna<\/b>?<\/p>\n<p>P\u00e1rrafo a p\u00e1rrafo, vamos conociendo lo que pasaron en nuestro pa\u00eds miles y miles de expulsados iberoamericanos, las esperanzas que les mantuvieron y las ternuras con que iluminaron \u2014y todav\u00eda iluminan\u2014 a\u00a0<b>nuestra patria<\/b>.<\/p>\n","protected":false},"excerpt":{"rendered":"<p>Saia Vergara Jaimen<br \/>\n240 p\u00e1ginas<\/p>\n","protected":false},"featured_media":7961,"template":"","meta":{"_joinchat":[]},"product_brand":[],"product_cat":[41,70],"product_tag":[34],"class_list":{"0":"post-7960","1":"product","2":"type-product","3":"status-publish","4":"has-post-thumbnail","6":"product_cat-desarrollo-humano","7":"product_cat-novedades","8":"product_tag-penguin-random-house","10":"first","11":"outofstock","12":"shipping-taxable","13":"purchasable","14":"product-type-simple"},"_links":{"self":[{"href":"https:\/\/libreriahistoriasdebolsillo.com\/index.php\/wp-json\/wp\/v2\/product\/7960","targetHints":{"allow":["GET"]}}],"collection":[{"href":"https:\/\/libreriahistoriasdebolsillo.com\/index.php\/wp-json\/wp\/v2\/product"}],"about":[{"href":"https:\/\/libreriahistoriasdebolsillo.com\/index.php\/wp-json\/wp\/v2\/types\/product"}],"wp:featuredmedia":[{"embeddable":true,"href":"https:\/\/libreriahistoriasdebolsillo.com\/index.php\/wp-json\/wp\/v2\/media\/7961"}],"wp:attachment":[{"href":"https:\/\/libreriahistoriasdebolsillo.com\/index.php\/wp-json\/wp\/v2\/media?parent=7960"}],"wp:term":[{"taxonomy":"product_brand","embeddable":true,"href":"https:\/\/libreriahistoriasdebolsillo.com\/index.php\/wp-json\/wp\/v2\/product_brand?post=7960"},{"taxonomy":"product_cat","embeddable":true,"href":"https:\/\/libreriahistoriasdebolsillo.com\/index.php\/wp-json\/wp\/v2\/product_cat?post=7960"},{"taxonomy":"product_tag","embeddable":true,"href":"https:\/\/libreriahistoriasdebolsillo.com\/index.php\/wp-json\/wp\/v2\/product_tag?post=7960"}],"curies":[{"name":"wp","href":"https:\/\/api.w.org\/{rel}","templated":true}]}}