{"id":7966,"date":"2026-01-10T11:07:58","date_gmt":"2026-01-10T17:07:58","guid":{"rendered":"https:\/\/libreriahistoriasdebolsillo.com\/?post_type=product&#038;p=7966"},"modified":"2026-04-30T16:49:48","modified_gmt":"2026-04-30T22:49:48","slug":"hay-filosofia-en-tu-nevera","status":"publish","type":"product","link":"https:\/\/libreriahistoriasdebolsillo.com\/index.php\/producto\/hay-filosofia-en-tu-nevera\/","title":{"rendered":"\u00bfHay filosof\u00eda en tu nevera?"},"content":{"rendered":"<div class=\"justify\">\n<p><b>La filosof\u00eda como nunca te la han contado. Desc\u00fabrela y sacia tu hambre de conocimiento.<\/b><\/p>\n<\/div>\n<div class=\"justify\">\n<p>\u00bfQui\u00e9n soy? \u00bfQu\u00e9 hago aqu\u00ed? \u00bfQu\u00e9 es la realidad? \u00bfSoy libre? \u00bfCu\u00e1l es el sentido de la vida? Y, si no tiene sentido, \u00bfvale la pena vivirla? \u00bfC\u00f3mo puedo comprender este mundo loco? Y, por cierto\u2026 \u00bfqu\u00e9 ven\u00eda a buscar a la nevera?<\/p>\n<p>Si las grandes preguntas te asaltan en el momento menos pensado, est\u00e1 claro que tienes hambre de conocimiento. En este original recorrido por la historia del pensamiento descubrir\u00e1s que la filosof\u00eda est\u00e1 en todas partes\u2026 \u00a1Incluso dentro y fuera de tu nevera!<\/p>\n<p>Con un tono desenfadado, mucho humor y referencias delirantes a la cultura digital, \u00bfHay filosof\u00eda en tu nevera? propone un acercamiento refrescante a los grandes temas que han tra\u00eddo de cabeza al ser humano desde sus inicios. Ya seas un novato en el mundo de la filosof\u00eda o un sabio experimentado, en estas p\u00e1ginas encontrar\u00e1s un tesoro con el que no podr\u00e1s parar de pensar. \u00a1Lo vas a devorar!<\/p>\n<\/div>\n","protected":false},"excerpt":{"rendered":"<p>Enric F. Gel<br \/>\n224 p\u00e1ginas<\/p>\n","protected":false},"featured_media":7967,"template":"","meta":{"_joinchat":[]},"product_brand":[],"product_cat":[61,70],"product_tag":[34],"class_list":{"0":"post-7966","1":"product","2":"type-product","3":"status-publish","4":"has-post-thumbnail","6":"product_cat-filosofia","7":"product_cat-novedades","8":"product_tag-penguin-random-house","10":"first","11":"outofstock","12":"shipping-taxable","13":"purchasable","14":"product-type-simple"},"_links":{"self":[{"href":"https:\/\/libreriahistoriasdebolsillo.com\/index.php\/wp-json\/wp\/v2\/product\/7966","targetHints":{"allow":["GET"]}}],"collection":[{"href":"https:\/\/libreriahistoriasdebolsillo.com\/index.php\/wp-json\/wp\/v2\/product"}],"about":[{"href":"https:\/\/libreriahistoriasdebolsillo.com\/index.php\/wp-json\/wp\/v2\/types\/product"}],"wp:featuredmedia":[{"embeddable":true,"href":"https:\/\/libreriahistoriasdebolsillo.com\/index.php\/wp-json\/wp\/v2\/media\/7967"}],"wp:attachment":[{"href":"https:\/\/libreriahistoriasdebolsillo.com\/index.php\/wp-json\/wp\/v2\/media?parent=7966"}],"wp:term":[{"taxonomy":"product_brand","embeddable":true,"href":"https:\/\/libreriahistoriasdebolsillo.com\/index.php\/wp-json\/wp\/v2\/product_brand?post=7966"},{"taxonomy":"product_cat","embeddable":true,"href":"https:\/\/libreriahistoriasdebolsillo.com\/index.php\/wp-json\/wp\/v2\/product_cat?post=7966"},{"taxonomy":"product_tag","embeddable":true,"href":"https:\/\/libreriahistoriasdebolsillo.com\/index.php\/wp-json\/wp\/v2\/product_tag?post=7966"}],"curies":[{"name":"wp","href":"https:\/\/api.w.org\/{rel}","templated":true}]}}