{"id":7968,"date":"2026-01-10T11:10:16","date_gmt":"2026-01-10T17:10:16","guid":{"rendered":"https:\/\/libreriahistoriasdebolsillo.com\/?post_type=product&#038;p=7968"},"modified":"2026-03-07T15:16:42","modified_gmt":"2026-03-07T21:16:42","slug":"nadie-lo-vio-venir","status":"publish","type":"product","link":"https:\/\/libreriahistoriasdebolsillo.com\/index.php\/producto\/nadie-lo-vio-venir\/","title":{"rendered":"Nadie lo vio venir"},"content":{"rendered":"<div class=\"justify\">\n<p><b>Un atrapante thriller de la autora de\u00a0<i>La pareja de al lado.<\/i><\/b><\/p>\n<p><b>Cuando una joven madre desaparece, un lujoso edificio de apartamentos se transforma en potencial escena del crimen: \u00bfpodr\u00e1n los detectives encontrarla antes de que sea demasiado tarde?<\/b><\/p>\n<\/div>\n<div class=\"justify\">\n<p>Bryden y Sam lo tienen todo: carreras profesionales brillantes, un apartamento en un edificio exclusivo, buenos amigos y una hija a la que adoran. La vida perfecta para la pareja perfecta.<\/p>\n<p>Hasta el d\u00eda en que Sam recibe una llamada en su despacho porque Bryden no ha recogido a su hija de la guarder\u00eda. Al llegar a casa con la ni\u00f1a, encuentra el coche de su mujer en el garaje. En el apartamento, el port\u00e1til de Bryden est\u00e1 abierto sobre la mesa, su m\u00f3vil al lado, las llaves en su sitio habitual en la entrada.<\/p>\n<p>Pero Bryden no aparece por ninguna parte. Es como si se hubiera evaporado.<\/p>\n<p>\u00bfC\u00f3mo puede haber desaparecido de su propia casa? \u00bfHa salido siquiera del edificio?<\/p>\n<p>A cada minuto que pasa \u2014y a medida que las preguntas se acumulan entre quienes la conoc\u00edan\u2014 el pasado de Bryden y Sam parece un poco menos perfecto, su edificio menos seguro, sus amigos, vecinos y familiares no tan fiables&#8230;<\/p>\n<\/div>\n","protected":false},"excerpt":{"rendered":"<p>Shari Lapena<br \/>\n376 p\u00e1ginas<\/p>\n","protected":false},"featured_media":7969,"template":"","meta":{"_joinchat":[]},"product_brand":[],"product_cat":[37,70],"product_tag":[34],"class_list":{"0":"post-7968","1":"product","2":"type-product","3":"status-publish","4":"has-post-thumbnail","6":"product_cat-misterio-y-thriller","7":"product_cat-novedades","8":"product_tag-penguin-random-house","10":"first","11":"outofstock","12":"shipping-taxable","13":"purchasable","14":"product-type-simple"},"_links":{"self":[{"href":"https:\/\/libreriahistoriasdebolsillo.com\/index.php\/wp-json\/wp\/v2\/product\/7968","targetHints":{"allow":["GET"]}}],"collection":[{"href":"https:\/\/libreriahistoriasdebolsillo.com\/index.php\/wp-json\/wp\/v2\/product"}],"about":[{"href":"https:\/\/libreriahistoriasdebolsillo.com\/index.php\/wp-json\/wp\/v2\/types\/product"}],"wp:featuredmedia":[{"embeddable":true,"href":"https:\/\/libreriahistoriasdebolsillo.com\/index.php\/wp-json\/wp\/v2\/media\/7969"}],"wp:attachment":[{"href":"https:\/\/libreriahistoriasdebolsillo.com\/index.php\/wp-json\/wp\/v2\/media?parent=7968"}],"wp:term":[{"taxonomy":"product_brand","embeddable":true,"href":"https:\/\/libreriahistoriasdebolsillo.com\/index.php\/wp-json\/wp\/v2\/product_brand?post=7968"},{"taxonomy":"product_cat","embeddable":true,"href":"https:\/\/libreriahistoriasdebolsillo.com\/index.php\/wp-json\/wp\/v2\/product_cat?post=7968"},{"taxonomy":"product_tag","embeddable":true,"href":"https:\/\/libreriahistoriasdebolsillo.com\/index.php\/wp-json\/wp\/v2\/product_tag?post=7968"}],"curies":[{"name":"wp","href":"https:\/\/api.w.org\/{rel}","templated":true}]}}