{"id":7970,"date":"2026-01-10T11:16:14","date_gmt":"2026-01-10T17:16:14","guid":{"rendered":"https:\/\/libreriahistoriasdebolsillo.com\/?post_type=product&#038;p=7970"},"modified":"2026-01-20T14:17:50","modified_gmt":"2026-01-20T20:17:50","slug":"el-proyecto-hail-mary","status":"publish","type":"product","link":"https:\/\/libreriahistoriasdebolsillo.com\/index.php\/producto\/el-proyecto-hail-mary\/","title":{"rendered":"El proyecto Hail Mary"},"content":{"rendered":"<div class=\"justify\">\n<p><b>Un \u00fanico astronauta. Una misi\u00f3n imposible. Un aliado que jam\u00e1s habr\u00eda imaginado.<\/b><\/p>\n<\/div>\n<div class=\"justify\">\n<p>Ryland Grace es el \u00fanico superviviente en una misi\u00f3n desesperada. Es la \u00faltima oportunidad y, si fracasa, la\u00a0<b>humanidad<\/b>\u00a0y la<b>Tierra<\/b>\u00a0misma perecer\u00e1n. Claro que, de momento, \u00e9l no lo sabe. Ni siquiera puede recordar su propio nombre, y mucho menos la naturaleza de su misi\u00f3n o c\u00f3mo llevarla a cabo. Lo \u00fanico que sabe es que ha estado en coma inducido durante mucho tiempo.<\/p>\n<p>Acaba de despertar y se encuentra a millones de kil\u00f3metros de su hogar, sin m\u00e1s compa\u00f1\u00eda que la de dos cad\u00e1veres. Muertos sus compa\u00f1eros de tripulaci\u00f3n, y a medida que va recuperando confusamente los\u00a0<b>recuerdos<\/b>, Grace se da cuenta de que se enfrenta a una\u00a0<b>misi\u00f3n imposible<\/b>. Recorriendo el espacio en una peque\u00f1a nave, depende de \u00e9l acabar con una\u00a0<b>amenaza de extinci\u00f3n<\/b>\u00a0para nuestra especie. Sin apenas tiempo y con el ser humano m\u00e1s cercano a a\u00f1os luz de distancia, habr\u00e1 de conseguirlo estando completamente solo. \u00bfO no?<\/p>\n<p><i>Proyecto<\/i>\u00a0<i>Hail<\/i><i>\u00a0Mary<\/i>, una\u00a0<b>aventura interestelar<\/b>\u00a0irresistible como solo Andy Weir pod\u00eda imaginar, es una historia de descubrimiento, especulaci\u00f3n y supervivencia a la altura de\u00a0<i>El marciano<\/i>\u00a0y que nos lleva a lugares que nunca so\u00f1amos alcanzar.<\/p>\n<\/div>\n","protected":false},"excerpt":{"rendered":"<p>Andy Weir<br \/>\n544 p\u00e1ginas<\/p>\n","protected":false},"featured_media":7971,"template":"","meta":{"_joinchat":[]},"product_brand":[],"product_cat":[40,70],"product_tag":[34],"class_list":{"0":"post-7970","1":"product","2":"type-product","3":"status-publish","4":"has-post-thumbnail","6":"product_cat-ciencia-ficcion","7":"product_cat-novedades","8":"product_tag-penguin-random-house","10":"first","11":"instock","12":"shipping-taxable","13":"purchasable","14":"product-type-simple"},"_links":{"self":[{"href":"https:\/\/libreriahistoriasdebolsillo.com\/index.php\/wp-json\/wp\/v2\/product\/7970","targetHints":{"allow":["GET"]}}],"collection":[{"href":"https:\/\/libreriahistoriasdebolsillo.com\/index.php\/wp-json\/wp\/v2\/product"}],"about":[{"href":"https:\/\/libreriahistoriasdebolsillo.com\/index.php\/wp-json\/wp\/v2\/types\/product"}],"wp:featuredmedia":[{"embeddable":true,"href":"https:\/\/libreriahistoriasdebolsillo.com\/index.php\/wp-json\/wp\/v2\/media\/7971"}],"wp:attachment":[{"href":"https:\/\/libreriahistoriasdebolsillo.com\/index.php\/wp-json\/wp\/v2\/media?parent=7970"}],"wp:term":[{"taxonomy":"product_brand","embeddable":true,"href":"https:\/\/libreriahistoriasdebolsillo.com\/index.php\/wp-json\/wp\/v2\/product_brand?post=7970"},{"taxonomy":"product_cat","embeddable":true,"href":"https:\/\/libreriahistoriasdebolsillo.com\/index.php\/wp-json\/wp\/v2\/product_cat?post=7970"},{"taxonomy":"product_tag","embeddable":true,"href":"https:\/\/libreriahistoriasdebolsillo.com\/index.php\/wp-json\/wp\/v2\/product_tag?post=7970"}],"curies":[{"name":"wp","href":"https:\/\/api.w.org\/{rel}","templated":true}]}}