{"id":7972,"date":"2026-01-10T11:18:37","date_gmt":"2026-01-10T17:18:37","guid":{"rendered":"https:\/\/libreriahistoriasdebolsillo.com\/?post_type=product&#038;p=7972"},"modified":"2026-01-30T15:20:47","modified_gmt":"2026-01-30T21:20:47","slug":"la-sabiduria-de-los-arcanos-menores","status":"publish","type":"product","link":"https:\/\/libreriahistoriasdebolsillo.com\/index.php\/producto\/la-sabiduria-de-los-arcanos-menores\/","title":{"rendered":"La sabidur\u00eda de los arcanos menores"},"content":{"rendered":"<div class=\"justify\">\n<p><b>Este libro es una invitaci\u00f3n a conocer los 56 arcanos menores del Tarot a trav\u00e9s de una mirada renovada con enfoque evolutivo y atendiendo sobre todo el poder de las cartas.<\/b><\/p>\n<\/div>\n<div class=\"justify\">\n<p align=\"JUSTIFY\">El Tarot y su sabidur\u00eda se abrazan a la fuerza que nos otorga cada elemento de la naturaleza: el agua, la tierra, el fuego y el aire. Con las cartas, podemos conectar con cada uno de ellos y su potencia. Este texto es ideal tanto para quienes est\u00e9n empezando a indagar en este universo como para quienes sean experimentados y desean ampliar la b\u00fasqueda desde esta perspectiva novedosa e intuitiva. Contiene un desarrollo de cada arcano, con su explicaci\u00f3n detallada que puede servir tanto de manual integral como un libro or\u00e1culo, una herramienta de consulta sincr\u00f3nica. Cuenta con im\u00e1genes comparativas del cl\u00e1sico Tarot de Marsella con el Tarot Fulgor Elemental, que presenta el recorrido de los arcanos en su evoluci\u00f3n c\u00edclica elemental. Por eso, este libro no se propone ser una gu\u00eda terap\u00e9utica, sino m\u00e1s bien po\u00e9tica y l\u00fadica, donde lectores y lectoras podr\u00e1n recorrerlo con distintos fines: ya sea aprender m\u00e1s o iniciar un viaje de autoconocimiento. Cada uno podr\u00e1 poner en pr\u00e1ctica estos contenidos en sus consultas o, si son principiantes, acompa\u00f1ar sus primeros pasos por estos arcanos fascinantes.<\/p>\n<\/div>\n","protected":false},"excerpt":{"rendered":"<p>Victor Leni Cordero<br \/>\n304 p\u00e1ginas<\/p>\n","protected":false},"featured_media":7973,"template":"","meta":{"_joinchat":[]},"product_brand":[],"product_cat":[59,41,70],"product_tag":[34],"class_list":{"0":"post-7972","1":"product","2":"type-product","3":"status-publish","4":"has-post-thumbnail","6":"product_cat-esoterismo","7":"product_cat-desarrollo-humano","8":"product_cat-novedades","9":"product_tag-penguin-random-house","11":"first","12":"instock","13":"shipping-taxable","14":"purchasable","15":"product-type-simple"},"_links":{"self":[{"href":"https:\/\/libreriahistoriasdebolsillo.com\/index.php\/wp-json\/wp\/v2\/product\/7972","targetHints":{"allow":["GET"]}}],"collection":[{"href":"https:\/\/libreriahistoriasdebolsillo.com\/index.php\/wp-json\/wp\/v2\/product"}],"about":[{"href":"https:\/\/libreriahistoriasdebolsillo.com\/index.php\/wp-json\/wp\/v2\/types\/product"}],"wp:featuredmedia":[{"embeddable":true,"href":"https:\/\/libreriahistoriasdebolsillo.com\/index.php\/wp-json\/wp\/v2\/media\/7973"}],"wp:attachment":[{"href":"https:\/\/libreriahistoriasdebolsillo.com\/index.php\/wp-json\/wp\/v2\/media?parent=7972"}],"wp:term":[{"taxonomy":"product_brand","embeddable":true,"href":"https:\/\/libreriahistoriasdebolsillo.com\/index.php\/wp-json\/wp\/v2\/product_brand?post=7972"},{"taxonomy":"product_cat","embeddable":true,"href":"https:\/\/libreriahistoriasdebolsillo.com\/index.php\/wp-json\/wp\/v2\/product_cat?post=7972"},{"taxonomy":"product_tag","embeddable":true,"href":"https:\/\/libreriahistoriasdebolsillo.com\/index.php\/wp-json\/wp\/v2\/product_tag?post=7972"}],"curies":[{"name":"wp","href":"https:\/\/api.w.org\/{rel}","templated":true}]}}