{"id":7976,"date":"2026-01-10T11:24:38","date_gmt":"2026-01-10T17:24:38","guid":{"rendered":"https:\/\/libreriahistoriasdebolsillo.com\/?post_type=product&#038;p=7976"},"modified":"2026-02-05T17:50:11","modified_gmt":"2026-02-05T23:50:11","slug":"canasta-de-cuentos-mexicanos","status":"publish","type":"product","link":"https:\/\/libreriahistoriasdebolsillo.com\/index.php\/producto\/canasta-de-cuentos-mexicanos\/","title":{"rendered":"Canasta de cuentos mexicanos"},"content":{"rendered":"<p>B. Traven, nacido en Alemania, vivi\u00f3 m\u00e1s de\u00a0<b>la<\/b>\u00a0<b>mitad de su vida en M\u00e9xico<\/b>\u00a0y sinti\u00f3 gran admiraci\u00f3n por su gente.\u00a0<i><b>Canasta de cuentos mexicanos<\/b><\/i>\u00a0es un testimonio de ello a trav\u00e9s de diez cuentos que retratan las costumbres, ideas y conflictos del pa\u00eds durante la primera mitad del\u00a0<b>siglo<\/b>\u00a0<b>XX<\/b>.<\/p>\n<p>Estos relatos presentan dos perspectivas de existir en el mundo que se contraponen: la visi\u00f3n pragm\u00e1tica y a veces\u00a0<b>c\u00ednica del for\u00e1neo<\/b>, que representa los intereses econ\u00f3micos o pol\u00edticos, y la sabidur\u00eda popular de los mexicanos que, con humor, astucia y dignidad enfrentan el d\u00eda a d\u00eda.\u00a0<b>Las historias de<\/b>\u00a0<b>Traven<\/b>\u00a0van del absurdo a la tragedia, retratando las tensiones que hay en el poder, lo marginal, la justicia y la resistencia.<\/p>\n","protected":false},"excerpt":{"rendered":"<p>B. Traven<br \/>\n179 p\u00e1ginas<\/p>\n","protected":false},"featured_media":7977,"template":"","meta":{"_joinchat":[]},"product_brand":[],"product_cat":[42],"product_tag":[34],"class_list":{"0":"post-7976","1":"product","2":"type-product","3":"status-publish","4":"has-post-thumbnail","6":"product_cat-literatura-clasica","7":"product_tag-penguin-random-house","9":"first","10":"outofstock","11":"shipping-taxable","12":"purchasable","13":"product-type-simple"},"_links":{"self":[{"href":"https:\/\/libreriahistoriasdebolsillo.com\/index.php\/wp-json\/wp\/v2\/product\/7976","targetHints":{"allow":["GET"]}}],"collection":[{"href":"https:\/\/libreriahistoriasdebolsillo.com\/index.php\/wp-json\/wp\/v2\/product"}],"about":[{"href":"https:\/\/libreriahistoriasdebolsillo.com\/index.php\/wp-json\/wp\/v2\/types\/product"}],"wp:featuredmedia":[{"embeddable":true,"href":"https:\/\/libreriahistoriasdebolsillo.com\/index.php\/wp-json\/wp\/v2\/media\/7977"}],"wp:attachment":[{"href":"https:\/\/libreriahistoriasdebolsillo.com\/index.php\/wp-json\/wp\/v2\/media?parent=7976"}],"wp:term":[{"taxonomy":"product_brand","embeddable":true,"href":"https:\/\/libreriahistoriasdebolsillo.com\/index.php\/wp-json\/wp\/v2\/product_brand?post=7976"},{"taxonomy":"product_cat","embeddable":true,"href":"https:\/\/libreriahistoriasdebolsillo.com\/index.php\/wp-json\/wp\/v2\/product_cat?post=7976"},{"taxonomy":"product_tag","embeddable":true,"href":"https:\/\/libreriahistoriasdebolsillo.com\/index.php\/wp-json\/wp\/v2\/product_tag?post=7976"}],"curies":[{"name":"wp","href":"https:\/\/api.w.org\/{rel}","templated":true}]}}