{"id":7978,"date":"2026-01-10T11:25:59","date_gmt":"2026-01-10T17:25:59","guid":{"rendered":"https:\/\/libreriahistoriasdebolsillo.com\/?post_type=product&#038;p=7978"},"modified":"2026-03-12T18:23:23","modified_gmt":"2026-03-13T00:23:23","slug":"macario","status":"publish","type":"product","link":"https:\/\/libreriahistoriasdebolsillo.com\/index.php\/producto\/macario\/","title":{"rendered":"Macario"},"content":{"rendered":"<div class=\"justify\">\n<p><b>Para celebrar la atemporal vigencia<\/b>\u00a0<b>de la obra, este libro incluye \u201cArchivo<\/b>\u00a0<b>Traven<\/b><b>:<\/b>\u00a0<b>hacer<\/b>\u00a0<i><b>Macario<\/b><\/i><b>\u201d, un recorrido visual para<\/b>\u00a0<b>celebrar el texto de<\/b>\u00a0<b>Traven<\/b><b>\u00a0y su adaptaci\u00f3n<\/b>\u00a0<b>cinematogr\u00e1fica, una de las pel\u00edculas m\u00e1s<\/b>\u00a0<b>emblem\u00e1ticas del cine mexicano.<\/b><\/p>\n<\/div>\n<div class=\"justify\">\n<p><b>Macario<\/b>\u00a0es una persona humilde, le\u00f1ador, trabajador, padre responsable con una sola, pero improbable, ilusi\u00f3n:\u00a0<b>comer \u00e9l solo un pavo entero<\/b>. Cuando se le presenta la oportunidad como recompensa por su esfuerzo, se encuentra a\u00a0<b>tres<\/b>\u00a0<b>extra\u00f1as figuras<\/b>\u00a0que intentan convencerlo de compartir su anhelada comida a cambio de\u00a0<b>promesas<\/b>\u00a0<b>y dones extraordinarios\u00a0<\/b>.<\/p>\n<p>Ambientada en el M\u00e9xico rural de la\u00a0<b>\u00e9poca colonial<\/b>, esta breve novela de\u00a0<b>B.<\/b>\u00a0<b>Traven<\/b>\u00a0es una poderosa reflexi\u00f3n sobre el deseo, la dignidad, la injusticia y la muerte; una par\u00e1bola sobre la\u00a0<b>lucha de clases y la desigualdad<\/b>; una historia que, escrita en clave de f\u00e1bula con un lenguaje directo y accesible, cuestiona las estructuras de poder y las\u00a0<b>jerarqu\u00edas sociales<\/b>.<\/p>\n<\/div>\n","protected":false},"excerpt":{"rendered":"<p>B. Traven<br \/>\n88 p\u00e1ginas<\/p>\n","protected":false},"featured_media":7979,"template":"","meta":{"_joinchat":[]},"product_brand":[],"product_cat":[42,51],"product_tag":[34],"class_list":{"0":"post-7978","1":"product","2":"type-product","3":"status-publish","4":"has-post-thumbnail","6":"product_cat-literatura-clasica","7":"product_cat-oferta","8":"product_tag-penguin-random-house","10":"first","11":"outofstock","12":"shipping-taxable","13":"purchasable","14":"product-type-simple"},"_links":{"self":[{"href":"https:\/\/libreriahistoriasdebolsillo.com\/index.php\/wp-json\/wp\/v2\/product\/7978","targetHints":{"allow":["GET"]}}],"collection":[{"href":"https:\/\/libreriahistoriasdebolsillo.com\/index.php\/wp-json\/wp\/v2\/product"}],"about":[{"href":"https:\/\/libreriahistoriasdebolsillo.com\/index.php\/wp-json\/wp\/v2\/types\/product"}],"wp:featuredmedia":[{"embeddable":true,"href":"https:\/\/libreriahistoriasdebolsillo.com\/index.php\/wp-json\/wp\/v2\/media\/7979"}],"wp:attachment":[{"href":"https:\/\/libreriahistoriasdebolsillo.com\/index.php\/wp-json\/wp\/v2\/media?parent=7978"}],"wp:term":[{"taxonomy":"product_brand","embeddable":true,"href":"https:\/\/libreriahistoriasdebolsillo.com\/index.php\/wp-json\/wp\/v2\/product_brand?post=7978"},{"taxonomy":"product_cat","embeddable":true,"href":"https:\/\/libreriahistoriasdebolsillo.com\/index.php\/wp-json\/wp\/v2\/product_cat?post=7978"},{"taxonomy":"product_tag","embeddable":true,"href":"https:\/\/libreriahistoriasdebolsillo.com\/index.php\/wp-json\/wp\/v2\/product_tag?post=7978"}],"curies":[{"name":"wp","href":"https:\/\/api.w.org\/{rel}","templated":true}]}}