{"id":7980,"date":"2026-01-10T11:27:15","date_gmt":"2026-01-10T17:27:15","guid":{"rendered":"https:\/\/libreriahistoriasdebolsillo.com\/?post_type=product&#038;p=7980"},"modified":"2026-03-11T09:58:18","modified_gmt":"2026-03-11T15:58:18","slug":"el-barco-de-la-muerte","status":"publish","type":"product","link":"https:\/\/libreriahistoriasdebolsillo.com\/index.php\/producto\/el-barco-de-la-muerte\/","title":{"rendered":"El barco de la muerte"},"content":{"rendered":"<div class=\"justify\">\n<p><b>Sin papeles, ni<\/b>\u00a0<b>dinero,ni<\/b><b>\u00a0naci\u00f3n&#8230;<\/b><\/p>\n<\/div>\n<div class=\"justify\">\n<p>Un marinero estadounidense vive lo peor que podr\u00eda pasarle a un tripulante que se considera valioso para su embarcaci\u00f3n: que su barco parta sin \u00e9l. Todo lo que posee para probar su identidad e incluso su propio hogar est\u00e1n en altamar, en el\u00a0<i>Tuscaloosa<\/i>. Sin pasaporte, sin nombre y ni un centavo, el marinero experimenta la crueldad bur\u00f3crata y la opresi\u00f3n de aquellos que ejercen poder, por lo que se ve forzado a tomar un trabajo en el\u00a0<i>Yorikke<\/i>, un nav\u00edo condenado a la destrucci\u00f3n.<\/p>\n<p><i>El barco de la muerte<\/i>\u00a0fue el primer libro publicado de B. Traven, un retrato crudo de la sordidez humana y una fuerte cr\u00edtica sobre las din\u00e1micas del poder y del nacionalismo; una novela mar\u00edtima sobre la burocracia, la inmigraci\u00f3n, la identidad, la ilegalidad, el proletariado y las duras consecuencias de ser prescindible por el sistema. Con la fuerza de un manifiesto de la clase trabajadora, esta novela sigue resonando como una advertencia sobre la injusticia sist\u00e9mica y el valor inherente de cada individuo.<\/p>\n<p>Esta edici\u00f3n celebra los cien a\u00f1os de la publicaci\u00f3n original del libro, con una traducci\u00f3n revisada y actualizada, y con dos textos adicionales: \u201cUn ep\u00edlogo personal\u201d, de Volker Kutscher, y \u201cMi novela,\u00a0<i>El barco de la<\/i>\u00a0<i>muerte<\/i>\u201d, del mismo B. Traven.<\/p>\n<\/div>\n","protected":false},"excerpt":{"rendered":"<p>B. Traven<br \/>\n352 p\u00e1ginas<\/p>\n","protected":false},"featured_media":7981,"template":"","meta":{"_joinchat":[]},"product_brand":[],"product_cat":[42],"product_tag":[34],"class_list":{"0":"post-7980","1":"product","2":"type-product","3":"status-publish","4":"has-post-thumbnail","6":"product_cat-literatura-clasica","7":"product_tag-penguin-random-house","9":"first","10":"outofstock","11":"shipping-taxable","12":"purchasable","13":"product-type-simple"},"_links":{"self":[{"href":"https:\/\/libreriahistoriasdebolsillo.com\/index.php\/wp-json\/wp\/v2\/product\/7980","targetHints":{"allow":["GET"]}}],"collection":[{"href":"https:\/\/libreriahistoriasdebolsillo.com\/index.php\/wp-json\/wp\/v2\/product"}],"about":[{"href":"https:\/\/libreriahistoriasdebolsillo.com\/index.php\/wp-json\/wp\/v2\/types\/product"}],"wp:featuredmedia":[{"embeddable":true,"href":"https:\/\/libreriahistoriasdebolsillo.com\/index.php\/wp-json\/wp\/v2\/media\/7981"}],"wp:attachment":[{"href":"https:\/\/libreriahistoriasdebolsillo.com\/index.php\/wp-json\/wp\/v2\/media?parent=7980"}],"wp:term":[{"taxonomy":"product_brand","embeddable":true,"href":"https:\/\/libreriahistoriasdebolsillo.com\/index.php\/wp-json\/wp\/v2\/product_brand?post=7980"},{"taxonomy":"product_cat","embeddable":true,"href":"https:\/\/libreriahistoriasdebolsillo.com\/index.php\/wp-json\/wp\/v2\/product_cat?post=7980"},{"taxonomy":"product_tag","embeddable":true,"href":"https:\/\/libreriahistoriasdebolsillo.com\/index.php\/wp-json\/wp\/v2\/product_tag?post=7980"}],"curies":[{"name":"wp","href":"https:\/\/api.w.org\/{rel}","templated":true}]}}