{"id":7982,"date":"2026-01-10T11:29:55","date_gmt":"2026-01-10T17:29:55","guid":{"rendered":"https:\/\/libreriahistoriasdebolsillo.com\/?post_type=product&#038;p=7982"},"modified":"2026-04-23T15:47:11","modified_gmt":"2026-04-23T21:47:11","slug":"marie-curie","status":"publish","type":"product","link":"https:\/\/libreriahistoriasdebolsillo.com\/index.php\/producto\/marie-curie\/","title":{"rendered":"Marie Curie"},"content":{"rendered":"<div class=\"justify\">\n<p><b>La historia oculta de Marie Curie, la madre de la f\u00edsica moderna.<\/b><\/p>\n<\/div>\n<div class=\"justify\">\n<p>Todos creemos saber qui\u00e9n fue Marie Sklodowska. Tambi\u00e9n conocida como Marie Curie, fue la primera mujer en recibir un premio Nobel y la primera mujer cient\u00edfica en ser reconocida universalmente: su descubrimiento de la radioactividad fue el inicio de una brillante carrera que culmin\u00f3 con la incorporaci\u00f3n de dos nuevos elementos a la tabla peri\u00f3dica.<\/p>\n<p>Trabajadora incansable, Marie Curie vivi\u00f3 aparentemente ajena a las limitaciones impuestas a las mujeres de su tiempo. La realidad, sin embargo, es que fue denostada y agredida: la tildaron de impostora, de jud\u00eda inmigrante, de ad\u00faltera, de aprovechada&#8230; Esta apasionante biograf\u00eda nos har\u00e1 descubrir con nuevos ojos la vida de una cient\u00edfica extraordinaria que, todav\u00eda hoy, sigue suscitando una inmensa fascinaci\u00f3n.<\/p>\n<\/div>\n","protected":false},"excerpt":{"rendered":"<p>Adela Mu\u00f1oz Paez<br \/>\n336 p\u00e1ginas<\/p>\n","protected":false},"featured_media":7983,"template":"","meta":{"_joinchat":[]},"product_brand":[],"product_cat":[41,70],"product_tag":[34],"class_list":{"0":"post-7982","1":"product","2":"type-product","3":"status-publish","4":"has-post-thumbnail","6":"product_cat-desarrollo-humano","7":"product_cat-novedades","8":"product_tag-penguin-random-house","10":"first","11":"outofstock","12":"shipping-taxable","13":"purchasable","14":"product-type-simple"},"_links":{"self":[{"href":"https:\/\/libreriahistoriasdebolsillo.com\/index.php\/wp-json\/wp\/v2\/product\/7982","targetHints":{"allow":["GET"]}}],"collection":[{"href":"https:\/\/libreriahistoriasdebolsillo.com\/index.php\/wp-json\/wp\/v2\/product"}],"about":[{"href":"https:\/\/libreriahistoriasdebolsillo.com\/index.php\/wp-json\/wp\/v2\/types\/product"}],"wp:featuredmedia":[{"embeddable":true,"href":"https:\/\/libreriahistoriasdebolsillo.com\/index.php\/wp-json\/wp\/v2\/media\/7983"}],"wp:attachment":[{"href":"https:\/\/libreriahistoriasdebolsillo.com\/index.php\/wp-json\/wp\/v2\/media?parent=7982"}],"wp:term":[{"taxonomy":"product_brand","embeddable":true,"href":"https:\/\/libreriahistoriasdebolsillo.com\/index.php\/wp-json\/wp\/v2\/product_brand?post=7982"},{"taxonomy":"product_cat","embeddable":true,"href":"https:\/\/libreriahistoriasdebolsillo.com\/index.php\/wp-json\/wp\/v2\/product_cat?post=7982"},{"taxonomy":"product_tag","embeddable":true,"href":"https:\/\/libreriahistoriasdebolsillo.com\/index.php\/wp-json\/wp\/v2\/product_tag?post=7982"}],"curies":[{"name":"wp","href":"https:\/\/api.w.org\/{rel}","templated":true}]}}