{"id":7984,"date":"2026-01-10T11:31:58","date_gmt":"2026-01-10T17:31:58","guid":{"rendered":"https:\/\/libreriahistoriasdebolsillo.com\/?post_type=product&#038;p=7984"},"modified":"2026-04-30T16:47:41","modified_gmt":"2026-04-30T22:47:41","slug":"cambia-tu-vida-con-jane-austen","status":"publish","type":"product","link":"https:\/\/libreriahistoriasdebolsillo.com\/index.php\/producto\/cambia-tu-vida-con-jane-austen\/","title":{"rendered":"Cambia tu vida con Jane Austen"},"content":{"rendered":"<div class=\"justify\">\n<p><b>En su 250 aniversario, Jane Austen se ha convertido en un icono.<\/b>\u00a0<b>D\u00e9jate inspirar por una de las autoras que m\u00e1s lectores ha enamorado a lo largo de los siglos a trav\u00e9s de este ameno y revelador viaje que te permitir\u00e1 descubrir tu fuerza interior y tus prioridades.<\/b><\/p>\n<\/div>\n<div class=\"justify\">\n<p>Dos siglos y medio despu\u00e9s de su nacimiento, podemos ver con claridad c\u00f3mo Jane Austen es una figura genuina de la historia de la literatura. Y no solo por ser la autora de cl\u00e1sicos tan vigentes comoOrgullo y prejuicio o Sentido y sensibilidad, sino porque su propia vida fue tan \u00fanica que es una inspiraci\u00f3n para el mundo de hoy, en el que tratamos de encontrar nuestro propio camino en medio del caos.<\/p>\n<p>De la mano de Carla Gracia, doctora en escritura creativa por la Universidad de Bath, ciudad donde residi\u00f3 Jane Austen, este delicioso y apasionante texto desgrana diecisiete temas fij\u00e1ndose en su andadura y su obra, para extraer valores y ense\u00f1anzas que te har\u00e1n reflexionar sobre tu d\u00eda a d\u00eda. Entre otras cosas, aprender\u00e1s c\u00f3mo\u2026<\/p>\n<p>* Ser t\u00fa y liberarte de las expectativas de los dem\u00e1s<\/p>\n<p>* Atreverte a vivir tu propia vida<\/p>\n<p>* Hallar la serenidad en medio del ruido cotidiano<\/p>\n<p>* Pilotar los cambios de fortuna a tu favor<\/p>\n<p>* Sostener tu propio coraz\u00f3n<\/p>\n<p>* Amar la vida sin rendirte<\/p>\n<p><b>\u00abNadie quiere permanecer en aguas tranquilas durante toda su vida\u00bb.<\/b><br \/>\n<b>JANE AUSTEN<\/b><\/p>\n<\/div>\n","protected":false},"excerpt":{"rendered":"<p>Carla Garcia<br \/>\n240 p\u00e1ginas<\/p>\n","protected":false},"featured_media":7985,"template":"","meta":{"_joinchat":[]},"product_brand":[],"product_cat":[41,70],"product_tag":[34],"class_list":{"0":"post-7984","1":"product","2":"type-product","3":"status-publish","4":"has-post-thumbnail","6":"product_cat-desarrollo-humano","7":"product_cat-novedades","8":"product_tag-penguin-random-house","10":"first","11":"outofstock","12":"shipping-taxable","13":"purchasable","14":"product-type-simple"},"_links":{"self":[{"href":"https:\/\/libreriahistoriasdebolsillo.com\/index.php\/wp-json\/wp\/v2\/product\/7984","targetHints":{"allow":["GET"]}}],"collection":[{"href":"https:\/\/libreriahistoriasdebolsillo.com\/index.php\/wp-json\/wp\/v2\/product"}],"about":[{"href":"https:\/\/libreriahistoriasdebolsillo.com\/index.php\/wp-json\/wp\/v2\/types\/product"}],"wp:featuredmedia":[{"embeddable":true,"href":"https:\/\/libreriahistoriasdebolsillo.com\/index.php\/wp-json\/wp\/v2\/media\/7985"}],"wp:attachment":[{"href":"https:\/\/libreriahistoriasdebolsillo.com\/index.php\/wp-json\/wp\/v2\/media?parent=7984"}],"wp:term":[{"taxonomy":"product_brand","embeddable":true,"href":"https:\/\/libreriahistoriasdebolsillo.com\/index.php\/wp-json\/wp\/v2\/product_brand?post=7984"},{"taxonomy":"product_cat","embeddable":true,"href":"https:\/\/libreriahistoriasdebolsillo.com\/index.php\/wp-json\/wp\/v2\/product_cat?post=7984"},{"taxonomy":"product_tag","embeddable":true,"href":"https:\/\/libreriahistoriasdebolsillo.com\/index.php\/wp-json\/wp\/v2\/product_tag?post=7984"}],"curies":[{"name":"wp","href":"https:\/\/api.w.org\/{rel}","templated":true}]}}