{"id":7986,"date":"2026-01-10T11:34:08","date_gmt":"2026-01-10T17:34:08","guid":{"rendered":"https:\/\/libreriahistoriasdebolsillo.com\/?post_type=product&#038;p=7986"},"modified":"2026-04-30T16:47:56","modified_gmt":"2026-04-30T22:47:56","slug":"la-vida-suave","status":"publish","type":"product","link":"https:\/\/libreriahistoriasdebolsillo.com\/index.php\/producto\/la-vida-suave\/","title":{"rendered":"La vida suave"},"content":{"rendered":"<div class=\"justify\">\n<p><b>Este libro es un refugio y un sendero para quienes desean vivir con m\u00e1s consciencia, m\u00e1s verdad y m\u00e1s amor. Es una invitaci\u00f3n a una existencia m\u00e1s suave.<\/b><\/p>\n<\/div>\n<div class=\"justify\">\n<p><i><b>La vida suave<\/b><\/i>\u00a0es una gu\u00eda profunda y po\u00e9tica para habitar la plenitud. Mediante poderosas reflexiones,\u00a0<b>ense\u00f1anzas ancestrales y pr\u00e1cticas meditativas<\/b>, Alejandra Llamas nos toma de la mano para reconocer la diferencia entre el ego y la consciencia, liberarnos de\u00a0<b>creencias que nos limitan<\/b>, reconciliarnos con nuestras emociones y encontrar la Verdad que ya vive en nosotros. La felicidad y la paz no se alcanzan al cumplir expectativas externas, sino al observar en nuestro interior: la clave est\u00e1 en vivir el presente con atenci\u00f3n, sencillez y gratitud. Inspirado en las ense\u00f1anzas m\u00e1s importantes de sabidur\u00edas milenarias como el\u00a0<b>tao\u00edsmo y el budismo<\/b>, este libro nos ofrece la posibilidad de conquistar la armon\u00eda, la no dualidad y la\u00a0<b>aceptaci\u00f3n radical<\/b>.<\/p>\n<p>Autoridad indiscutible en el camino hacia el\u00a0<b>autoconocimiento y autora<\/b>\u00a0<b>bestseller<\/b>,\u00a0<b>Alejandra Llamas<\/b>\u00a0posee una sensibilidad \u00fanica para guiarnos de vuelta al lugar donde la resistencia se disuelve y podemos simplemente ser. Su voz cercana, amorosa y reveladora convierte cada cap\u00edtulo en un espacio de descanso,\u00a0<b>claridad y profunda transformaci\u00f3n<\/b>.<\/p>\n<\/div>\n","protected":false},"excerpt":{"rendered":"<p>Alejandra Llamas<br \/>\n200 p\u00e1ginas<\/p>\n","protected":false},"featured_media":7987,"template":"","meta":{"_joinchat":[]},"product_brand":[],"product_cat":[58,41,70],"product_tag":[34],"class_list":{"0":"post-7986","1":"product","2":"type-product","3":"status-publish","4":"has-post-thumbnail","6":"product_cat-desarrollo-humano-y-superacion","7":"product_cat-desarrollo-humano","8":"product_cat-novedades","9":"product_tag-penguin-random-house","11":"first","12":"outofstock","13":"shipping-taxable","14":"purchasable","15":"product-type-simple"},"_links":{"self":[{"href":"https:\/\/libreriahistoriasdebolsillo.com\/index.php\/wp-json\/wp\/v2\/product\/7986","targetHints":{"allow":["GET"]}}],"collection":[{"href":"https:\/\/libreriahistoriasdebolsillo.com\/index.php\/wp-json\/wp\/v2\/product"}],"about":[{"href":"https:\/\/libreriahistoriasdebolsillo.com\/index.php\/wp-json\/wp\/v2\/types\/product"}],"wp:featuredmedia":[{"embeddable":true,"href":"https:\/\/libreriahistoriasdebolsillo.com\/index.php\/wp-json\/wp\/v2\/media\/7987"}],"wp:attachment":[{"href":"https:\/\/libreriahistoriasdebolsillo.com\/index.php\/wp-json\/wp\/v2\/media?parent=7986"}],"wp:term":[{"taxonomy":"product_brand","embeddable":true,"href":"https:\/\/libreriahistoriasdebolsillo.com\/index.php\/wp-json\/wp\/v2\/product_brand?post=7986"},{"taxonomy":"product_cat","embeddable":true,"href":"https:\/\/libreriahistoriasdebolsillo.com\/index.php\/wp-json\/wp\/v2\/product_cat?post=7986"},{"taxonomy":"product_tag","embeddable":true,"href":"https:\/\/libreriahistoriasdebolsillo.com\/index.php\/wp-json\/wp\/v2\/product_tag?post=7986"}],"curies":[{"name":"wp","href":"https:\/\/api.w.org\/{rel}","templated":true}]}}