{"id":7988,"date":"2026-01-10T11:35:39","date_gmt":"2026-01-10T17:35:39","guid":{"rendered":"https:\/\/libreriahistoriasdebolsillo.com\/?post_type=product&#038;p=7988"},"modified":"2026-03-13T17:17:51","modified_gmt":"2026-03-13T23:17:51","slug":"el-novio","status":"publish","type":"product","link":"https:\/\/libreriahistoriasdebolsillo.com\/index.php\/producto\/el-novio\/","title":{"rendered":"El novio"},"content":{"rendered":"<div class=\"justify\">\n<p><b>La autora de\u00a0<i>La asistenta<\/i>\u00a0vuelve con una oscura historia sobre la obsesi\u00f3n y las cosas que hacemos por amor.<\/b><\/p>\n<p><b>Ella busca al hombre perfecto. \u00c9l busca a la v\u00edctima perfecta.<\/b><\/p>\n<\/div>\n<div class=\"justify\">\n<p>Sydney Shaw, como todas las mujeres solteras de Nueva York, tiene una suerte nefasta con las citas. Lo ha visto todo: hombres que mienten en su perfil online, hombres que le endosan la cuenta de la cena y, lo peor de todo, hombres que no pueden dejar de hablar de su madre. Pero, por fin, la fortuna se ha puesto de su parte.<\/p>\n<p>Acaba de conocer a un chico que resulta absolutamente perfecto. Es guapo, encantador y trabaja como m\u00e9dico en un hospital. Sydney est\u00e1 deslumbrada. Entonces, el brutal asesinato de una joven -la \u00faltima en una serie de muertes similares por toda la ciudad- comienza a desesperar a la polic\u00eda. \u00bfEl principal sospechoso? Un hombre misterioso que hab\u00eda tenido una cita con sus v\u00edctimas antes de matarlas.<\/p>\n<p>Sydney deber\u00eda sentirse segura. Despu\u00e9s de todo, est\u00e1 saliendo con el hombre de sus sue\u00f1os. Pero no consigue librarse de la sospecha de que el novio perfecto puede no serlo tanto como parece.<\/p>\n<p><b>Porque alguien est\u00e1 vigilando todos sus movimientos y, si no descubre la verdad, podr\u00eda ser la pr\u00f3xima v\u00edctima&#8230;<\/b><\/p>\n<\/div>\n","protected":false},"excerpt":{"rendered":"<p>Freida McFadden<br \/>\n376 p\u00e1ginas<\/p>\n","protected":false},"featured_media":7989,"template":"","meta":{"_joinchat":[]},"product_brand":[],"product_cat":[37,70],"product_tag":[34],"class_list":{"0":"post-7988","1":"product","2":"type-product","3":"status-publish","4":"has-post-thumbnail","6":"product_cat-misterio-y-thriller","7":"product_cat-novedades","8":"product_tag-penguin-random-house","10":"first","11":"instock","12":"shipping-taxable","13":"purchasable","14":"product-type-simple"},"_links":{"self":[{"href":"https:\/\/libreriahistoriasdebolsillo.com\/index.php\/wp-json\/wp\/v2\/product\/7988","targetHints":{"allow":["GET"]}}],"collection":[{"href":"https:\/\/libreriahistoriasdebolsillo.com\/index.php\/wp-json\/wp\/v2\/product"}],"about":[{"href":"https:\/\/libreriahistoriasdebolsillo.com\/index.php\/wp-json\/wp\/v2\/types\/product"}],"wp:featuredmedia":[{"embeddable":true,"href":"https:\/\/libreriahistoriasdebolsillo.com\/index.php\/wp-json\/wp\/v2\/media\/7989"}],"wp:attachment":[{"href":"https:\/\/libreriahistoriasdebolsillo.com\/index.php\/wp-json\/wp\/v2\/media?parent=7988"}],"wp:term":[{"taxonomy":"product_brand","embeddable":true,"href":"https:\/\/libreriahistoriasdebolsillo.com\/index.php\/wp-json\/wp\/v2\/product_brand?post=7988"},{"taxonomy":"product_cat","embeddable":true,"href":"https:\/\/libreriahistoriasdebolsillo.com\/index.php\/wp-json\/wp\/v2\/product_cat?post=7988"},{"taxonomy":"product_tag","embeddable":true,"href":"https:\/\/libreriahistoriasdebolsillo.com\/index.php\/wp-json\/wp\/v2\/product_tag?post=7988"}],"curies":[{"name":"wp","href":"https:\/\/api.w.org\/{rel}","templated":true}]}}