{"id":7990,"date":"2026-01-10T11:37:32","date_gmt":"2026-01-10T17:37:32","guid":{"rendered":"https:\/\/libreriahistoriasdebolsillo.com\/?post_type=product&#038;p=7990"},"modified":"2026-02-17T13:57:58","modified_gmt":"2026-02-17T19:57:58","slug":"realidades-a-medida","status":"publish","type":"product","link":"https:\/\/libreriahistoriasdebolsillo.com\/index.php\/producto\/realidades-a-medida\/","title":{"rendered":"Realidades a medida"},"content":{"rendered":"<div class=\"justify\">\n<p><b>El recopilatorio de relatos\u00a0<i>no Cosmere<\/i>, por el gran autor de fantas\u00eda del siglo XXI: Brandon Sanderson.<\/b><\/p>\n<\/div>\n<div class=\"justify\">\n<p>Las historias de esta antolog\u00eda, que abarca los g\u00e9neros de la fantas\u00eda y la ciencia ficci\u00f3n, est\u00e1n ambientadas m\u00e1s all\u00e1 de los confines del Cosmere. Adem\u00e1s de la nueva novela corta,\u00a0<i>Momento Cero<\/i>,\u00a0<i>Realidades a medida<\/i>\u00a0incluye nueve obras de ficci\u00f3n breve:\u00a0<i>Instant\u00e1nea<\/i>,\u00a0<i>Estado perfecto<\/i>,\u00a0<i>La defensa del El\u00edseo<\/i>\u00a0<i>(del universo de Escuadr\u00f3n)<\/i>,\u00a0<i>Primog\u00e9nito<\/i>,\u00a0<i>Mitosis (del mundo de Reckoners)<\/i>\u00a0y otras cuatro historias.<\/p>\n<p>Tambi\u00e9n se incluyen las notas del autor y una espectacular ilustraci\u00f3n en blanco y negro para cada historia. Esta visionaria colecci\u00f3n es de lectura obligatoria tanto para los nuevos lectores de Brandon Sanderson como para los fans m\u00e1s ac\u00e9rrimos.<\/p>\n<\/div>\n","protected":false},"excerpt":{"rendered":"<p>Brandon Sanderson<br \/>\n624 p\u00e1ginas<\/p>\n","protected":false},"featured_media":7991,"template":"","meta":{"_joinchat":[]},"product_brand":[],"product_cat":[40,70],"product_tag":[34],"class_list":{"0":"post-7990","1":"product","2":"type-product","3":"status-publish","4":"has-post-thumbnail","6":"product_cat-ciencia-ficcion","7":"product_cat-novedades","8":"product_tag-penguin-random-house","10":"first","11":"outofstock","12":"shipping-taxable","13":"purchasable","14":"product-type-simple"},"_links":{"self":[{"href":"https:\/\/libreriahistoriasdebolsillo.com\/index.php\/wp-json\/wp\/v2\/product\/7990","targetHints":{"allow":["GET"]}}],"collection":[{"href":"https:\/\/libreriahistoriasdebolsillo.com\/index.php\/wp-json\/wp\/v2\/product"}],"about":[{"href":"https:\/\/libreriahistoriasdebolsillo.com\/index.php\/wp-json\/wp\/v2\/types\/product"}],"wp:featuredmedia":[{"embeddable":true,"href":"https:\/\/libreriahistoriasdebolsillo.com\/index.php\/wp-json\/wp\/v2\/media\/7991"}],"wp:attachment":[{"href":"https:\/\/libreriahistoriasdebolsillo.com\/index.php\/wp-json\/wp\/v2\/media?parent=7990"}],"wp:term":[{"taxonomy":"product_brand","embeddable":true,"href":"https:\/\/libreriahistoriasdebolsillo.com\/index.php\/wp-json\/wp\/v2\/product_brand?post=7990"},{"taxonomy":"product_cat","embeddable":true,"href":"https:\/\/libreriahistoriasdebolsillo.com\/index.php\/wp-json\/wp\/v2\/product_cat?post=7990"},{"taxonomy":"product_tag","embeddable":true,"href":"https:\/\/libreriahistoriasdebolsillo.com\/index.php\/wp-json\/wp\/v2\/product_tag?post=7990"}],"curies":[{"name":"wp","href":"https:\/\/api.w.org\/{rel}","templated":true}]}}