{"id":7995,"date":"2026-01-22T16:15:13","date_gmt":"2026-01-22T22:15:13","guid":{"rendered":"https:\/\/libreriahistoriasdebolsillo.com\/?post_type=product&#038;p=7995"},"modified":"2026-01-22T16:15:13","modified_gmt":"2026-01-22T22:15:13","slug":"mil-soles-esplendidos-2","status":"publish","type":"product","link":"https:\/\/libreriahistoriasdebolsillo.com\/index.php\/producto\/mil-soles-esplendidos-2\/","title":{"rendered":"Mil soles espl\u00e9ndidos"},"content":{"rendered":"<div class=\"justify\">\n<p><b>Nueva demostraci\u00f3n del asombroso instinto de gran narrador de que goza el autor, el libro cuenta la conmovedora historia de amistad entre dos mujeres afganas de or\u00edgenes muy dispares, cuyos destinos se entrelazan por obra del azar y de las convulsiones que ha sufrido Afganist\u00e1n en los \u00faltimos treinta a\u00f1os.<\/b><\/p>\n<\/div>\n<div class=\"justify\">\n<p>Hija ileg\u00edtima de un rico hombre de negocios, Mariam se cr\u00eda con su madre en una modesta vivienda a las afueras de\u00a0<b>Herat<\/b>. A los\u00a0<b>quince a\u00f1os<\/b>, su vida cambia dr\u00e1sticamente cuando su padre la env\u00eda a Kabul a\u00a0<b>casarse<\/b>\u00a0con Rashid, un hosco zapatero\u00a0<b>treinta a\u00f1os mayor<\/b>\u00a0que ella. Casi\u00a0<b>dos d\u00e9cadas m\u00e1s tarde<\/b>, Rashid encuentra en las calles de Kabul a Laila, una joven de quince a\u00f1os sin hogar. Cuando el zapatero le ofrece cobijo en su casa, que deber\u00e1 compartir con Mariam, entre las dos mujeres se inicia una relaci\u00f3n que acabar\u00e1 siendo\u00a0<b>tan profunda<\/b>\u00a0como la de\u00a0<b>dos hermanas<\/b>, tan fuerte como la de madre e hija. Pese a la diferencia de edad y las distintas experiencias que la vida les ha deparado, la necesidad de afrontar las terribles circunstancias que las rodean, har\u00e1 que\u00a0<b>Mariam y Laila<\/b>\u00a0vayan forjando un v\u00ednculo indestructible que les otorgar\u00e1 la fuerza necesaria para superar el miedo y dar cabida a la esperanza.<\/p>\n<p>Superando incluso el \u00e9xito de\u00a0<i><b>Cometas en el cielo<\/b><\/i>, la segunda novela de Khaled Hosseini cuenta la conmovedora historia de amistad entre dos mujeres afganas de or\u00edgenes muy dispares, cuyos destinos se entrelazan por obra del azar y de las convulsiones que ha sufrido Afganist\u00e1n en las \u00faltimas d\u00e9cadas<\/p>\n<\/div>\n","protected":false},"excerpt":{"rendered":"<p>Khaled Hosseini<br \/>\n416 p\u00e1ginas<\/p>\n","protected":false},"featured_media":7996,"template":"","meta":{"_joinchat":[]},"product_brand":[],"product_cat":[33],"product_tag":[34],"class_list":{"0":"post-7995","1":"product","2":"type-product","3":"status-publish","4":"has-post-thumbnail","6":"product_cat-ficcion-general","7":"product_tag-penguin-random-house","9":"first","10":"outofstock","11":"shipping-taxable","12":"purchasable","13":"product-type-simple"},"_links":{"self":[{"href":"https:\/\/libreriahistoriasdebolsillo.com\/index.php\/wp-json\/wp\/v2\/product\/7995","targetHints":{"allow":["GET"]}}],"collection":[{"href":"https:\/\/libreriahistoriasdebolsillo.com\/index.php\/wp-json\/wp\/v2\/product"}],"about":[{"href":"https:\/\/libreriahistoriasdebolsillo.com\/index.php\/wp-json\/wp\/v2\/types\/product"}],"wp:featuredmedia":[{"embeddable":true,"href":"https:\/\/libreriahistoriasdebolsillo.com\/index.php\/wp-json\/wp\/v2\/media\/7996"}],"wp:attachment":[{"href":"https:\/\/libreriahistoriasdebolsillo.com\/index.php\/wp-json\/wp\/v2\/media?parent=7995"}],"wp:term":[{"taxonomy":"product_brand","embeddable":true,"href":"https:\/\/libreriahistoriasdebolsillo.com\/index.php\/wp-json\/wp\/v2\/product_brand?post=7995"},{"taxonomy":"product_cat","embeddable":true,"href":"https:\/\/libreriahistoriasdebolsillo.com\/index.php\/wp-json\/wp\/v2\/product_cat?post=7995"},{"taxonomy":"product_tag","embeddable":true,"href":"https:\/\/libreriahistoriasdebolsillo.com\/index.php\/wp-json\/wp\/v2\/product_tag?post=7995"}],"curies":[{"name":"wp","href":"https:\/\/api.w.org\/{rel}","templated":true}]}}