{"id":8000,"date":"2026-01-22T16:19:05","date_gmt":"2026-01-22T22:19:05","guid":{"rendered":"https:\/\/libreriahistoriasdebolsillo.com\/?post_type=product&#038;p=8000"},"modified":"2026-04-16T11:39:32","modified_gmt":"2026-04-16T17:39:32","slug":"la-fuerza-vital-del-cielo-anterior","status":"publish","type":"product","link":"https:\/\/libreriahistoriasdebolsillo.com\/index.php\/producto\/la-fuerza-vital-del-cielo-anterior\/","title":{"rendered":"La fuerza vital del cielo anterior"},"content":{"rendered":"<div class=\"justify\">\n<p><b>\u00abNO CREO HABER SIDO CREADO POR AZAR Y SIN UNA<\/b>\u00a0<b>INTENCI\u00d3N, PERO ESTA TODAV\u00cdA NO LA PUEDO ENTENDER,<\/b>\u00a0<b>AUNQUE COMIENZO A VISLUMBRAR SU SENTIDO Y DIRECCI\u00d3N<\/b>\u00a0<b>Y ESTA NO ES M\u00c1S QUE LA EXPANSI\u00d3N EN<\/b>\u00a0<b>MI CAPACIDAD DE AMAR<\/b><b>. \u00bb<\/b><\/p>\n<p><b>&#8211;<\/b><b>J. G. Z.<\/b><\/p>\n<\/div>\n<div class=\"justify\">\n<p><b>Andr\u00f3meda<\/b>\u00a0es un planeta con un\u00a0<b>alto desarrollo espiritual<\/b>, cuya civilizaci\u00f3n es capaz de sostener estados de conciencia elevados y meditaci\u00f3n permanente. En ese mundo luminoso habitan\u00a0<b>Adaesuz<\/b><b>\u00a0y<\/b>\u00a0<b>Balikai<\/b>, una pareja unida por un\u00a0<b>amor profundo<\/b>\u00a0que decide emprender un viaje a trav\u00e9s del universo con el permiso de la Jerarqu\u00eda. Movidos por la curiosidad, cruzan la\u00a0<b>\u00fanica frontera<\/b>\u00a0<b>prohibida<\/b>: una zona donde se encuentran planetas y civilizaciones a\u00fan en desarrollo.<\/p>\n<p>La falta tiene una consecuencia. Adaesuz es\u00a0<b>enviado<\/b>\u00a0<b>a la Tierra<\/b>\u00a0para vivir once existencias distintas, cada una dise\u00f1ada para ense\u00f1arle las lecciones m\u00e1s arduas y esenciales:\u00a0<b>humildad, amor y sentido del ser<\/b>.<\/p>\n<p>Basada en la c\u00e9lebre\u00a0<b>teor\u00eda<\/b>\u00a0<b>sint\u00e9rgica<\/b>,\u00a0<i><b>La fuerza vital<\/b><\/i>\u00a0<i><b>del cielo anterior<\/b><\/i>\u00a0revela a un Jacobo Grinberg narrador en plenitud. Con maestr\u00eda y visi\u00f3n, el autor nos invita a recorrer dimensiones desconocidas y a explorar preguntas profundas sobre la conciencia, el\u00a0<b>destino y la naturaleza<\/b>\u00a0<b>del ser<\/b>. Una novela que desborda imaginaci\u00f3n y nos confronta con nuestra propia existencia.<\/p>\n<\/div>\n","protected":false},"excerpt":{"rendered":"<p>Jacobo Grinberg-Zylberbaum<br \/>\n136 p\u00e1ginas<\/p>\n","protected":false},"featured_media":8001,"template":"","meta":{"_joinchat":[]},"product_brand":[],"product_cat":[40,70],"product_tag":[34],"class_list":{"0":"post-8000","1":"product","2":"type-product","3":"status-publish","4":"has-post-thumbnail","6":"product_cat-ciencia-ficcion","7":"product_cat-novedades","8":"product_tag-penguin-random-house","10":"first","11":"instock","12":"shipping-taxable","13":"purchasable","14":"product-type-simple"},"_links":{"self":[{"href":"https:\/\/libreriahistoriasdebolsillo.com\/index.php\/wp-json\/wp\/v2\/product\/8000","targetHints":{"allow":["GET"]}}],"collection":[{"href":"https:\/\/libreriahistoriasdebolsillo.com\/index.php\/wp-json\/wp\/v2\/product"}],"about":[{"href":"https:\/\/libreriahistoriasdebolsillo.com\/index.php\/wp-json\/wp\/v2\/types\/product"}],"wp:featuredmedia":[{"embeddable":true,"href":"https:\/\/libreriahistoriasdebolsillo.com\/index.php\/wp-json\/wp\/v2\/media\/8001"}],"wp:attachment":[{"href":"https:\/\/libreriahistoriasdebolsillo.com\/index.php\/wp-json\/wp\/v2\/media?parent=8000"}],"wp:term":[{"taxonomy":"product_brand","embeddable":true,"href":"https:\/\/libreriahistoriasdebolsillo.com\/index.php\/wp-json\/wp\/v2\/product_brand?post=8000"},{"taxonomy":"product_cat","embeddable":true,"href":"https:\/\/libreriahistoriasdebolsillo.com\/index.php\/wp-json\/wp\/v2\/product_cat?post=8000"},{"taxonomy":"product_tag","embeddable":true,"href":"https:\/\/libreriahistoriasdebolsillo.com\/index.php\/wp-json\/wp\/v2\/product_tag?post=8000"}],"curies":[{"name":"wp","href":"https:\/\/api.w.org\/{rel}","templated":true}]}}