{"id":8002,"date":"2026-01-22T16:21:22","date_gmt":"2026-01-22T22:21:22","guid":{"rendered":"https:\/\/libreriahistoriasdebolsillo.com\/?post_type=product&#038;p=8002"},"modified":"2026-02-21T17:24:29","modified_gmt":"2026-02-21T23:24:29","slug":"vuelo-y-gloria-3-mas-intenso-que-el-placer","status":"publish","type":"product","link":"https:\/\/libreriahistoriasdebolsillo.com\/index.php\/producto\/vuelo-y-gloria-3-mas-intenso-que-el-placer\/","title":{"rendered":"Vuelo y gloria 3. M\u00e1s intenso que el placer"},"content":{"rendered":"<div class=\"justify\">\n<p><b>La tercera entrega de la serie\u00a0<i>new adult<\/i>\u00a0de Rebecca Yarros, un romance profundamente conmovedor que no podr\u00e1s dejar de leer.<\/b><\/p>\n<\/div>\n<div class=\"justify\">\n<p>Cuidado con lo que deseas\u2026<\/p>\n<p>Grayson Masters est\u00e1 concentrado en sus estudios, y lo que menos falta le hace es que lo distraiga su nueva y atractiva compa\u00f1era de piso. Y, aunque la lengua afilada de Sam es irresistiblemente irritante, es innegable que la qu\u00edmica entre ambos est\u00e1 por las nubes.<\/p>\n<p>Samantha Fitzgerald oculta secretos, as\u00ed que no tendr\u00eda por qu\u00e9 hurgar entre los de Grayson, pero no por eso va a dejar de intentar derribar los muros tras los que este se esconde. Y no est\u00e1 preparada para la verdad: otra mujer se hizo con el coraz\u00f3n de Grayson hace ya mucho tiempo.<\/p>\n<p>Ninguno de los dos se puede permitir el lujo de enamorarse; ya que cuando cruzan esa l\u00ednea, descubren que a veces los deseos cumplidos son lo que te lleva al infierno&#8230;<\/p>\n<\/div>\n","protected":false},"excerpt":{"rendered":"<p>Rebecca Yarros<br \/>\n528 p\u00e1ginas<\/p>\n","protected":false},"featured_media":8003,"template":"","meta":{"_joinchat":[]},"product_brand":[],"product_cat":[70,35],"product_tag":[34],"class_list":{"0":"post-8002","1":"product","2":"type-product","3":"status-publish","4":"has-post-thumbnail","6":"product_cat-novedades","7":"product_cat-romantica","8":"product_tag-penguin-random-house","10":"first","11":"outofstock","12":"shipping-taxable","13":"purchasable","14":"product-type-simple"},"_links":{"self":[{"href":"https:\/\/libreriahistoriasdebolsillo.com\/index.php\/wp-json\/wp\/v2\/product\/8002","targetHints":{"allow":["GET"]}}],"collection":[{"href":"https:\/\/libreriahistoriasdebolsillo.com\/index.php\/wp-json\/wp\/v2\/product"}],"about":[{"href":"https:\/\/libreriahistoriasdebolsillo.com\/index.php\/wp-json\/wp\/v2\/types\/product"}],"wp:featuredmedia":[{"embeddable":true,"href":"https:\/\/libreriahistoriasdebolsillo.com\/index.php\/wp-json\/wp\/v2\/media\/8003"}],"wp:attachment":[{"href":"https:\/\/libreriahistoriasdebolsillo.com\/index.php\/wp-json\/wp\/v2\/media?parent=8002"}],"wp:term":[{"taxonomy":"product_brand","embeddable":true,"href":"https:\/\/libreriahistoriasdebolsillo.com\/index.php\/wp-json\/wp\/v2\/product_brand?post=8002"},{"taxonomy":"product_cat","embeddable":true,"href":"https:\/\/libreriahistoriasdebolsillo.com\/index.php\/wp-json\/wp\/v2\/product_cat?post=8002"},{"taxonomy":"product_tag","embeddable":true,"href":"https:\/\/libreriahistoriasdebolsillo.com\/index.php\/wp-json\/wp\/v2\/product_tag?post=8002"}],"curies":[{"name":"wp","href":"https:\/\/api.w.org\/{rel}","templated":true}]}}