{"id":8004,"date":"2026-01-22T16:24:34","date_gmt":"2026-01-22T22:24:34","guid":{"rendered":"https:\/\/libreriahistoriasdebolsillo.com\/?post_type=product&#038;p=8004"},"modified":"2026-01-26T18:34:00","modified_gmt":"2026-01-27T00:34:00","slug":"herencia-brutal-2-heredera-robada","status":"publish","type":"product","link":"https:\/\/libreriahistoriasdebolsillo.com\/index.php\/producto\/herencia-brutal-2-heredera-robada\/","title":{"rendered":"Herencia brutal 2. Heredera robada"},"content":{"rendered":"<div class=\"justify\">\n<p><b>La segunda entrega del dark mafia romance m\u00e1s famoso de TikTok: vuelve Sophie Lark. Un enemies to lovers adictivo: \u00bfpodr\u00edas enamorarte de tu secuestrador?<\/b><\/p>\n<\/div>\n<div class=\"justify\">\n<p>Nessa Griffin tiene una vida solitaria. Al ser compasiva y amable, no encaja en el imperio mafioso de su familia. Lucha por demostrar su val\u00eda en casa y en su competitiva compa\u00f1\u00eda de ballet.<\/p>\n<p>Mikolaj Wilk es el g\u00e1nster m\u00e1s cruel de Chicago. Su padre adoptivo lo salv\u00f3 de las calles de Varsovia y acab\u00f3 muriendo a manos de los Griffin.<\/p>\n<p>Decidido a vengarse, Mikolaj secuestra a Nessa y la mantiene cautiva en su decadente mansi\u00f3n g\u00f3tica. Mientras planea la destrucci\u00f3n de todo lo que ella ama, empieza a obsesionarse con su prisionera, deseando que esta bailarina baile s\u00f3lo para \u00e9l. Mientras tanto, Nessa se encuentra perdida en la creciente tensi\u00f3n entre ella y su secuestrador.<\/p>\n<p>\u00bfEncontrar\u00e1 Nessa al hombre que hay dentro de la bestia? \u00bfO ser\u00e1 este su \u00faltimo baile?<\/p>\n<\/div>\n","protected":false},"excerpt":{"rendered":"<p>Sophie Lark<br \/>\n336 p\u00e1ginas<\/p>\n","protected":false},"featured_media":8005,"template":"","meta":{"_joinchat":[]},"product_brand":[],"product_cat":[63,70],"product_tag":[34],"class_list":{"0":"post-8004","1":"product","2":"type-product","3":"status-publish","4":"has-post-thumbnail","6":"product_cat-dark-romance","7":"product_cat-novedades","8":"product_tag-penguin-random-house","10":"first","11":"instock","12":"shipping-taxable","13":"purchasable","14":"product-type-simple"},"_links":{"self":[{"href":"https:\/\/libreriahistoriasdebolsillo.com\/index.php\/wp-json\/wp\/v2\/product\/8004","targetHints":{"allow":["GET"]}}],"collection":[{"href":"https:\/\/libreriahistoriasdebolsillo.com\/index.php\/wp-json\/wp\/v2\/product"}],"about":[{"href":"https:\/\/libreriahistoriasdebolsillo.com\/index.php\/wp-json\/wp\/v2\/types\/product"}],"wp:featuredmedia":[{"embeddable":true,"href":"https:\/\/libreriahistoriasdebolsillo.com\/index.php\/wp-json\/wp\/v2\/media\/8005"}],"wp:attachment":[{"href":"https:\/\/libreriahistoriasdebolsillo.com\/index.php\/wp-json\/wp\/v2\/media?parent=8004"}],"wp:term":[{"taxonomy":"product_brand","embeddable":true,"href":"https:\/\/libreriahistoriasdebolsillo.com\/index.php\/wp-json\/wp\/v2\/product_brand?post=8004"},{"taxonomy":"product_cat","embeddable":true,"href":"https:\/\/libreriahistoriasdebolsillo.com\/index.php\/wp-json\/wp\/v2\/product_cat?post=8004"},{"taxonomy":"product_tag","embeddable":true,"href":"https:\/\/libreriahistoriasdebolsillo.com\/index.php\/wp-json\/wp\/v2\/product_tag?post=8004"}],"curies":[{"name":"wp","href":"https:\/\/api.w.org\/{rel}","templated":true}]}}