{"id":8010,"date":"2026-01-22T16:31:03","date_gmt":"2026-01-22T22:31:03","guid":{"rendered":"https:\/\/libreriahistoriasdebolsillo.com\/?post_type=product&#038;p=8010"},"modified":"2026-02-20T19:03:10","modified_gmt":"2026-02-21T01:03:10","slug":"eramos-unos-ninos","status":"publish","type":"product","link":"https:\/\/libreriahistoriasdebolsillo.com\/index.php\/producto\/eramos-unos-ninos\/","title":{"rendered":"\u00c9ramos unos ni\u00f1os"},"content":{"rendered":"<div class=\"justify\">\n<p><b>GANADOR DEL NATIONAL BOOK AWARD<\/b><\/p>\n<p><b>El libro ic\u00f3nico de Patti Smith, en el que cuenta su relaci\u00f3n con Robert Mapplethorpe: un homenaje a la amistad cuyas p\u00e1ginas cargadas de vitalidad y humor nos devuelven el sabor de un Nueva York donde casi todo era posible.<\/b><\/p>\n<p>&nbsp;<\/p>\n<p><b>UNO DE LOS MEJORES LIBROS DE LOS \u00daLTIMOS 25 A\u00d1OS SEG\u00daN AMAZON<\/b><\/p>\n<p>\u00ab<i>\u00c9ramos unos ni\u00f1os<\/i>\u00a0es el libro que m\u00e1s me ha influenciado. Es un libro incre\u00edble y una c\u00e1psula del tiempo de cuando la creatividad estaba surgiendo de verdad\u00bb.<br \/>\nDua Lipa<\/p>\n<\/div>\n<div class=\"justify\">\n<p><i>Fue el verano en que muri\u00f3 Coltrane. [ ] Los hippies alzaron sus brazos vac\u00edos y China hizo detonar la bomba de hidr\u00f3geno. Jimi Hendrix prendi\u00f3 fuego a su guitarra en Monterrey. [&#8230;] Fue el verano del amor. Y en aquel clima cambiante e inh\u00f3spito, un encuentro casual cambi\u00f3 el curso de mi vida. Fue el verano en que conoc\u00ed a Robert Mapplethorpe.<\/i><\/p>\n<p>Sucedi\u00f3 en el mes de julio de 1967 y eran unos ni\u00f1os, pero a partir de entonces Patti Smith y Robert Mapplethorpe sellaron una amistad que solo acabar\u00eda con la muerte del gran fot\u00f3grafo, en 1989. De eso habla este espl\u00e9ndido libro de memorias, ganador del National Book Award, de la vida en com\u00fan de dos artistas, los dos entusiastas y apasionados, que cruzaron a grandes pasos la periferia de Nueva York para llegar hasta el centro neur\u00e1lgico del nuevo arte. Fue as\u00ed como acabaron instal\u00e1ndose en el hotel Chelsea y se convirtieron en los protagonistas de un mundo hoy ya desaparecido donde reinaban Allen Ginsberg, Andy Warhol y sus chicos, y se creaban las grandes bandas de m\u00fasica que marcaron los \u00faltimos a\u00f1os del siglo XX, mientras el sida hac\u00eda estragos.<\/p>\n<p>Lejos de ser un libro triste y nost\u00e1lgico,\u00a0<i>\u00c9ramos unos ni\u00f1os<\/i>\u00a0constituye un homenaje a la amistad sin trabas, y sus p\u00e1ginas, cargadas de vitalidad y humor, nos devuelven el sabor de esa gran ciudad donde hubo un tiempo en que casi todo era posible.<\/p>\n<\/div>\n","protected":false},"excerpt":{"rendered":"<p>Patti Smith<br \/>\n312 p\u00e1ginas<\/p>\n","protected":false},"featured_media":8011,"template":"","meta":{"_joinchat":[]},"product_brand":[],"product_cat":[41,70],"product_tag":[34],"class_list":{"0":"post-8010","1":"product","2":"type-product","3":"status-publish","4":"has-post-thumbnail","6":"product_cat-desarrollo-humano","7":"product_cat-novedades","8":"product_tag-penguin-random-house","10":"first","11":"outofstock","12":"shipping-taxable","13":"purchasable","14":"product-type-simple"},"_links":{"self":[{"href":"https:\/\/libreriahistoriasdebolsillo.com\/index.php\/wp-json\/wp\/v2\/product\/8010","targetHints":{"allow":["GET"]}}],"collection":[{"href":"https:\/\/libreriahistoriasdebolsillo.com\/index.php\/wp-json\/wp\/v2\/product"}],"about":[{"href":"https:\/\/libreriahistoriasdebolsillo.com\/index.php\/wp-json\/wp\/v2\/types\/product"}],"wp:featuredmedia":[{"embeddable":true,"href":"https:\/\/libreriahistoriasdebolsillo.com\/index.php\/wp-json\/wp\/v2\/media\/8011"}],"wp:attachment":[{"href":"https:\/\/libreriahistoriasdebolsillo.com\/index.php\/wp-json\/wp\/v2\/media?parent=8010"}],"wp:term":[{"taxonomy":"product_brand","embeddable":true,"href":"https:\/\/libreriahistoriasdebolsillo.com\/index.php\/wp-json\/wp\/v2\/product_brand?post=8010"},{"taxonomy":"product_cat","embeddable":true,"href":"https:\/\/libreriahistoriasdebolsillo.com\/index.php\/wp-json\/wp\/v2\/product_cat?post=8010"},{"taxonomy":"product_tag","embeddable":true,"href":"https:\/\/libreriahistoriasdebolsillo.com\/index.php\/wp-json\/wp\/v2\/product_tag?post=8010"}],"curies":[{"name":"wp","href":"https:\/\/api.w.org\/{rel}","templated":true}]}}