{"id":8014,"date":"2026-01-22T16:33:56","date_gmt":"2026-01-22T22:33:56","guid":{"rendered":"https:\/\/libreriahistoriasdebolsillo.com\/?post_type=product&#038;p=8014"},"modified":"2026-01-26T18:33:39","modified_gmt":"2026-01-27T00:33:39","slug":"pack-ready-player","status":"publish","type":"product","link":"https:\/\/libreriahistoriasdebolsillo.com\/index.php\/producto\/pack-ready-player\/","title":{"rendered":"Pack Ready Player"},"content":{"rendered":"<div class=\"justify\">\n<p><b>Por primera vez en formato bolsillo, la edici\u00f3n especial que re\u00fane las dos entregas de la exitosa saga \u00abReady Player One\u00bb.<\/b><\/p>\n<\/div>\n<div class=\"justify\">\n<p><b><i>Ready Player One<\/i><\/b><\/p>\n<p>Estamos en el a\u00f1o 2044 y, como el resto de la humanidad, Wade Watts prefiere mil veces el videojuego de OASIS al cada vez m\u00e1s sombr\u00edo mundo real. Aseguran que este esconde las diab\u00f3licas piezas de un rompecabezas cuya resoluci\u00f3n conduce a una fortuna incalculable. Las claves del enigma est\u00e1n basadas en la cultura de finales del siglo XX y, durante a\u00f1os, millones de seres humanos han intentado dar con ellas, sin \u00e9xito.<\/p>\n<p>De repente, Wade logra resolver el primer rompecabezas del premio y, a partir de ese momento, debe competir contra miles de jugadores para conseguir el trofeo. La \u00fanica forma de sobrevivir es ganar, pero para hacerlo tendr\u00e1 que abandonar su existencia virtual y enfrentarse a la vida y al amor en el mundo real, del que siempre ha intentado escapar.<\/p>\n<p>_________________<\/p>\n<p><b><i>Ready Player Two<\/i><\/b><\/p>\n<p>D\u00edas despu\u00e9s de ganar la competici\u00f3n ideada por James Halliday, el fundador de OASIS, Wade Watts hace un descubrimiento que lo cambia todo. Oculto en las cajas fuertes de Halliday y a la espera de que lo encuentre su heredero, se halla un avance tecnol\u00f3gico que volver\u00e1 a cambiar el mundo y convertir\u00e1 a OASIS en un lugar mil veces m\u00e1s asombroso (y adictivo) de lo que Wade jam\u00e1s habr\u00eda cre\u00eddo posible.<\/p>\n<p>Dicho avance da pie a un nuevo acertijo y a una nueva misi\u00f3n, un \u00faltimo Huevo de Pascua de Halliday que da a entender que existe un misterioso premio. Wade tambi\u00e9n se encontrar\u00e1 con un nuevo rival muy peligroso, incre\u00edblemente poderoso y capaz de matar a millones de personas para conseguir lo que quiere. La vida de Wade y el futuro de OASIS vuelven a estar en juego, pero en esta ocasi\u00f3n tambi\u00e9n pende de un hilo el destino de la humanidad.<\/p>\n<\/div>\n","protected":false},"excerpt":{"rendered":"<p>Ernest Cline<br \/>\n944 p\u00e1ginas<\/p>\n","protected":false},"featured_media":8015,"template":"","meta":{"_joinchat":[]},"product_brand":[],"product_cat":[72],"product_tag":[34],"class_list":{"0":"post-8014","1":"product","2":"type-product","3":"status-publish","4":"has-post-thumbnail","6":"product_cat-distopico","7":"product_tag-penguin-random-house","9":"first","10":"instock","11":"shipping-taxable","12":"purchasable","13":"product-type-simple"},"_links":{"self":[{"href":"https:\/\/libreriahistoriasdebolsillo.com\/index.php\/wp-json\/wp\/v2\/product\/8014","targetHints":{"allow":["GET"]}}],"collection":[{"href":"https:\/\/libreriahistoriasdebolsillo.com\/index.php\/wp-json\/wp\/v2\/product"}],"about":[{"href":"https:\/\/libreriahistoriasdebolsillo.com\/index.php\/wp-json\/wp\/v2\/types\/product"}],"wp:featuredmedia":[{"embeddable":true,"href":"https:\/\/libreriahistoriasdebolsillo.com\/index.php\/wp-json\/wp\/v2\/media\/8015"}],"wp:attachment":[{"href":"https:\/\/libreriahistoriasdebolsillo.com\/index.php\/wp-json\/wp\/v2\/media?parent=8014"}],"wp:term":[{"taxonomy":"product_brand","embeddable":true,"href":"https:\/\/libreriahistoriasdebolsillo.com\/index.php\/wp-json\/wp\/v2\/product_brand?post=8014"},{"taxonomy":"product_cat","embeddable":true,"href":"https:\/\/libreriahistoriasdebolsillo.com\/index.php\/wp-json\/wp\/v2\/product_cat?post=8014"},{"taxonomy":"product_tag","embeddable":true,"href":"https:\/\/libreriahistoriasdebolsillo.com\/index.php\/wp-json\/wp\/v2\/product_tag?post=8014"}],"curies":[{"name":"wp","href":"https:\/\/api.w.org\/{rel}","templated":true}]}}