{"id":802,"date":"2023-11-20T17:33:01","date_gmt":"2023-11-20T23:33:01","guid":{"rendered":"https:\/\/libreriahistoriasdebolsillo.com\/?post_type=product&#038;p=802"},"modified":"2024-11-11T15:22:07","modified_gmt":"2024-11-11T21:22:07","slug":"belleza-oscura-la-sabiduria-es-poder","status":"publish","type":"product","link":"https:\/\/libreriahistoriasdebolsillo.com\/index.php\/producto\/belleza-oscura-la-sabiduria-es-poder\/","title":{"rendered":"Poder y oscuridad 1. Belleza oscura"},"content":{"rendered":"<p><span class=\"a-text-bold\">En la mafia, las leyes se cumplen, las tradiciones se respetan y las traiciones nunca se perdonan. El mafia romance m\u00e1s explosivo y desgarrador de Wattpad.<\/span><\/p>\n<p>Luca Vitale, de buen coraz\u00f3n y sentimientos puros, es el heredero de un mundo grotesco. Alayna Novak, de ojos angelicales y lengua afilada, tiene las manos manchadas de la sangre de otros. Sabe que es un instrumento mortal, que su encanto es parte de su trampa, y por eso mantiene a todo el mundo a una distancia prudencial. Pero cuando lo inevitable ocurre, algo que ni las leyes ni la tradici\u00f3n pueden detener, ambos saben que la \u00fanica salida posible es la muerte. La ciudad arder\u00e1 y todo dejar\u00e1 de ser un simple juego.<\/p>\n","protected":false},"excerpt":{"rendered":"<p>Jessica Rivas<\/p>\n","protected":false},"featured_media":803,"template":"","meta":{"_joinchat":[]},"product_brand":[],"product_cat":[52,35],"product_tag":[34,57],"class_list":{"0":"post-802","1":"product","2":"type-product","3":"status-publish","4":"has-post-thumbnail","6":"product_cat-juvenil","7":"product_cat-romantica","8":"product_tag-penguin-random-house","9":"product_tag-wattpad","11":"first","12":"outofstock","13":"shipping-taxable","14":"purchasable","15":"product-type-simple"},"_links":{"self":[{"href":"https:\/\/libreriahistoriasdebolsillo.com\/index.php\/wp-json\/wp\/v2\/product\/802","targetHints":{"allow":["GET"]}}],"collection":[{"href":"https:\/\/libreriahistoriasdebolsillo.com\/index.php\/wp-json\/wp\/v2\/product"}],"about":[{"href":"https:\/\/libreriahistoriasdebolsillo.com\/index.php\/wp-json\/wp\/v2\/types\/product"}],"wp:featuredmedia":[{"embeddable":true,"href":"https:\/\/libreriahistoriasdebolsillo.com\/index.php\/wp-json\/wp\/v2\/media\/803"}],"wp:attachment":[{"href":"https:\/\/libreriahistoriasdebolsillo.com\/index.php\/wp-json\/wp\/v2\/media?parent=802"}],"wp:term":[{"taxonomy":"product_brand","embeddable":true,"href":"https:\/\/libreriahistoriasdebolsillo.com\/index.php\/wp-json\/wp\/v2\/product_brand?post=802"},{"taxonomy":"product_cat","embeddable":true,"href":"https:\/\/libreriahistoriasdebolsillo.com\/index.php\/wp-json\/wp\/v2\/product_cat?post=802"},{"taxonomy":"product_tag","embeddable":true,"href":"https:\/\/libreriahistoriasdebolsillo.com\/index.php\/wp-json\/wp\/v2\/product_tag?post=802"}],"curies":[{"name":"wp","href":"https:\/\/api.w.org\/{rel}","templated":true}]}}