{"id":8022,"date":"2026-01-30T15:23:30","date_gmt":"2026-01-30T21:23:30","guid":{"rendered":"https:\/\/libreriahistoriasdebolsillo.com\/?post_type=product&#038;p=8022"},"modified":"2026-02-24T15:44:50","modified_gmt":"2026-02-24T21:44:50","slug":"stranger-things-cueste-lo-que-cueste","status":"publish","type":"product","link":"https:\/\/libreriahistoriasdebolsillo.com\/index.php\/producto\/stranger-things-cueste-lo-que-cueste\/","title":{"rendered":"Stranger Things: Cueste lo que cueste"},"content":{"rendered":"<div class=\"justify\">\n<p><b>Despu\u00e9s de la<\/b>\u00a0<b>esperad\u00edsima quinta y \u00faltima temporada de<\/b>\u00a0<i><b>Stranger\u00a0<\/b><\/i><b><i>Things<\/i>\u00a0llega su nueva novela: Nancy Wheeler est\u00e1 tras la pista de un nuevo misterio, y no parar\u00e1 hasta resolverlo.<\/b><\/p>\n<\/div>\n<div class=\"justify\">\n<p>Han pasado dos meses desde el terremoto de Vecna, y Hawkins a\u00fan intenta recuperarse mientras sigue bajo la influencia del Mundo del Rev\u00e9s. Nancy Wheeler ha dedicado cada minuto de su vida a encontrar a Vecna, pero sin \u00e9xito.<\/p>\n<p>Cuando su compa\u00f1ero de clase Joey Taft empieza a actuar de forma sospechosa, Nancy est\u00e1 convencida de que Vecna ha encontrado a su nueva v\u00edctima. Junto con su amiga Robin Buckley, Nancy se pone a investigar: \u00bfpor qu\u00e9 la gente del pueblo est\u00e1 enfermando de repente? \u00bfY por qu\u00e9 hay un hombre extra\u00f1o sigui\u00e9ndola?<\/p>\n<p>Las dos se embarcan en la peligrosa b\u00fasqueda de la verdad. Cuanto m\u00e1s profundizan, m\u00e1s se ve Nancy envuelta en una red de intrigas que amenaza con atraparla\u2026 para siempre.<\/p>\n<\/div>\n","protected":false},"excerpt":{"rendered":"<p>Caitlin Schneiderhan<br \/>\n368 p\u00e1ginas<\/p>\n","protected":false},"featured_media":8023,"template":"","meta":{"_joinchat":[]},"product_brand":[],"product_cat":[39,77,70],"product_tag":[],"class_list":{"0":"post-8022","1":"product","2":"type-product","3":"status-publish","4":"has-post-thumbnail","6":"product_cat-fantasia","7":"product_cat-fantasia-urbana","8":"product_cat-novedades","10":"first","11":"instock","12":"shipping-taxable","13":"purchasable","14":"product-type-simple"},"_links":{"self":[{"href":"https:\/\/libreriahistoriasdebolsillo.com\/index.php\/wp-json\/wp\/v2\/product\/8022","targetHints":{"allow":["GET"]}}],"collection":[{"href":"https:\/\/libreriahistoriasdebolsillo.com\/index.php\/wp-json\/wp\/v2\/product"}],"about":[{"href":"https:\/\/libreriahistoriasdebolsillo.com\/index.php\/wp-json\/wp\/v2\/types\/product"}],"wp:featuredmedia":[{"embeddable":true,"href":"https:\/\/libreriahistoriasdebolsillo.com\/index.php\/wp-json\/wp\/v2\/media\/8023"}],"wp:attachment":[{"href":"https:\/\/libreriahistoriasdebolsillo.com\/index.php\/wp-json\/wp\/v2\/media?parent=8022"}],"wp:term":[{"taxonomy":"product_brand","embeddable":true,"href":"https:\/\/libreriahistoriasdebolsillo.com\/index.php\/wp-json\/wp\/v2\/product_brand?post=8022"},{"taxonomy":"product_cat","embeddable":true,"href":"https:\/\/libreriahistoriasdebolsillo.com\/index.php\/wp-json\/wp\/v2\/product_cat?post=8022"},{"taxonomy":"product_tag","embeddable":true,"href":"https:\/\/libreriahistoriasdebolsillo.com\/index.php\/wp-json\/wp\/v2\/product_tag?post=8022"}],"curies":[{"name":"wp","href":"https:\/\/api.w.org\/{rel}","templated":true}]}}