{"id":8024,"date":"2026-01-30T15:26:12","date_gmt":"2026-01-30T21:26:12","guid":{"rendered":"https:\/\/libreriahistoriasdebolsillo.com\/?post_type=product&#038;p=8024"},"modified":"2026-01-30T15:26:13","modified_gmt":"2026-01-30T21:26:13","slug":"anonimo-es-nombre-de-mujer","status":"publish","type":"product","link":"https:\/\/libreriahistoriasdebolsillo.com\/index.php\/producto\/anonimo-es-nombre-de-mujer\/","title":{"rendered":"An\u00f3nimo es nombre de mujer"},"content":{"rendered":"<div class=\"justify\">\n<p><b>Reescribir nuestra historia tambi\u00e9n es leerla en femenino.<\/b><\/p>\n<\/div>\n<div class=\"justify\">\n<p>\u00bfSab\u00edas qui\u00e9n fue la primera persona en firmar un texto? \u00bfO que ni Jane Austen ni Emily Bront\u00eb vieron nunca sus nombres en uno de sus libros?\u00a0<b>La historia de la literatura est\u00e1 llena de mujeres<\/b>\u00a0<b>borradas, silenciadas o<\/b>\u00a0<b>escondidas tras nombres que no eran los suyos<\/b>. Durante siglos, el patriarcado decidi\u00f3 qui\u00e9n merec\u00eda ser le\u00eddo y qui\u00e9n deb\u00eda quedarse en la sombra. Y sorpresa: casi siempre eran ellas.<\/p>\n<p>La literatura no solo refleja el mundo: lo escribe.\u00a0<b>Y<\/b>\u00a0<b>mientras las mujeres sigan sin ocupar sus p\u00e1ginas,<\/b>\u00a0<b>el relato<\/b>\u00a0<b>estar\u00e1 incompleto<\/b>. G\u00e9neros menospreciados y catalogados como\u00a0<i>chick lit<\/i>, mujeres borradas de portadas para dirigirlas a un p\u00fablico m\u00e1s amplio, personajes femeninos descritos a trav\u00e9s de y para la\u00a0<i>male<\/i>\u00a0<i>gaze<\/i>\u00a0<b>Ha llegado la hora de reescribir la historia.<\/b><\/p>\n<p>Andrea Mart\u00ednez, creadora de contenido y divulgadora literaria, da voz a las mujeres que se negaron a desaparecer. Con un enfoque fresco y una mirada cr\u00edtica, nos invita a\u00a0<b>entender<\/b>\u00a0<b>c\u00f3mo hemos llegado hasta aqu\u00ed<\/b>\u00a0y a reclamar juntas\u00a0<b>un espacio que tambi\u00e9n<\/b>\u00a0<b>nos pertenece.<\/b><\/p>\n<p><u><b>\u00bfQu\u00e9 encontrar\u00e1s en este libro?<\/b><\/u><br \/>\n&#8211; La\u00a0<b>historia de las autoras<\/b>\u00a0que el canon quiso borrar.<br \/>\n&#8211; Una\u00a0<b>mirada feminista<\/b>\u00a0<b>y cr\u00edtica<\/b>\u00a0que desmonta la\u00a0<i>male<\/i>\u00a0<i>gaze<\/i>\u00a0en el mundo literario.<br \/>\n&#8211; Una\u00a0<b>invitaci\u00f3n a<\/b>\u00a0<b>recuperar la<\/b>\u00a0<b>voz de las mujeres<\/b>\u00a0y reivindicar nuestro lugar en los libros.<\/p>\n<\/div>\n","protected":false},"excerpt":{"rendered":"<p>Andrea Mart\u00ednez<br \/>\n224 p\u00e1ginas<\/p>\n","protected":false},"featured_media":8025,"template":"","meta":{"_joinchat":[]},"product_brand":[],"product_cat":[41,70],"product_tag":[34],"class_list":{"0":"post-8024","1":"product","2":"type-product","3":"status-publish","4":"has-post-thumbnail","6":"product_cat-desarrollo-humano","7":"product_cat-novedades","8":"product_tag-penguin-random-house","10":"first","11":"instock","12":"shipping-taxable","13":"purchasable","14":"product-type-simple"},"_links":{"self":[{"href":"https:\/\/libreriahistoriasdebolsillo.com\/index.php\/wp-json\/wp\/v2\/product\/8024","targetHints":{"allow":["GET"]}}],"collection":[{"href":"https:\/\/libreriahistoriasdebolsillo.com\/index.php\/wp-json\/wp\/v2\/product"}],"about":[{"href":"https:\/\/libreriahistoriasdebolsillo.com\/index.php\/wp-json\/wp\/v2\/types\/product"}],"wp:featuredmedia":[{"embeddable":true,"href":"https:\/\/libreriahistoriasdebolsillo.com\/index.php\/wp-json\/wp\/v2\/media\/8025"}],"wp:attachment":[{"href":"https:\/\/libreriahistoriasdebolsillo.com\/index.php\/wp-json\/wp\/v2\/media?parent=8024"}],"wp:term":[{"taxonomy":"product_brand","embeddable":true,"href":"https:\/\/libreriahistoriasdebolsillo.com\/index.php\/wp-json\/wp\/v2\/product_brand?post=8024"},{"taxonomy":"product_cat","embeddable":true,"href":"https:\/\/libreriahistoriasdebolsillo.com\/index.php\/wp-json\/wp\/v2\/product_cat?post=8024"},{"taxonomy":"product_tag","embeddable":true,"href":"https:\/\/libreriahistoriasdebolsillo.com\/index.php\/wp-json\/wp\/v2\/product_tag?post=8024"}],"curies":[{"name":"wp","href":"https:\/\/api.w.org\/{rel}","templated":true}]}}