{"id":8028,"date":"2026-01-30T15:31:10","date_gmt":"2026-01-30T21:31:10","guid":{"rendered":"https:\/\/libreriahistoriasdebolsillo.com\/?post_type=product&#038;p=8028"},"modified":"2026-01-30T15:31:11","modified_gmt":"2026-01-30T21:31:11","slug":"1984-3","status":"publish","type":"product","link":"https:\/\/libreriahistoriasdebolsillo.com\/index.php\/producto\/1984-3\/","title":{"rendered":"1984"},"content":{"rendered":"<div class=\"justify\">\n<p><b>Una obra maestra sobre la rebeli\u00f3n y la prisi\u00f3n, donde la guerra es paz, la libertad es esclavitud y El Gran Hermano est\u00e1 observando&#8230;<\/b><\/p>\n<\/div>\n<div class=\"justify\">\n<p><b>\u00abNo creo que la sociedad que he descrito en 1984 necesariamente llegue a ser una realidad, pero s\u00ed creo que puede llegar a existir algo parecido\u00bb, escrib\u00eda Orwell despu\u00e9s de publicar su novela. Corr\u00eda el a\u00f1o 1948, y la realidad se ha encargado de convertir esa pieza -entonces de ciencia ficci\u00f3n- en un manifiesto de la realidad.<\/b><\/p>\n<p>En el a\u00f1o 1984 Londres es una ciudad l\u00fagubre en la que la Polic\u00eda del Pensamiento controla de forma asfixiante la vida de los ciudadanos. Winston Smith es un pe\u00f3n de este engranaje perverso y su cometido es reescribir la historia para adaptarla a lo que el Partido considera la versi\u00f3n oficial de los hechos. Hasta que decide replantearse la verdad del sistema que los gobierna y somete.<\/p>\n<\/div>\n","protected":false},"excerpt":{"rendered":"<p>George Orwell<br \/>\n408 p\u00e1ginas<\/p>\n","protected":false},"featured_media":8030,"template":"","meta":{"_joinchat":[]},"product_brand":[],"product_cat":[72,42],"product_tag":[34],"class_list":{"0":"post-8028","1":"product","2":"type-product","3":"status-publish","4":"has-post-thumbnail","6":"product_cat-distopico","7":"product_cat-literatura-clasica","8":"product_tag-penguin-random-house","10":"first","11":"instock","12":"shipping-taxable","13":"purchasable","14":"product-type-simple"},"_links":{"self":[{"href":"https:\/\/libreriahistoriasdebolsillo.com\/index.php\/wp-json\/wp\/v2\/product\/8028","targetHints":{"allow":["GET"]}}],"collection":[{"href":"https:\/\/libreriahistoriasdebolsillo.com\/index.php\/wp-json\/wp\/v2\/product"}],"about":[{"href":"https:\/\/libreriahistoriasdebolsillo.com\/index.php\/wp-json\/wp\/v2\/types\/product"}],"wp:featuredmedia":[{"embeddable":true,"href":"https:\/\/libreriahistoriasdebolsillo.com\/index.php\/wp-json\/wp\/v2\/media\/8030"}],"wp:attachment":[{"href":"https:\/\/libreriahistoriasdebolsillo.com\/index.php\/wp-json\/wp\/v2\/media?parent=8028"}],"wp:term":[{"taxonomy":"product_brand","embeddable":true,"href":"https:\/\/libreriahistoriasdebolsillo.com\/index.php\/wp-json\/wp\/v2\/product_brand?post=8028"},{"taxonomy":"product_cat","embeddable":true,"href":"https:\/\/libreriahistoriasdebolsillo.com\/index.php\/wp-json\/wp\/v2\/product_cat?post=8028"},{"taxonomy":"product_tag","embeddable":true,"href":"https:\/\/libreriahistoriasdebolsillo.com\/index.php\/wp-json\/wp\/v2\/product_tag?post=8028"}],"curies":[{"name":"wp","href":"https:\/\/api.w.org\/{rel}","templated":true}]}}