{"id":8034,"date":"2026-01-30T15:41:30","date_gmt":"2026-01-30T21:41:30","guid":{"rendered":"https:\/\/libreriahistoriasdebolsillo.com\/?post_type=product&#038;p=8034"},"modified":"2026-01-31T11:35:11","modified_gmt":"2026-01-31T17:35:11","slug":"ship-of-spells","status":"publish","type":"product","link":"https:\/\/libreriahistoriasdebolsillo.com\/index.php\/producto\/ship-of-spells\/","title":{"rendered":"Ship of spells"},"content":{"rendered":"<div class=\"justify\">\n<p><b>La obra perfecta para los lectores que anhelan la crudeza de Arya Stark, la construcci\u00f3n del mundo de Samantha Shannon y el slowburn con enemigos que nunca deber\u00edan quererse o confiar el uno en el otro.<\/b><\/p>\n<p><b>Drama, aventura y peligro.<\/b><\/p>\n<\/div>\n<div class=\"justify\">\n<p><b>****PRIMERA EDICI\u00d3N LIMITADA TAPA DURA CON CANTOS PINTADOS****<\/b><\/p>\n<p>Una magus marcada por la guerra. Una fragata consciente. Un secreto que podr\u00eda hundir imperios.<\/p>\n<p>Cuando rescatan a la Subteniente Azumagus Honor Renn de entre los restos de su primer puesto naval, solo espera la muerte o la desgracia. Sin embargo, se despierta a bordo de la Piedra Angular, una embarcaci\u00f3n legendaria de la que se habla en las baladas portuarias y en las salas de guerra reales por igual. Una tripulaci\u00f3n de inadaptados. Un capit\u00e1n \u00e9lfico y misterioso. Y una misi\u00f3n ligada a la Gran Barrera del Terror, el muro de agua agrietado que impide que Supramar e Inframar estallen en una guerra sin cuartel desde hace cientos de a\u00f1os.<\/p>\n<p>Pero la tragedia que hundi\u00f3 su \u00faltimo barco no solo se cobr\u00f3 vidas, sino que adem\u00e1s dej\u00f3 algo a su paso.<\/p>\n<p>Ahora Renn carga con un secreto que todo el mundo anhela. Una maxia quim\u00e9rica, arcana\u2026 y que poco a poco est\u00e1 quit\u00e1ndole la vida. Puede que la misi\u00f3n del capit\u00e1n sea su \u00fanica oportunidad para sobrevivir, incluso si \u00e9l a\u00fan no conf\u00eda en ella.<\/p>\n<p>Atrapada entre corsarios, pr\u00edncipes y esp\u00edas, Renn sabe que cada decisi\u00f3n que tome podr\u00eda hundir su futuro o incendiar el mar.<\/p>\n<\/div>\n","protected":false},"excerpt":{"rendered":"<p>H. Leighton Dickson<br \/>\n608 p\u00e1ginas<\/p>\n","protected":false},"featured_media":8035,"template":"","meta":{"_joinchat":[]},"product_brand":[],"product_cat":[39,70,76],"product_tag":[34],"class_list":{"0":"post-8034","1":"product","2":"type-product","3":"status-publish","4":"has-post-thumbnail","6":"product_cat-fantasia","7":"product_cat-novedades","8":"product_cat-romantasy","9":"product_tag-penguin-random-house","11":"first","12":"instock","13":"shipping-taxable","14":"purchasable","15":"product-type-simple"},"_links":{"self":[{"href":"https:\/\/libreriahistoriasdebolsillo.com\/index.php\/wp-json\/wp\/v2\/product\/8034","targetHints":{"allow":["GET"]}}],"collection":[{"href":"https:\/\/libreriahistoriasdebolsillo.com\/index.php\/wp-json\/wp\/v2\/product"}],"about":[{"href":"https:\/\/libreriahistoriasdebolsillo.com\/index.php\/wp-json\/wp\/v2\/types\/product"}],"wp:featuredmedia":[{"embeddable":true,"href":"https:\/\/libreriahistoriasdebolsillo.com\/index.php\/wp-json\/wp\/v2\/media\/8035"}],"wp:attachment":[{"href":"https:\/\/libreriahistoriasdebolsillo.com\/index.php\/wp-json\/wp\/v2\/media?parent=8034"}],"wp:term":[{"taxonomy":"product_brand","embeddable":true,"href":"https:\/\/libreriahistoriasdebolsillo.com\/index.php\/wp-json\/wp\/v2\/product_brand?post=8034"},{"taxonomy":"product_cat","embeddable":true,"href":"https:\/\/libreriahistoriasdebolsillo.com\/index.php\/wp-json\/wp\/v2\/product_cat?post=8034"},{"taxonomy":"product_tag","embeddable":true,"href":"https:\/\/libreriahistoriasdebolsillo.com\/index.php\/wp-json\/wp\/v2\/product_tag?post=8034"}],"curies":[{"name":"wp","href":"https:\/\/api.w.org\/{rel}","templated":true}]}}