{"id":8045,"date":"2026-02-04T16:59:23","date_gmt":"2026-02-04T22:59:23","guid":{"rendered":"https:\/\/libreriahistoriasdebolsillo.com\/?post_type=product&#038;p=8045"},"modified":"2026-02-04T17:01:16","modified_gmt":"2026-02-04T23:01:16","slug":"bridgerton-el-libro-oficial-para-colorear","status":"publish","type":"product","link":"https:\/\/libreriahistoriasdebolsillo.com\/index.php\/producto\/bridgerton-el-libro-oficial-para-colorear\/","title":{"rendered":"BRIDGERTON. EL LIBRO OFICIAL PARA COLOREAR"},"content":{"rendered":"<p>Con 75 ilustraciones originales, estos libros te invitan a llenar de color los incre\u00edbles momentos que han vuelto loca a la alta sociedad en los romances de \u00e9poca m\u00e1s exitosos de Shondaland y Netflix: Bridgerton y Queen Charlotte.<\/p>\n","protected":false},"excerpt":{"rendered":"<p>Con 75 ilustraciones originales, estos libros te invitan a llenar de color los incre\u00edbles momentos que han vuelto loca a la alta sociedad en los romances de \u00e9poca m\u00e1s exitosos de Shondaland y Netflix: Bridgerton y Queen Charlotte.<\/p>\n","protected":false},"featured_media":8046,"template":"","meta":{"_joinchat":[]},"product_brand":[],"product_cat":[50,70],"product_tag":[48],"class_list":{"0":"post-8045","1":"product","2":"type-product","3":"status-publish","4":"has-post-thumbnail","6":"product_cat-mandalas-y-libros-para-colorear","7":"product_cat-novedades","8":"product_tag-vr-editoras","10":"first","11":"instock","12":"shipping-taxable","13":"purchasable","14":"product-type-simple"},"_links":{"self":[{"href":"https:\/\/libreriahistoriasdebolsillo.com\/index.php\/wp-json\/wp\/v2\/product\/8045","targetHints":{"allow":["GET"]}}],"collection":[{"href":"https:\/\/libreriahistoriasdebolsillo.com\/index.php\/wp-json\/wp\/v2\/product"}],"about":[{"href":"https:\/\/libreriahistoriasdebolsillo.com\/index.php\/wp-json\/wp\/v2\/types\/product"}],"wp:featuredmedia":[{"embeddable":true,"href":"https:\/\/libreriahistoriasdebolsillo.com\/index.php\/wp-json\/wp\/v2\/media\/8046"}],"wp:attachment":[{"href":"https:\/\/libreriahistoriasdebolsillo.com\/index.php\/wp-json\/wp\/v2\/media?parent=8045"}],"wp:term":[{"taxonomy":"product_brand","embeddable":true,"href":"https:\/\/libreriahistoriasdebolsillo.com\/index.php\/wp-json\/wp\/v2\/product_brand?post=8045"},{"taxonomy":"product_cat","embeddable":true,"href":"https:\/\/libreriahistoriasdebolsillo.com\/index.php\/wp-json\/wp\/v2\/product_cat?post=8045"},{"taxonomy":"product_tag","embeddable":true,"href":"https:\/\/libreriahistoriasdebolsillo.com\/index.php\/wp-json\/wp\/v2\/product_tag?post=8045"}],"curies":[{"name":"wp","href":"https:\/\/api.w.org\/{rel}","templated":true}]}}