{"id":8050,"date":"2026-02-04T17:04:10","date_gmt":"2026-02-04T23:04:10","guid":{"rendered":"https:\/\/libreriahistoriasdebolsillo.com\/?post_type=product&#038;p=8050"},"modified":"2026-02-04T17:04:10","modified_gmt":"2026-02-04T23:04:10","slug":"canto-de-tormentos","status":"publish","type":"product","link":"https:\/\/libreriahistoriasdebolsillo.com\/index.php\/producto\/canto-de-tormentos\/","title":{"rendered":"Canto de tormentos"},"content":{"rendered":"<p>No hagas preguntas. Obedece las \u00f3rdenes. Y, por sobre todas las cosas, no ames a nadie. La princesa Aella naci\u00f3 sin vida. Pero el sacrificio de su madre torci\u00f3 su existencia y augur\u00f3 grandes cosas para su destino. Siendo solo una ni\u00f1a fue expulsada del Palacio de Los Tormentos y entregada al Aviario para ser moldeada como esp\u00eda. Como ladrona. Como P\u00e1jaro cantor. Ahora, tras a\u00f1os de entrenamiento, ha conseguido un lugar en la prestigiosa Bandada Alfa, dirigida por un viejo amor, Cuervo: leal, valiente y letal. Todo lo que a Aella le atrae. Pero en el Aviario amar est\u00e1 prohibido&#8230; Cuando tengan la peligrosa misi\u00f3n de infiltrarse en un reino enemigo para robar un arma escondida en el coraz\u00f3n de su corte, la princesa no solo deber\u00e1 lidiar con las expectativas puestas en ella y superar las pruebas que le garantizar\u00e1n la corona, sino tambi\u00e9n luchar contra esas chispas del pasado que comienzan a encenderse y amenazan con hacerla arder. Pero cuando todo resulte m\u00e1s oscuro y peligroso de lo que cre\u00eda, y comprenda que la victoria la har\u00e1 perder a Cuervo para siempre, deber\u00e1 tomar una decisi\u00f3n: obedecer las reglas o desafiarlas. En una corte llena de serpientes, le tocar\u00e1 convertirse en un ave de presa.<\/p>\n","protected":false},"excerpt":{"rendered":"<p>Braidee Otto<br \/>\n380 p\u00e1ginas<\/p>\n","protected":false},"featured_media":8051,"template":"","meta":{"_joinchat":[]},"product_brand":[],"product_cat":[70,76],"product_tag":[48],"class_list":{"0":"post-8050","1":"product","2":"type-product","3":"status-publish","4":"has-post-thumbnail","6":"product_cat-novedades","7":"product_cat-romantasy","8":"product_tag-vr-editoras","10":"first","11":"instock","12":"shipping-taxable","13":"purchasable","14":"product-type-simple"},"_links":{"self":[{"href":"https:\/\/libreriahistoriasdebolsillo.com\/index.php\/wp-json\/wp\/v2\/product\/8050","targetHints":{"allow":["GET"]}}],"collection":[{"href":"https:\/\/libreriahistoriasdebolsillo.com\/index.php\/wp-json\/wp\/v2\/product"}],"about":[{"href":"https:\/\/libreriahistoriasdebolsillo.com\/index.php\/wp-json\/wp\/v2\/types\/product"}],"wp:featuredmedia":[{"embeddable":true,"href":"https:\/\/libreriahistoriasdebolsillo.com\/index.php\/wp-json\/wp\/v2\/media\/8051"}],"wp:attachment":[{"href":"https:\/\/libreriahistoriasdebolsillo.com\/index.php\/wp-json\/wp\/v2\/media?parent=8050"}],"wp:term":[{"taxonomy":"product_brand","embeddable":true,"href":"https:\/\/libreriahistoriasdebolsillo.com\/index.php\/wp-json\/wp\/v2\/product_brand?post=8050"},{"taxonomy":"product_cat","embeddable":true,"href":"https:\/\/libreriahistoriasdebolsillo.com\/index.php\/wp-json\/wp\/v2\/product_cat?post=8050"},{"taxonomy":"product_tag","embeddable":true,"href":"https:\/\/libreriahistoriasdebolsillo.com\/index.php\/wp-json\/wp\/v2\/product_tag?post=8050"}],"curies":[{"name":"wp","href":"https:\/\/api.w.org\/{rel}","templated":true}]}}