{"id":8052,"date":"2026-02-04T17:06:26","date_gmt":"2026-02-04T23:06:26","guid":{"rendered":"https:\/\/libreriahistoriasdebolsillo.com\/?post_type=product&#038;p=8052"},"modified":"2026-04-23T12:57:25","modified_gmt":"2026-04-23T18:57:25","slug":"cumbres-borrascosas-cantos-pintados","status":"publish","type":"product","link":"https:\/\/libreriahistoriasdebolsillo.com\/index.php\/producto\/cumbres-borrascosas-cantos-pintados\/","title":{"rendered":"Cumbres borrascosas (cantos pintados)"},"content":{"rendered":"<p>Tras los muros de cumbres borrascosas, los vivos deben saldar deudas pendientes con los muertos que habitan sus sombras. En un paramos azotado por el viento, la llegada de un ni\u00f1o abandonado desencadena una historia de amor y destrucci\u00f3n con la que cargan varias generaciones, Catheline encuentra en Heatchcliff su parte salvaje, pero claudica ante el deber ser y \u00e9l elije el rencor y el odio para tomar lo que cree que le fue negado, Esta es una historia tan oscura como hipn\u00f3tica en la que la uni\u00f3n de estas dos almas atraviesan los limites de la realidad y la venganza tiene su propia voz.<\/p>\n","protected":false},"excerpt":{"rendered":"<p>Emily Bront\u00eb<br \/>\n416 p\u00e1ginas<\/p>\n","protected":false},"featured_media":8053,"template":"","meta":{"_joinchat":[]},"product_brand":[],"product_cat":[42,70],"product_tag":[48],"class_list":{"0":"post-8052","1":"product","2":"type-product","3":"status-publish","4":"has-post-thumbnail","6":"product_cat-literatura-clasica","7":"product_cat-novedades","8":"product_tag-vr-editoras","10":"first","11":"instock","12":"shipping-taxable","13":"purchasable","14":"product-type-simple"},"_links":{"self":[{"href":"https:\/\/libreriahistoriasdebolsillo.com\/index.php\/wp-json\/wp\/v2\/product\/8052","targetHints":{"allow":["GET"]}}],"collection":[{"href":"https:\/\/libreriahistoriasdebolsillo.com\/index.php\/wp-json\/wp\/v2\/product"}],"about":[{"href":"https:\/\/libreriahistoriasdebolsillo.com\/index.php\/wp-json\/wp\/v2\/types\/product"}],"wp:featuredmedia":[{"embeddable":true,"href":"https:\/\/libreriahistoriasdebolsillo.com\/index.php\/wp-json\/wp\/v2\/media\/8053"}],"wp:attachment":[{"href":"https:\/\/libreriahistoriasdebolsillo.com\/index.php\/wp-json\/wp\/v2\/media?parent=8052"}],"wp:term":[{"taxonomy":"product_brand","embeddable":true,"href":"https:\/\/libreriahistoriasdebolsillo.com\/index.php\/wp-json\/wp\/v2\/product_brand?post=8052"},{"taxonomy":"product_cat","embeddable":true,"href":"https:\/\/libreriahistoriasdebolsillo.com\/index.php\/wp-json\/wp\/v2\/product_cat?post=8052"},{"taxonomy":"product_tag","embeddable":true,"href":"https:\/\/libreriahistoriasdebolsillo.com\/index.php\/wp-json\/wp\/v2\/product_tag?post=8052"}],"curies":[{"name":"wp","href":"https:\/\/api.w.org\/{rel}","templated":true}]}}