{"id":8054,"date":"2026-02-04T17:09:29","date_gmt":"2026-02-04T23:09:29","guid":{"rendered":"https:\/\/libreriahistoriasdebolsillo.com\/?post_type=product&#038;p=8054"},"modified":"2026-04-16T18:10:04","modified_gmt":"2026-04-17T00:10:04","slug":"cuerpos-celestiales","status":"publish","type":"product","link":"https:\/\/libreriahistoriasdebolsillo.com\/index.php\/producto\/cuerpos-celestiales\/","title":{"rendered":"Cuerpos celestiales"},"content":{"rendered":"<p>En un mundo gobernado por las Estrellas \u2014dioses crueles y despiadados que todo lo controlan\u2014, Elara carga con una maldici\u00f3n: una profec\u00eda que asegura que se enamorar\u00e1 de una Estrella&#8230; y que ese amor los destruir\u00e1 a ambos. Cuando una de estas deidades desciende del cielo para arrasar su reino, Elara se ve obligada a huir y buscar refugio en el territorio enemigo. All\u00ed, contra todo pron\u00f3stico, acaba en manos del pr\u00edncipe rival, quien deber\u00e1 entrenarla para convertirla en un arma letal. Mientras profundiza en los secretos de su magia y descubre las mentiras que ocultan las Estrellas, Elara tambi\u00e9n empieza a cuestionar todo lo que cre\u00eda saber sobre su enemigo&#8230; y sobre s\u00ed misma. Porque dentro de ella crece algo oscuro y poderoso, una fuerza hecha de sombras y de noche que est\u00e1 lista para liberarse.<\/p>\n","protected":false},"excerpt":{"rendered":"<p>Imani Erriu<br \/>\n280 p\u00e1ginas<\/p>\n","protected":false},"featured_media":8055,"template":"","meta":{"_joinchat":[]},"product_brand":[],"product_cat":[70,76],"product_tag":[48],"class_list":{"0":"post-8054","1":"product","2":"type-product","3":"status-publish","4":"has-post-thumbnail","6":"product_cat-novedades","7":"product_cat-romantasy","8":"product_tag-vr-editoras","10":"first","11":"instock","12":"shipping-taxable","13":"purchasable","14":"product-type-simple"},"_links":{"self":[{"href":"https:\/\/libreriahistoriasdebolsillo.com\/index.php\/wp-json\/wp\/v2\/product\/8054","targetHints":{"allow":["GET"]}}],"collection":[{"href":"https:\/\/libreriahistoriasdebolsillo.com\/index.php\/wp-json\/wp\/v2\/product"}],"about":[{"href":"https:\/\/libreriahistoriasdebolsillo.com\/index.php\/wp-json\/wp\/v2\/types\/product"}],"wp:featuredmedia":[{"embeddable":true,"href":"https:\/\/libreriahistoriasdebolsillo.com\/index.php\/wp-json\/wp\/v2\/media\/8055"}],"wp:attachment":[{"href":"https:\/\/libreriahistoriasdebolsillo.com\/index.php\/wp-json\/wp\/v2\/media?parent=8054"}],"wp:term":[{"taxonomy":"product_brand","embeddable":true,"href":"https:\/\/libreriahistoriasdebolsillo.com\/index.php\/wp-json\/wp\/v2\/product_brand?post=8054"},{"taxonomy":"product_cat","embeddable":true,"href":"https:\/\/libreriahistoriasdebolsillo.com\/index.php\/wp-json\/wp\/v2\/product_cat?post=8054"},{"taxonomy":"product_tag","embeddable":true,"href":"https:\/\/libreriahistoriasdebolsillo.com\/index.php\/wp-json\/wp\/v2\/product_tag?post=8054"}],"curies":[{"name":"wp","href":"https:\/\/api.w.org\/{rel}","templated":true}]}}