{"id":8056,"date":"2026-02-04T17:12:07","date_gmt":"2026-02-04T23:12:07","guid":{"rendered":"https:\/\/libreriahistoriasdebolsillo.com\/?post_type=product&#038;p=8056"},"modified":"2026-02-04T17:12:07","modified_gmt":"2026-02-04T23:12:07","slug":"padre-1-padre-perdoname-porque-he-pecado-ed-tapa-dura-y-cantos-pintados","status":"publish","type":"product","link":"https:\/\/libreriahistoriasdebolsillo.com\/index.php\/producto\/padre-1-padre-perdoname-porque-he-pecado-ed-tapa-dura-y-cantos-pintados\/","title":{"rendered":"Padre 1. Padre, perd\u00f3name porque he pecado (Ed. tapa dura y cantos pintados)"},"content":{"rendered":"<p>Hay muchas reglas que un sacerdote no puede romper. Un sacerdote no se puede casar. Un sacerdote no puede abandonar a su reba\u00f1o. Un sacerdote no puede romper la sagrada confianza que su parroquia ha depositado en \u00e9l. Un sacerdote no puede abandonar a su Dios. Reglas que parecen obvias. Reglas por las que Tyler Bell prometi\u00f3 regir su vida tres a\u00f1os atr\u00e1s, despu\u00e9s de una tragedia familiar. Y siempre se le ha dado bien seguir las reglas. Hasta que apareci\u00f3 Poppy Danforth. Desde el momento en que escuch\u00f3 su deliciosa voz a trav\u00e9s de la pared del confesionario y no pudo quitarse sus pecados de la cabeza, supo que estaba perdido. Deber\u00eda ser f\u00e1cil para Tyler dejar de lado sus pensamientos impuros cuando su fe lo es todo. Pero una vez que pruebe el fruto prohibido, no podr\u00e1 evitar romper todas las reglas, aunque arda en el infierno por ello. Esta es su confesi\u00f3n.<\/p>\n","protected":false},"excerpt":{"rendered":"<p>Sierra Simone<br \/>\n303 p\u00e1ginas<\/p>\n","protected":false},"featured_media":8057,"template":"","meta":{"_joinchat":[]},"product_brand":[],"product_cat":[63,53,70],"product_tag":[48],"class_list":{"0":"post-8056","1":"product","2":"type-product","3":"status-publish","4":"has-post-thumbnail","6":"product_cat-dark-romance","7":"product_cat-erotica","8":"product_cat-novedades","9":"product_tag-vr-editoras","11":"first","12":"instock","13":"shipping-taxable","14":"purchasable","15":"product-type-simple"},"_links":{"self":[{"href":"https:\/\/libreriahistoriasdebolsillo.com\/index.php\/wp-json\/wp\/v2\/product\/8056","targetHints":{"allow":["GET"]}}],"collection":[{"href":"https:\/\/libreriahistoriasdebolsillo.com\/index.php\/wp-json\/wp\/v2\/product"}],"about":[{"href":"https:\/\/libreriahistoriasdebolsillo.com\/index.php\/wp-json\/wp\/v2\/types\/product"}],"wp:featuredmedia":[{"embeddable":true,"href":"https:\/\/libreriahistoriasdebolsillo.com\/index.php\/wp-json\/wp\/v2\/media\/8057"}],"wp:attachment":[{"href":"https:\/\/libreriahistoriasdebolsillo.com\/index.php\/wp-json\/wp\/v2\/media?parent=8056"}],"wp:term":[{"taxonomy":"product_brand","embeddable":true,"href":"https:\/\/libreriahistoriasdebolsillo.com\/index.php\/wp-json\/wp\/v2\/product_brand?post=8056"},{"taxonomy":"product_cat","embeddable":true,"href":"https:\/\/libreriahistoriasdebolsillo.com\/index.php\/wp-json\/wp\/v2\/product_cat?post=8056"},{"taxonomy":"product_tag","embeddable":true,"href":"https:\/\/libreriahistoriasdebolsillo.com\/index.php\/wp-json\/wp\/v2\/product_tag?post=8056"}],"curies":[{"name":"wp","href":"https:\/\/api.w.org\/{rel}","templated":true}]}}