{"id":8058,"date":"2026-02-04T17:14:25","date_gmt":"2026-02-04T23:14:25","guid":{"rendered":"https:\/\/libreriahistoriasdebolsillo.com\/?post_type=product&#038;p=8058"},"modified":"2026-02-04T17:14:25","modified_gmt":"2026-02-04T23:14:25","slug":"con-todo-mi-amor","status":"publish","type":"product","link":"https:\/\/libreriahistoriasdebolsillo.com\/index.php\/producto\/con-todo-mi-amor\/","title":{"rendered":"Con todo mi amor"},"content":{"rendered":"<p>\u00bfY SI LA PERSONA QUE M\u00c1S AMASTE A\u00daN FUERA TUYA? Riggins ha estado enamorado de Stella desde que tiene uso de raz\u00f3n. De ni\u00f1os, se escapaban por las noches para tumbarse bajo las estrellas, componer canciones, confiarse sus secretos m\u00e1s \u00edntimos y so\u00f1ar con dejar atr\u00e1s su peque\u00f1o pueblo. Cuando su banda consigue un contrato discogr\u00e1fico y una gira como cabeza de cartel, \u00e9l la convence para que lo acompa\u00f1e. Sin embargo, no pasa mucho tiempo antes de que Riggins se deje arrastrar por el estilo de vida de estrella del rock y todo empiece a desmoronarse, incluida su relaci\u00f3n. Cuando Stella se marcha sin decir una palabra y no vuelve la vista atr\u00e1s, \u00e9l se queda destrozado, perdido y sin entender nada. Hasta que descubre la verdad\u2026 Hace siete a\u00f1os, Stella se fue de gira con el amor de su infancia. Cuando todo se vino abajo, se rompi\u00f3 por dentro y, desde entonces, ha intentado recomponerse, construyendo una fachada que contente a todos mientras lucha por sobrevivir. Todo parece ir bien hasta que un d\u00eda Riggins aparece en la puerta de su casa, en su tranquilo pueblo de Ashford, Nueva Jersey, y hace estallar la burbuja de seguridad que tanto le ha costado crear. Ahora, ambos se ven obligados a reconstruir sus versiones del pasado y averiguar si todav\u00eda pueden caminar juntos.<\/p>\n","protected":false},"excerpt":{"rendered":"<p>Morgan Elizabeth<br \/>\n400 p\u00e1ginas<\/p>\n","protected":false},"featured_media":8059,"template":"","meta":{"_joinchat":[]},"product_brand":[],"product_cat":[70,35],"product_tag":[48],"class_list":{"0":"post-8058","1":"product","2":"type-product","3":"status-publish","4":"has-post-thumbnail","6":"product_cat-novedades","7":"product_cat-romantica","8":"product_tag-vr-editoras","10":"first","11":"instock","12":"shipping-taxable","13":"purchasable","14":"product-type-simple"},"_links":{"self":[{"href":"https:\/\/libreriahistoriasdebolsillo.com\/index.php\/wp-json\/wp\/v2\/product\/8058","targetHints":{"allow":["GET"]}}],"collection":[{"href":"https:\/\/libreriahistoriasdebolsillo.com\/index.php\/wp-json\/wp\/v2\/product"}],"about":[{"href":"https:\/\/libreriahistoriasdebolsillo.com\/index.php\/wp-json\/wp\/v2\/types\/product"}],"wp:featuredmedia":[{"embeddable":true,"href":"https:\/\/libreriahistoriasdebolsillo.com\/index.php\/wp-json\/wp\/v2\/media\/8059"}],"wp:attachment":[{"href":"https:\/\/libreriahistoriasdebolsillo.com\/index.php\/wp-json\/wp\/v2\/media?parent=8058"}],"wp:term":[{"taxonomy":"product_brand","embeddable":true,"href":"https:\/\/libreriahistoriasdebolsillo.com\/index.php\/wp-json\/wp\/v2\/product_brand?post=8058"},{"taxonomy":"product_cat","embeddable":true,"href":"https:\/\/libreriahistoriasdebolsillo.com\/index.php\/wp-json\/wp\/v2\/product_cat?post=8058"},{"taxonomy":"product_tag","embeddable":true,"href":"https:\/\/libreriahistoriasdebolsillo.com\/index.php\/wp-json\/wp\/v2\/product_tag?post=8058"}],"curies":[{"name":"wp","href":"https:\/\/api.w.org\/{rel}","templated":true}]}}